{"id":138,"date":"2022-01-09T16:29:00","date_gmt":"2022-01-09T16:29:00","guid":{"rendered":"http:\/\/doradcyrodzinie.pl\/?page_id=138"},"modified":"2022-01-09T19:37:38","modified_gmt":"2022-01-09T19:37:38","slug":"katechezy-przedmalzenskie","status":"publish","type":"page","link":"https:\/\/doradcyrodzinie.pl\/index.php\/dla-narzeczonych\/katechezy-przedmalzenskie\/","title":{"rendered":"Przygotowanie do ma\u0142\u017ce\u0144stwa"},"content":{"rendered":"\n<p><strong>PRZYGOTOWANIE DALSZE<\/strong><\/p>\n\n\n\n<p>Przygotowanie dalsze do ma\u0142\u017ce\u0144stwa rozpoczyna si\u0119 ju\u017c w okresie wczesnego dzieci\u0144stwa. Rodzina jest najwa\u017cniejszym \u015brodowiskiem dla kszta\u0142towania si\u0119 charakteru, dojrza\u0142ej woli i uczuciowo\u015bci oraz nabywania cn\u00f3t spo\u0142ecznych. Rodzice s\u0105 pierwszymi katechetami i nauczycielami wiary i \u017cycia, dlatego poprzez w\u0142asny przyk\u0142ad wdra\u017caj\u0105 swoje dzieci do postawy szacunku i mi\u0142o\u015bci do Boga i drugiego cz\u0142owieka, w\u0142a\u015bciwego prze\u017cywania p\u0142ciowo\u015bci, zwracaj\u0105c szczeg\u00f3ln\u0105 uwag\u0119 na warto\u015b\u0107 czysto\u015bci w ka\u017cdym stanie powo\u0142ania.<\/p>\n\n\n\n<div class=\"wp-block-image\"><figure class=\"alignright size-full\"><img loading=\"lazy\" decoding=\"async\" width=\"324\" height=\"194\" src=\"https:\/\/doradcyrodzinie.pl\/wp-content\/uploads\/2022\/01\/milosc-czy-milosc.jpg\" alt=\"\" class=\"wp-image-163\" srcset=\"https:\/\/doradcyrodzinie.pl\/wp-content\/uploads\/2022\/01\/milosc-czy-milosc.jpg 324w, https:\/\/doradcyrodzinie.pl\/wp-content\/uploads\/2022\/01\/milosc-czy-milosc-300x180.jpg 300w\" sizes=\"auto, (max-width: 324px) 100vw, 324px\" \/><\/figure><\/div>\n\n\n\n<p><strong>PRZYGOTOWANIE BLI\u017bSZE<\/strong><\/p>\n\n\n\n<p>Przygotowanie bli\u017csze do ma\u0142\u017ce\u0144stwa obejmuje m\u0142odzie\u017c od 16 roku \u017cycia do czasu narzecze\u0144stwa. Maj\u0105 na niego wp\u0142yw: wychowanie w szkole, oddzia\u0142ywanie katechetyczne, przynale\u017cno\u015b\u0107 do grup r\u00f3wie\u015bniczych. Jego nurtem formacyjnym jest przede wszystkim parafialna&nbsp;<strong>katecheza przedma\u0142\u017ce\u0144ska<\/strong>, kt\u00f3ra obowi\u0105zuje m\u0142odzie\u017c pozaszkoln\u0105, tj. tak\u0105, kt\u00f3ra uko\u0144czy\u0142a dany poziom edukacji lub zrezygnowa\u0142a z kontynuowania jej.<\/p>\n\n\n\n<p>Synod zaleca, aby w parafiach, w kt\u00f3rych liczba wiernych si\u0119ga powy\u017cej trzech tysi\u0119cy, katechez\u0119 przedma\u0142\u017ce\u0144sk\u0105 organizowa\u0107 tak cz\u0119sto, jak wymagaj\u0105 tego potrzeby lokalne, ale nie rzadziej ni\u017c raz do roku. W parafiach mniejszych mo\u017ce ona odbywa\u0107 si\u0119 co dwa lata. Informacje o odbywaj\u0105cym si\u0119 przygotowaniu do ma\u0142\u017ce\u0144stwa duszpasterze podaj\u0105 do wiadomo\u015bci wiernych w og\u0142oszeniach, a ponadto cz\u0119sto zamieszczane s\u0105 na sta\u0142e w przyko\u015bcielnej gablotce informacyjnej.<\/p>\n\n\n\n<p>Nikt nie powinien si\u0119 zwalnia\u0107 od uczestnictwa w katechezie przedma\u0142\u017ce\u0144skiej obejmuj\u0105cej 15 spotka\u0144 ewangelizacyjno &#8211; katechetycznych, wed\u0142ug obowi\u0105zuj\u0105cego programu diecezjalnego. M\u0142odzie\u017c akademicka i \u017co\u0142nierze odbywaj\u0105cy zasadnicz\u0105 s\u0142u\u017cb\u0119 wojskow\u0105, uczestnicz\u0105 w katechezie przedma\u0142\u017ce\u0144skiej w miejscu swojego pobytu. W wyj\u0105tkowych i uzasadnionych przypadkach duszpasterze s\u0105 zobowi\u0105zani w sumieniu do indywidualnego przygotowania kandydat\u00f3w do ma\u0142\u017ce\u0144stwa.<\/p>\n\n\n\n<p><strong>PRZYGOTOWANIE BEZPO\u015aREDNIE<\/strong><br>Przygotowanie bezpo\u015brednie do ma\u0142\u017ce\u0144stwa czyli<strong>&nbsp;katecheza przed\u015blubna&nbsp;<\/strong>realizuje si\u0119 pod kierunkiem w\u0142asnego proboszcza w parafii oraz w poradni \u017cycia rodzinnego. Wyra\u017anym znakiem dojrza\u0142o\u015bci tego etapu s\u0105 zar\u0119czyny, zawarte na oko\u0142o 6 miesi\u0119cy przed \u015blubem. W tym czasie, a ostatecznie przynajmniej na 3 miesi\u0105ce poprzedzaj\u0105ce zawarcie ma\u0142\u017ce\u0144stwa, konieczna jest katecheza przed\u015blubna dla narzeczonych. Odbywa si\u0119 ona w naszej archidiecezji w dekanalnych poradniach \u017cycia rodzinnego. Jednoczenie odbywaj\u0105ce si\u0119 spotkania w kancelarii parafialnej, maj\u0105 na celu sporz\u0105dzenie protoko\u0142u przed\u015blubnego, sprawdzenie stanu przygotowania do zawarcia ma\u0142\u017ce\u0144stwa oraz przygotowanie liturgiczne.<\/p>\n\n\n\n<div class=\"wp-block-image\"><figure class=\"alignleft size-full\"><img loading=\"lazy\" decoding=\"async\" width=\"400\" height=\"266\" src=\"https:\/\/doradcyrodzinie.pl\/wp-content\/uploads\/2022\/01\/narzeczeni2.jpg\" alt=\"\" class=\"wp-image-165\" srcset=\"https:\/\/doradcyrodzinie.pl\/wp-content\/uploads\/2022\/01\/narzeczeni2.jpg 400w, https:\/\/doradcyrodzinie.pl\/wp-content\/uploads\/2022\/01\/narzeczeni2-300x200.jpg 300w\" sizes=\"auto, (max-width: 400px) 100vw, 400px\" \/><\/figure><\/div>\n\n\n\n<p>Okres narzecze\u0144stwa jest ostatnim etapem dojrzewania wiary. Trzeba si\u0119 wi\u0119c du\u017co w tym czasie modli\u0107: o dobre rozeznanie i wyb\u00f3r. Momenty \u017cyciowych decyzji nie mog\u0105 by\u0107 improwizowane. Na zako\u0144czenie katechezy przed\u015blubnej narzeczeni powinni odnowi\u0107 si\u0119 duchowo, np. poprzez udzia\u0142 w dniu skupienia lub rekolekcjach zamkni\u0119tych, a przynajmniej przez dobrze przygotowan\u0105 i prze\u017cyt\u0105 spowied\u017a.<\/p>\n\n\n\n<p><strong>Dokumenty, kt\u00f3re nale\u017cy przed\u0142o\u017cy\u0107 ksi\u0119dzu proboszczowi w parafii&nbsp;jednego z narzeczonych:<\/strong><\/p>\n\n\n\n<p>1. \u015bwiadectwo chrztu (z adnotacj\u0105 o bierzmowaniu lub:),<br>2. \u015bwiadectwo bierzmowania,<br>3. \u015bwiadectwo uko\u0144czenia katechizacji w szko\u0142ach,<br>4. \u015bwiadectwo uko\u0144czenia katechezy przedma\u0142\u017ce\u0144skiej,<br>5. za\u015bwiadczenie uko\u0144czenia katechezy przed\u015blubnej,<br>6. po\u015bwiadczenie o odbyciu spowiedzi przed\u015blubnej,<br>7. za\u015bwiadczenie z USC o braku okoliczno\u015bci wy\u0142\u0105czaj\u0105cych zawarcie ma\u0142\u017ce\u0144stwa,<br>8. dyspens\u0119 Ordynariusza i zezwolenie s\u0105du opieku\u0144czego dla nieletnich (przed 18 rokiem \u017cycia)<\/p>\n\n\n\n<p>Uwaga: Dokumenty nr 1 i 7 powinny mie\u0107 dat\u0119 nie wcze\u015bniejsz\u0105 ni\u017c sprzed 3 miesi\u0119cy.<\/p>\n","protected":false},"excerpt":{"rendered":"<p>PRZYGOTOWANIE DALSZE Przygotowanie dalsze do ma\u0142\u017ce\u0144stwa rozpoczyna si\u0119 ju\u017c w okresie wczesnego dzieci\u0144stwa. Rodzina jest najwa\u017cniejszym \u015brodowiskiem dla kszta\u0142towania si\u0119 charakteru, dojrza\u0142ej woli i uczuciowo\u015bci oraz nabywania cn\u00f3t spo\u0142ecznych. Rodzice s\u0105 pierwszymi katechetami i nauczycielami wiary i \u017cycia, dlatego poprzez w\u0142asny przyk\u0142ad wdra\u017caj\u0105 swoje dzieci do postawy szacunku i mi\u0142o\u015bci do Boga i drugiego cz\u0142owieka, [&hellip;]<\/p>\n","protected":false},"author":1,"featured_media":0,"parent":135,"menu_order":1,"comment_status":"closed","ping_status":"closed","template":"","meta":{"footnotes":""},"class_list":["post-138","page","type-page","status-publish","hentry"],"_links":{"self":[{"href":"https:\/\/doradcyrodzinie.pl\/index.php\/wp-json\/wp\/v2\/pages\/138","targetHints":{"allow":["GET"]}}],"collection":[{"href":"https:\/\/doradcyrodzinie.pl\/index.php\/wp-json\/wp\/v2\/pages"}],"about":[{"href":"https:\/\/doradcyrodzinie.pl\/index.php\/wp-json\/wp\/v2\/types\/page"}],"author":[{"embeddable":true,"href":"https:\/\/doradcyrodzinie.pl\/index.php\/wp-json\/wp\/v2\/users\/1"}],"replies":[{"embeddable":true,"href":"https:\/\/doradcyrodzinie.pl\/index.php\/wp-json\/wp\/v2\/comments?post=138"}],"version-history":[{"count":3,"href":"https:\/\/doradcyrodzinie.pl\/index.php\/wp-json\/wp\/v2\/pages\/138\/revisions"}],"predecessor-version":[{"id":166,"href":"https:\/\/doradcyrodzinie.pl\/index.php\/wp-json\/wp\/v2\/pages\/138\/revisions\/166"}],"up":[{"embeddable":true,"href":"https:\/\/doradcyrodzinie.pl\/index.php\/wp-json\/wp\/v2\/pages\/135"}],"wp:attachment":[{"href":"https:\/\/doradcyrodzinie.pl\/index.php\/wp-json\/wp\/v2\/media?parent=138"}],"curies":[{"name":"wp","href":"https:\/\/api.w.org\/{rel}","templated":true}]}}