{"id":143,"date":"2022-01-09T16:56:11","date_gmt":"2022-01-09T16:56:11","guid":{"rendered":"http:\/\/doradcyrodzinie.pl\/?page_id=143"},"modified":"2022-01-09T16:56:12","modified_gmt":"2022-01-09T16:56:12","slug":"dla-malzonkow","status":"publish","type":"page","link":"https:\/\/doradcyrodzinie.pl\/index.php\/dla-malzonkow\/","title":{"rendered":"Dla ma\u0142\u017conk\u00f3w"},"content":{"rendered":"\n<div class=\"wp-block-image\"><figure class=\"aligncenter size-full\"><img loading=\"lazy\" decoding=\"async\" width=\"400\" height=\"213\" src=\"https:\/\/doradcyrodzinie.pl\/wp-content\/uploads\/2022\/01\/JPII-malzenstwo.jpg\" alt=\"\" class=\"wp-image-144\" srcset=\"https:\/\/doradcyrodzinie.pl\/wp-content\/uploads\/2022\/01\/JPII-malzenstwo.jpg 400w, https:\/\/doradcyrodzinie.pl\/wp-content\/uploads\/2022\/01\/JPII-malzenstwo-300x160.jpg 300w\" sizes=\"auto, (max-width: 400px) 100vw, 400px\" \/><\/figure><\/div>\n\n\n\n<p><\/p>\n","protected":false},"excerpt":{"rendered":"","protected":false},"author":1,"featured_media":0,"parent":0,"menu_order":0,"comment_status":"closed","ping_status":"closed","template":"","meta":{"footnotes":""},"class_list":["post-143","page","type-page","status-publish","hentry"],"_links":{"self":[{"href":"https:\/\/doradcyrodzinie.pl\/index.php\/wp-json\/wp\/v2\/pages\/143","targetHints":{"allow":["GET"]}}],"collection":[{"href":"https:\/\/doradcyrodzinie.pl\/index.php\/wp-json\/wp\/v2\/pages"}],"about":[{"href":"https:\/\/doradcyrodzinie.pl\/index.php\/wp-json\/wp\/v2\/types\/page"}],"author":[{"embeddable":true,"href":"https:\/\/doradcyrodzinie.pl\/index.php\/wp-json\/wp\/v2\/users\/1"}],"replies":[{"embeddable":true,"href":"https:\/\/doradcyrodzinie.pl\/index.php\/wp-json\/wp\/v2\/comments?post=143"}],"version-history":[{"count":1,"href":"https:\/\/doradcyrodzinie.pl\/index.php\/wp-json\/wp\/v2\/pages\/143\/revisions"}],"predecessor-version":[{"id":145,"href":"https:\/\/doradcyrodzinie.pl\/index.php\/wp-json\/wp\/v2\/pages\/143\/revisions\/145"}],"wp:attachment":[{"href":"https:\/\/doradcyrodzinie.pl\/index.php\/wp-json\/wp\/v2\/media?parent=143"}],"curies":[{"name":"wp","href":"https:\/\/api.w.org\/{rel}","templated":true}]}}