{"id":161,"date":"2022-01-09T19:23:12","date_gmt":"2022-01-09T19:23:12","guid":{"rendered":"http:\/\/doradcyrodzinie.pl\/?page_id=161"},"modified":"2022-01-21T17:49:28","modified_gmt":"2022-01-21T17:49:28","slug":"wazne-sprawy","status":"publish","type":"page","link":"https:\/\/doradcyrodzinie.pl\/index.php\/dla-narzeczonych\/wazne-sprawy\/","title":{"rendered":"Wa\u017cne sprawy"},"content":{"rendered":"\n<p><strong>Kursy przedma\u0142\u017ce\u0144skie oferowane przez portal nauki.pl nie s\u0105 respektowane w Archidiecezji Krakowskiej ani w innych diecezjach w Polsce. Wydzia\u0142 Duszpasterstwa Rodzin Kurii Metropolitalnej nie wsp\u00f3\u0142pracuje z Fundacj\u0105 Rodzinn\u0105.<\/strong><\/p>\n\n\n\n<p><strong>\u015awiadectwa wydawane przez Fundacj\u0119 Rodzinn\u0105 nie s\u0105 dokumentem, kt\u00f3ry zostanie zaakceptowany w kancelarii parafialnej. Od 1 stycznia 2020 r. w Archidiecezji Krakowskiej obowi\u0105zuje nowy formularz.&nbsp;<\/strong><\/p>\n\n\n\n<p>Przypominamy o\u015bwiadczenie&nbsp;&nbsp;<em>Przewodnicz\u0105cego Rady ds. Rodziny KEP w sprawie platformy internetowej nauki.pl<\/em><\/p>\n\n\n\n<p><em>W zwi\u0105zku z tym, \u017ce pojawiaj\u0105 si\u0119 grupy os\u00f3b, kt\u00f3re pr\u00f3buj\u0105 oferowa\u0107 narzeczonym przygotowanie do zawarcia sakramentu ma\u0142\u017ce\u0144stwa w formie r\u00f3\u017cnych warsztat\u00f3w i kurs\u00f3w internetowych Rada ds. Rodziny Konferencji Episkopatu Polski przypomina, \u017ce zgodnie<\/em><br><em>z ustaleniami Dyrektorium Duszpasterstwa Rodzin przyj\u0119tym podczas 322. Zebrania Plenarnego Konferencji Episkopatu Polski w Warszawie dnia 1 maja 2003 roku osoby, kt\u00f3re prowadz\u0105 katechezy, przedma\u0142\u017ce\u0144skie b\u0105d\u017a katechezy przed\u015blubne powinny posiada\u0107 misj\u0119 kanoniczn\u0105, a tre\u015bci przekazywane podczas warsztat\u00f3w imprimatur Biskupa Diecezjalnego.<\/em><br><em>Szczeg\u00f3lny niepok\u00f3j duszpasterzy budz\u0105 ostatnio \u015brodowiska zebrane wok\u00f3\u0142 platformy internetowej nauki.pl, kt\u00f3re pr\u00f3buj\u0105 oferowa\u0107 swoje kursy wy\u0142\u0105cznie przez Internet. Praktyka taka jest sprzeczna z obowi\u0105zuj\u0105cymi metodami prowadzenia katechezy i uniemo\u017cliwia narzeczonym, w okresie przygotowania do ma\u0142\u017ce\u0144stwa, bezpo\u015bredni kontakt<\/em><br><em>z kap\u0142anem i Doradcami \u017bycia Rodzinnego.<\/em><br><em>\u015arodowisko to nie uzyska\u0142o imprimatur \u017cadnego Biskupa na przekazywanie tre\u015bci zawartych w naukach internetowych. W zwi\u0105zku z tym, certyfikaty uko\u0144czenia internetowych nauk przedma\u0142\u017ce\u0144skich, nie mog\u0105 by\u0107 w \u017cadnym razie podstaw\u0105 do zaliczenia katechez przedma\u0142\u017ce\u0144skich czy przed\u015blubnych, obowi\u0105zuj\u0105cych w Ko\u015bciele w Polsce.<\/em><br><em>Prosimy o przekazanie tej informacji Czcigodnym Ksi\u0119\u017com Proboszczom.<\/em><\/p>\n\n\n\n<p>W imieniu Rady ds. Rodziny KEP<br>Bp Jan W\u0105troba<br>Biskup rzeszowski<\/p>\n\n\n\n<p>Za: Komisja ds. Rodziny KEP Krajowy O\u015brodek Duszpasterstwa Rodzin<br>Biuletyn nr 2 z 30 czerwca 2014 r.<\/p>\n","protected":false},"excerpt":{"rendered":"<p>Kursy przedma\u0142\u017ce\u0144skie oferowane przez portal nauki.pl nie s\u0105 respektowane w Archidiecezji Krakowskiej ani w innych diecezjach w Polsce. Wydzia\u0142 Duszpasterstwa Rodzin Kurii Metropolitalnej nie wsp\u00f3\u0142pracuje z Fundacj\u0105 Rodzinn\u0105. \u015awiadectwa wydawane przez Fundacj\u0119 Rodzinn\u0105 nie s\u0105 dokumentem, kt\u00f3ry zostanie zaakceptowany w kancelarii parafialnej. Od 1 stycznia 2020 r. w Archidiecezji Krakowskiej obowi\u0105zuje nowy formularz.&nbsp; Przypominamy o\u015bwiadczenie&nbsp;&nbsp;Przewodnicz\u0105cego [&hellip;]<\/p>\n","protected":false},"author":1,"featured_media":0,"parent":135,"menu_order":5,"comment_status":"closed","ping_status":"closed","template":"","meta":{"footnotes":""},"class_list":["post-161","page","type-page","status-publish","hentry"],"_links":{"self":[{"href":"https:\/\/doradcyrodzinie.pl\/index.php\/wp-json\/wp\/v2\/pages\/161","targetHints":{"allow":["GET"]}}],"collection":[{"href":"https:\/\/doradcyrodzinie.pl\/index.php\/wp-json\/wp\/v2\/pages"}],"about":[{"href":"https:\/\/doradcyrodzinie.pl\/index.php\/wp-json\/wp\/v2\/types\/page"}],"author":[{"embeddable":true,"href":"https:\/\/doradcyrodzinie.pl\/index.php\/wp-json\/wp\/v2\/users\/1"}],"replies":[{"embeddable":true,"href":"https:\/\/doradcyrodzinie.pl\/index.php\/wp-json\/wp\/v2\/comments?post=161"}],"version-history":[{"count":2,"href":"https:\/\/doradcyrodzinie.pl\/index.php\/wp-json\/wp\/v2\/pages\/161\/revisions"}],"predecessor-version":[{"id":231,"href":"https:\/\/doradcyrodzinie.pl\/index.php\/wp-json\/wp\/v2\/pages\/161\/revisions\/231"}],"up":[{"embeddable":true,"href":"https:\/\/doradcyrodzinie.pl\/index.php\/wp-json\/wp\/v2\/pages\/135"}],"wp:attachment":[{"href":"https:\/\/doradcyrodzinie.pl\/index.php\/wp-json\/wp\/v2\/media?parent=161"}],"curies":[{"name":"wp","href":"https:\/\/api.w.org\/{rel}","templated":true}]}}