{"id":171,"date":"2022-01-09T19:54:23","date_gmt":"2022-01-09T19:54:23","guid":{"rendered":"http:\/\/doradcyrodzinie.pl\/?page_id=171"},"modified":"2022-01-09T19:55:23","modified_gmt":"2022-01-09T19:55:23","slug":"spotkania-malzenskie","status":"publish","type":"page","link":"https:\/\/doradcyrodzinie.pl\/index.php\/dla-malzonkow\/spotkania-malzenskie\/","title":{"rendered":"Spotkania ma\u0142\u017ce\u0144skie"},"content":{"rendered":"\n<div class=\"wp-block-image\"><figure class=\"aligncenter size-full\"><img loading=\"lazy\" decoding=\"async\" width=\"225\" height=\"300\" src=\"https:\/\/doradcyrodzinie.pl\/wp-content\/uploads\/2022\/01\/aktualnosci-225x300-1.png\" alt=\"\" class=\"wp-image-173\"\/><figcaption><strong>Wi\u0119cej informacji na stronie: <\/strong><a href=\"http:\/\/www.spotkaniamalzenskie.pl\" target=\"_blank\" rel=\"noreferrer noopener\">http:\/\/www.spotkaniamalzenskie.pl<\/a><\/figcaption><\/figure><\/div>\n","protected":false},"excerpt":{"rendered":"","protected":false},"author":1,"featured_media":0,"parent":143,"menu_order":3,"comment_status":"closed","ping_status":"closed","template":"","meta":{"footnotes":""},"class_list":["post-171","page","type-page","status-publish","hentry"],"_links":{"self":[{"href":"https:\/\/doradcyrodzinie.pl\/index.php\/wp-json\/wp\/v2\/pages\/171","targetHints":{"allow":["GET"]}}],"collection":[{"href":"https:\/\/doradcyrodzinie.pl\/index.php\/wp-json\/wp\/v2\/pages"}],"about":[{"href":"https:\/\/doradcyrodzinie.pl\/index.php\/wp-json\/wp\/v2\/types\/page"}],"author":[{"embeddable":true,"href":"https:\/\/doradcyrodzinie.pl\/index.php\/wp-json\/wp\/v2\/users\/1"}],"replies":[{"embeddable":true,"href":"https:\/\/doradcyrodzinie.pl\/index.php\/wp-json\/wp\/v2\/comments?post=171"}],"version-history":[{"count":2,"href":"https:\/\/doradcyrodzinie.pl\/index.php\/wp-json\/wp\/v2\/pages\/171\/revisions"}],"predecessor-version":[{"id":175,"href":"https:\/\/doradcyrodzinie.pl\/index.php\/wp-json\/wp\/v2\/pages\/171\/revisions\/175"}],"up":[{"embeddable":true,"href":"https:\/\/doradcyrodzinie.pl\/index.php\/wp-json\/wp\/v2\/pages\/143"}],"wp:attachment":[{"href":"https:\/\/doradcyrodzinie.pl\/index.php\/wp-json\/wp\/v2\/media?parent=171"}],"curies":[{"name":"wp","href":"https:\/\/api.w.org\/{rel}","templated":true}]}}