{"id":177,"date":"2022-01-09T20:06:36","date_gmt":"2022-01-09T20:06:36","guid":{"rendered":"http:\/\/doradcyrodzinie.pl\/?page_id=177"},"modified":"2025-01-25T22:15:18","modified_gmt":"2025-01-25T22:15:18","slug":"audycje-dla-malzonkow","status":"publish","type":"page","link":"https:\/\/doradcyrodzinie.pl\/index.php\/dla-malzonkow\/audycje-dla-malzonkow\/","title":{"rendered":"Audycje dla ma\u0142\u017conk\u00f3w"},"content":{"rendered":"\n<p class=\"has-medium-font-size\"><mark style=\"background-color:rgba(0, 0, 0, 0)\" class=\"has-inline-color has-vivid-red-color\">AUDYCJE DLA MA\u0141\u017bONK\u00d3W I RODZIC\u00d3W<\/mark><\/p>\n\n\n\n<p class=\"has-medium-font-size\"><mark style=\"background-color:rgba(0, 0, 0, 0)\" class=\"has-inline-color has-vivid-red-color\">w Radiu Maryja we wtorki o <strong>21:30<\/strong><\/mark><\/p>\n\n\n\n<p>07.01&nbsp; <strong>Wypalenie rodzicielskie. Zadania i wyzwania rodzic<\/strong><strong>\u00f3w.<\/strong><\/p>\n\n\n\n<p>&nbsp;&nbsp;&nbsp;&nbsp;&nbsp;&nbsp;&nbsp;&nbsp;&nbsp;&nbsp;&nbsp;&nbsp;&nbsp;&nbsp; Anna i Janusz Wi\u015bniewscy, rodzice 7 dzieci z edukacj\u0105 domow\u0105, Anna psycholog pracuj\u0105cy<\/p>\n\n\n\n<p>&nbsp;&nbsp;&nbsp;&nbsp;&nbsp;&nbsp;&nbsp;&nbsp;&nbsp;&nbsp;&nbsp;&nbsp;&nbsp;&nbsp; z dzie\u0107mi i rodzicami<\/p>\n\n\n\n<p>14.01&nbsp; <strong>Ma<\/strong><strong>\u0142\u017ce\u0144stwo i rodzina jako \u017ar\u00f3d\u0142o szcz\u0119\u015bcia.<\/strong><\/p>\n\n\n\n<p>&nbsp;&nbsp;&nbsp;&nbsp;&nbsp;&nbsp;&nbsp;&nbsp;&nbsp;&nbsp;&nbsp;&nbsp;&nbsp;&nbsp; dr Jacek Pulikowski, zaanga\u017cowany w dzia\u0142alno\u015b\u0107 Duszpasterstwa Rodzin, autor ksi\u0105\u017cek o tematyce ma\u0142\u017ce\u0144skiej<strong>&nbsp;&nbsp;&nbsp;&nbsp;&nbsp;&nbsp;&nbsp;&nbsp;&nbsp;&nbsp;&nbsp;&nbsp;&nbsp;&nbsp;&nbsp;&nbsp;&nbsp;&nbsp;&nbsp;&nbsp;&nbsp;&nbsp;&nbsp;&nbsp;&nbsp;&nbsp;&nbsp;&nbsp;&nbsp;&nbsp;&nbsp;&nbsp;&nbsp;&nbsp;&nbsp;&nbsp;&nbsp;&nbsp;&nbsp; <\/strong>&nbsp;&nbsp;&nbsp;&nbsp;&nbsp;&nbsp;&nbsp;&nbsp;&nbsp;&nbsp;&nbsp;<\/p>\n\n\n\n<p>21.01&nbsp; <strong>Bo<\/strong><strong>\u017ca apteka przywraca cz\u0142owiekowi zdrowie.<\/strong><\/p>\n\n\n\n<p>&nbsp;&nbsp;&nbsp;&nbsp;&nbsp;&nbsp;&nbsp;&nbsp;&nbsp;&nbsp;&nbsp;&nbsp;&nbsp;&nbsp; Zbigniew Tomasz Nowak, znawca ro\u015blin leczniczych, autor ksi\u0105\u017cek &nbsp;&nbsp;&nbsp;&nbsp;&nbsp;&nbsp;&nbsp;&nbsp;&nbsp;&nbsp;&nbsp;&nbsp;&nbsp;&nbsp;&nbsp;&nbsp;&nbsp;&nbsp;&nbsp;&nbsp;&nbsp;&nbsp;&nbsp;&nbsp;&nbsp;&nbsp;&nbsp;&nbsp;&nbsp;&nbsp;&nbsp;&nbsp;&nbsp;&nbsp;&nbsp;&nbsp;&nbsp;&nbsp;&nbsp;&nbsp;&nbsp;&nbsp;&nbsp;&nbsp;&nbsp;&nbsp; &nbsp;&nbsp;<\/p>\n\n\n\n<p>28.01&nbsp; <strong>O przezwyci\u0119\u017caniu kryzys\u00f3w w ma\u0142\u017ce\u0144stwie<\/strong><strong>.<\/strong><\/p>\n\n\n\n<p>&nbsp;&nbsp;&nbsp;&nbsp;&nbsp;&nbsp;&nbsp;&nbsp;&nbsp;&nbsp;&nbsp;&nbsp;&nbsp;&nbsp; Irena i Jerzy Grzybowscy, za\u0142o\u017cyciele ruchu rekolekcyjnego \u201eSpotkania Ma\u0142\u017ce\u0144skie\u201d, Jerzy jest &nbsp;&nbsp;&nbsp; cz\u0142onkiem rady programowej Og\u00f3lnopolskiej Rady Ruch\u00f3w Katolickich oraz autorem wielu ksi\u0105\u017cek  o tematyce ma\u0142\u017ce\u0144skiej.<\/p>\n\n\n\n<p>04.02&nbsp; <strong>Medialna atrakcyjno<\/strong><strong>\u015b\u0107 neopoga\u0144stwa w przekazach dla dzieci i m\u0142odzie\u017cy.<\/strong><\/p>\n\n\n\n<p>&nbsp;&nbsp;&nbsp;&nbsp;&nbsp;&nbsp;&nbsp;&nbsp;&nbsp;&nbsp;&nbsp;&nbsp;&nbsp;&nbsp; dr Ma\u0142gorzata Wi\u0119czkowska, pedagog, prowadzi szkolenia w zakresie edukacji medialnej&nbsp;&nbsp;&nbsp;&nbsp;&nbsp;&nbsp;<\/p>\n\n\n\n<p>11.02&nbsp; <strong>Rola sakrament\u00f3w \u015bw. w \u017cyciu Rodziny.<\/strong><\/p>\n\n\n\n<p>\u00a0\u00a0\u00a0\u00a0\u00a0\u00a0\u00a0\u00a0\u00a0\u00a0\u00a0\u00a0\u00a0\u00a0 s. Urszula K\u0142usek, pallotynka, wieloletnia katechetka, autorka ksi\u0105\u017cek o tematyce religijnej i wychowawczej, wyk\u0142adowca katechetyki w Gda\u0144skim Seminarium Duchownym, za\u0142o\u017cy\u0142a i prowadzi Wsp\u00f3lnot\u0119 Hioba<\/p>\n\n\n\n<p>18.02&nbsp; <strong>Pu<\/strong><strong>\u0142apki na drodze rozwoju duchowego.<\/strong><\/p>\n\n\n\n<p>&nbsp;&nbsp;&nbsp;&nbsp;&nbsp;&nbsp;&nbsp;&nbsp;&nbsp;&nbsp;&nbsp;&nbsp;&nbsp;&nbsp; br. dr Piotr Kwiatek, zakonnik Krakowskiej Prowincji Braci Mniejszych Kapucyn\u00f3w, psycholog, psychoterapeuta, rekolekcjonista, wyk\u0142adowca, &nbsp;&nbsp;&nbsp;&nbsp;&nbsp;&nbsp;&nbsp;&nbsp;&nbsp; &nbsp;&nbsp;&nbsp;&nbsp;&nbsp;&nbsp;&nbsp;&nbsp;&nbsp;&nbsp;&nbsp;&nbsp;&nbsp;&nbsp;&nbsp;&nbsp;&nbsp;&nbsp;&nbsp;&nbsp;&nbsp;&nbsp;&nbsp;&nbsp;&nbsp;&nbsp;&nbsp;&nbsp;&nbsp;&nbsp;&nbsp;&nbsp;&nbsp;&nbsp;&nbsp;&nbsp;&nbsp;&nbsp;&nbsp;&nbsp;&nbsp;&nbsp;&nbsp;&nbsp;&nbsp;&nbsp;&nbsp;&nbsp;&nbsp;&nbsp;&nbsp;&nbsp;&nbsp;&nbsp;&nbsp;&nbsp;&nbsp;&nbsp; &nbsp;&nbsp;&nbsp;&nbsp;&nbsp;&nbsp;&nbsp;&nbsp;&nbsp;&nbsp;&nbsp;&nbsp;&nbsp;&nbsp;&nbsp;&nbsp;&nbsp;&nbsp;&nbsp;&nbsp;&nbsp;&nbsp;&nbsp;&nbsp;&nbsp;<\/p>\n\n\n\n<p>25.02&nbsp; <strong>Wsparcie Hospicjum Perinatalnego w utracie dziecka w okresie oko\u0142oporodowym.<\/strong><\/p>\n\n\n\n<p>&nbsp;&nbsp;&nbsp;&nbsp;&nbsp;&nbsp;&nbsp;&nbsp;&nbsp;&nbsp;&nbsp;&nbsp;&nbsp;&nbsp; dr n. zdr. Agnieszka Kardziejonek, koordynator wsparcia HP JESTEM, po\u0142o\u017cna, doradca laktacyjny, specjalista piel\u0119gniarstwa po\u0142o\u017cniczo \u2013 ginekologicznego, dr n. med. Iwona Rawicka, specjalista  po\u0142o\u017cnik- ginekolog, konsultant medyczny NaProTECHNOLOGY, mgr Agnieszka Wodzy\u0144ska, familiolog, psychoonkolog w praktyce klinicznej, Fundacja Donum Vitae, ks.Tomasz Ceniuch, delegat   ds.Duszpasterstwa Rodzic\u00f3w po Stracie Dzieci w Archidiecezji Szczeci\u0144sko-Kamie\u0144skiej,&nbsp;&nbsp;&nbsp;&nbsp;&nbsp;&nbsp;&nbsp;&nbsp;&nbsp;<\/p>\n\n\n\n<p>04.03&nbsp; <strong>Czy wstyd si<\/strong><strong>\u0119 wstydzi\u0107?<\/strong><\/p>\n\n\n\n<p><strong>&nbsp;&nbsp;&nbsp;&nbsp;&nbsp;&nbsp;&nbsp;&nbsp;&nbsp;&nbsp;&nbsp;&nbsp;&nbsp;&nbsp; <\/strong>dr Henryk Jarosiewicz, psycholog, terapeuta, wyk\u0142adowca z \u017con\u0105<\/p>\n\n\n\n<p>11.03&nbsp; <strong>Jak to dobrze mie\u0107 dzieci !<\/strong><\/p>\n\n\n\n<p><strong>&nbsp;&nbsp;&nbsp;&nbsp;&nbsp;&nbsp;&nbsp;&nbsp;&nbsp;&nbsp;&nbsp;&nbsp;&nbsp;&nbsp; <\/strong>Robert Ko\u015bciuszko, m\u0105\u017c i ojciec, powie\u015bciopisarz, wydawca katolicki&nbsp;&nbsp;&nbsp;&nbsp;&nbsp;&nbsp;&nbsp;&nbsp; &nbsp;&nbsp;&nbsp;&nbsp;&nbsp;&nbsp;&nbsp;&nbsp;&nbsp;&nbsp;&nbsp;&nbsp;&nbsp;&nbsp;&nbsp;&nbsp;&nbsp;&nbsp;&nbsp;&nbsp;&nbsp;&nbsp;&nbsp;&nbsp;&nbsp;&nbsp;&nbsp;&nbsp;&nbsp;&nbsp;&nbsp;&nbsp;&nbsp;&nbsp;&nbsp; &nbsp;&nbsp;<\/p>\n\n\n\n<p>18.03&nbsp; <strong>Adopcja darem mi\u0142o\u015bci!<\/strong><\/p>\n\n\n\n<p><strong>&nbsp;&nbsp;&nbsp;&nbsp;&nbsp;&nbsp;&nbsp;&nbsp;&nbsp;&nbsp;&nbsp;&nbsp;&nbsp;&nbsp; <\/strong>Zofia D\u0142utek, dyr. Katolickiego O\u015brodka Adopcyjnego w Warszawie&nbsp;&nbsp;&nbsp;&nbsp;&nbsp;&nbsp;&nbsp;&nbsp;&nbsp;&nbsp;&nbsp;&nbsp;&nbsp;&nbsp;&nbsp;&nbsp;&nbsp;&nbsp;&nbsp;&nbsp;&nbsp;&nbsp;&nbsp;&nbsp;&nbsp;&nbsp;&nbsp;&nbsp;&nbsp;&nbsp;&nbsp;&nbsp;&nbsp;&nbsp;&nbsp;&nbsp;&nbsp;&nbsp;&nbsp;&nbsp;&nbsp;&nbsp;&nbsp;&nbsp;&nbsp;&nbsp;&nbsp;<\/p>\n\n\n\n<p>25.03&nbsp; <strong>\u015a<\/strong><strong>wi\u0119to\u015b\u0107 \u017cycia od pocz\u0119cia do naturalnej \u015bmierci w pos\u0142udze lekarza.<\/strong><\/p>\n\n\n\n<p>&nbsp;&nbsp;&nbsp;&nbsp;&nbsp;&nbsp;&nbsp;&nbsp;&nbsp;&nbsp;&nbsp;&nbsp;&nbsp;&nbsp; dr n.med. Aleksandra Kici\u0144ska, spec. chor\u00f3b wewn. i spec. immunologii klinicznej i rozrodu,razem z m\u0119\u017cem Krzysztofem, dr n. med. prowadz\u0105 Klinik\u0119 Leczenia Niep\u0142odno\u015bci IN VIVO<\/p>\n\n\n\n<p>01.04&nbsp; <strong>Definicja m\u0105dro\u015bci i g\u0142upoty w oczach Bo\u017cych i w oczach ludzkich.<\/strong><\/p>\n\n\n\n<p>&nbsp;&nbsp;&nbsp;&nbsp;&nbsp;&nbsp;&nbsp;&nbsp;&nbsp;&nbsp;&nbsp;&nbsp;&nbsp;&nbsp; ks.dr Mariusz Terka, wyk\u0142adowca patrologii w Wy\u017cszym Instytucie Teologicznym w Cz\u0119stochowie, Ma\u0142gorzata Nawrocka, pisarka, dziennikarka, pedagog, organizator i prelegent sympozj\u00f3w n\/t przemian we wsp\u00f3\u0142czesnej kulturze i zagro\u017ce\u0144 duchowych z m\u0119\u017cem Markiem, wydawc\u0105&nbsp;&nbsp;&nbsp;&nbsp;&nbsp;&nbsp;&nbsp;<\/p>\n\n\n\n<p>08.04&nbsp; <strong>Czy rozumiesz swoje dziecko?<\/strong><\/p>\n\n\n\n<p><strong>&nbsp;&nbsp;&nbsp;&nbsp;&nbsp;&nbsp;&nbsp;&nbsp;&nbsp;&nbsp;&nbsp; O problemach komunikacji mi\u0119dzypokoleniowej.<\/strong><\/p>\n\n\n\n<p><strong>&nbsp;&nbsp;&nbsp;&nbsp;&nbsp;&nbsp;&nbsp;&nbsp;&nbsp;&nbsp;&nbsp;&nbsp;&nbsp;&nbsp; <\/strong>dr hab.Grzegorz Grochowski, teolog, pedagog, wyk\u0142adowca na Akademii Katolickiej w&nbsp; W-wie<\/p>\n\n\n\n<p>15.04&nbsp; <strong>Kryzys ma\u0142\u017ce\u0144ski. Jak sobie radzi\u0107 z nieuniknionym?<\/strong><\/p>\n\n\n\n<p><strong>&nbsp;&nbsp;&nbsp;&nbsp;&nbsp;&nbsp;&nbsp;&nbsp;&nbsp;&nbsp;&nbsp;&nbsp;&nbsp;&nbsp; <\/strong>Anna i Jaros\u0142aw Synak, Diecezjalni Doradcy \u017bycia Rodzinnego<\/p>\n\n\n\n<p>22.04&nbsp; <strong>Pos\u0142uga ma\u0142\u017conk\u00f3w we wsp\u00f3lnocie parafialnej &nbsp;&nbsp;&nbsp;&nbsp;<\/strong><\/p>\n\n\n\n<p><strong>&nbsp;&nbsp;&nbsp;&nbsp;&nbsp;&nbsp;&nbsp;&nbsp;&nbsp;&nbsp; <\/strong>ks. \u0141ukasz Skar\u017cy\u0144ski, proboszcz par p\/w \u015aw. Andrzeja Aposto\u0142a w Toruniu<strong>&nbsp;&nbsp;&nbsp;&nbsp;&nbsp;&nbsp;&nbsp;&nbsp;<\/strong><\/p>\n\n\n\n<p class=\"has-vivid-red-color has-text-color has-medium-font-size\">Jeste\u015bmy na Facebooku: funpage \u201eAudycje dla ma\u0142\u017conk\u00f3w i rodzic\u00f3w\u201d<\/p>\n\n\n\n<p class=\"has-vivid-red-color has-text-color has-medium-font-size\">Audycje archiwalne na stronie&nbsp; www.radiomaryja.pl<\/p>\n\n\n\n<p class=\"has-vivid-red-color has-text-color has-medium-font-size\">pod zak\u0142adk\u0105: Audycje \u2013 Audycje dla ma\u0142\u017conk\u00f3w<\/p>\n\n\n\n<p>&nbsp;&nbsp;&nbsp;&nbsp;&nbsp;&nbsp;&nbsp;&nbsp;&nbsp;&nbsp;&nbsp;&nbsp;&nbsp;&nbsp;&nbsp;&nbsp;&nbsp;&nbsp;&nbsp;&nbsp;&nbsp;&nbsp;&nbsp;&nbsp;<\/p>\n","protected":false},"excerpt":{"rendered":"<p>AUDYCJE DLA MA\u0141\u017bONK\u00d3W I RODZIC\u00d3W w Radiu Maryja we wtorki o 21:30 07.01&nbsp; Wypalenie rodzicielskie. Zadania i wyzwania rodzic\u00f3w. &nbsp;&nbsp;&nbsp;&nbsp;&nbsp;&nbsp;&nbsp;&nbsp;&nbsp;&nbsp;&nbsp;&nbsp;&nbsp;&nbsp; Anna i Janusz Wi\u015bniewscy, rodzice 7 dzieci z edukacj\u0105 domow\u0105, Anna psycholog pracuj\u0105cy &nbsp;&nbsp;&nbsp;&nbsp;&nbsp;&nbsp;&nbsp;&nbsp;&nbsp;&nbsp;&nbsp;&nbsp;&nbsp;&nbsp; z dzie\u0107mi i rodzicami 14.01&nbsp; Ma\u0142\u017ce\u0144stwo i rodzina jako \u017ar\u00f3d\u0142o szcz\u0119\u015bcia. &nbsp;&nbsp;&nbsp;&nbsp;&nbsp;&nbsp;&nbsp;&nbsp;&nbsp;&nbsp;&nbsp;&nbsp;&nbsp;&nbsp; dr Jacek Pulikowski, zaanga\u017cowany w dzia\u0142alno\u015b\u0107 Duszpasterstwa Rodzin, autor [&hellip;]<\/p>\n","protected":false},"author":1,"featured_media":0,"parent":143,"menu_order":4,"comment_status":"closed","ping_status":"closed","template":"","meta":{"footnotes":""},"class_list":["post-177","page","type-page","status-publish","hentry"],"_links":{"self":[{"href":"https:\/\/doradcyrodzinie.pl\/index.php\/wp-json\/wp\/v2\/pages\/177","targetHints":{"allow":["GET"]}}],"collection":[{"href":"https:\/\/doradcyrodzinie.pl\/index.php\/wp-json\/wp\/v2\/pages"}],"about":[{"href":"https:\/\/doradcyrodzinie.pl\/index.php\/wp-json\/wp\/v2\/types\/page"}],"author":[{"embeddable":true,"href":"https:\/\/doradcyrodzinie.pl\/index.php\/wp-json\/wp\/v2\/users\/1"}],"replies":[{"embeddable":true,"href":"https:\/\/doradcyrodzinie.pl\/index.php\/wp-json\/wp\/v2\/comments?post=177"}],"version-history":[{"count":14,"href":"https:\/\/doradcyrodzinie.pl\/index.php\/wp-json\/wp\/v2\/pages\/177\/revisions"}],"predecessor-version":[{"id":759,"href":"https:\/\/doradcyrodzinie.pl\/index.php\/wp-json\/wp\/v2\/pages\/177\/revisions\/759"}],"up":[{"embeddable":true,"href":"https:\/\/doradcyrodzinie.pl\/index.php\/wp-json\/wp\/v2\/pages\/143"}],"wp:attachment":[{"href":"https:\/\/doradcyrodzinie.pl\/index.php\/wp-json\/wp\/v2\/media?parent=177"}],"curies":[{"name":"wp","href":"https:\/\/api.w.org\/{rel}","templated":true}]}}