{"id":211,"date":"2022-01-18T20:57:27","date_gmt":"2022-01-18T20:57:27","guid":{"rendered":"http:\/\/doradcyrodzinie.pl\/?page_id=211"},"modified":"2022-01-18T22:03:52","modified_gmt":"2022-01-18T22:03:52","slug":"adopcja","status":"publish","type":"page","link":"https:\/\/doradcyrodzinie.pl\/index.php\/dla-malzonkow\/adopcja\/","title":{"rendered":"Adopcja"},"content":{"rendered":"\n<p>Adopcyjny alfabet &#8211; <a rel=\"noreferrer noopener\" href=\"https:\/\/www.csr.org.pl\/archidiecezjalny-osrodek-adopcyjny\/adopcyjny-alfabet#aside\" data-type=\"URL\" data-id=\"https:\/\/www.csr.org.pl\/archidiecezjalny-osrodek-adopcyjny\/adopcyjny-alfabet#aside\" target=\"_blank\">wi\u0119cej informacji tutaj<\/a><\/p>\n\n\n\n<div class=\"wp-block-image\"><figure class=\"aligncenter size-full\"><img loading=\"lazy\" decoding=\"async\" width=\"275\" height=\"183\" src=\"https:\/\/doradcyrodzinie.pl\/wp-content\/uploads\/2022\/01\/rece.jpg\" alt=\"\" class=\"wp-image-212\"\/><\/figure><\/div>\n\n\n\n<p class=\"has-text-color has-medium-font-size\" style=\"color:#0614e5\"><strong>Stowarzyszenie Katolickich O\u015brodk\u00f3w Adopcyjnych<\/strong><\/p>\n\n\n\n<p><\/p>\n\n\n\n<p><strong>O\u015brodek Adopcyjny Caritas Diecezji Bydgoskiej im. \u015bw. Jana Paw\u0142a II<\/strong><\/p>\n\n\n\n<p>85-109 Bydgoszcz, ul. Grod<strong>zka 22<\/strong><\/p>\n\n\n\n<p>tel. 52 375-36-05<\/p>\n\n\n\n<p><\/p>\n\n\n\n<p><strong>Diecezjalny O\u015brodek Adopcyjno-Opieku\u0144czy<\/strong><\/p>\n\n\n\n<p>87-100 Toru\u0144, Plac Frelichowskiego 1<\/p>\n\n\n\n<p>tel. 56 652-26-26<\/p>\n\n\n\n<p><\/p>\n\n\n\n<p><strong>Katolicki O\u015brodek Adopcyjny i Opieku\u0144czy<\/strong><\/p>\n\n\n\n<p>45-005 Opole, Plac Katedralny 4<\/p>\n\n\n\n<p>tel. 77 441-99-05<\/p>\n\n\n\n<p><\/p>\n\n\n\n<p><strong>Diecezjalny O\u015brodek Adopcyjny<\/strong><\/p>\n\n\n\n<p>41-200 Sosnowiec, ul. Skaut\u00f3w 1<\/p>\n\n\n\n<p>tel. 32 269-51-70<\/p>\n\n\n\n<p><\/p>\n\n\n\n<p><strong>Archidiecezjalny O\u015brodek Adopcyjny<\/strong><\/p>\n\n\n\n<p>50-328 Wroc\u0142aw, ul. Katedralna 4\/12<\/p>\n\n\n\n<p>tel. 71 327-11-03<\/p>\n\n\n\n<p><\/p>\n\n\n\n<p><strong>O\u015brodek Adopcyjny Stowarzyszenia Rodzin Katolickich<\/strong><\/p>\n\n\n\n<p>70-383 Szczecin, ul. Mickiewicza 3<\/p>\n\n\n\n<p>tel. 91 442-50-85<\/p>\n\n\n\n<p><\/p>\n\n\n\n<p><strong>Katolicki O\u015brodek Adopcyjny przy Caritas Diecezji Radomskiej<\/strong><\/p>\n\n\n\n<p>26-604 Radom, ul. Ko\u015bcielna 5<\/p>\n\n\n\n<p>tel. 48 385-15-34<\/p>\n\n\n\n<p><\/p>\n\n\n\n<p><strong>Archidiecezjalny O\u015brodek Adopcyjny<\/strong><\/p>\n\n\n\n<p>93-162 \u0141\u00f3d\u017a, ul. Broniewskiego 1a<\/p>\n\n\n\n<p>tel. 42 682-18-88<\/p>\n\n\n\n<p><\/p>\n\n\n\n<p><strong>Katolicki O\u015brodek Adopcyjny<\/strong><\/p>\n\n\n\n<p>03-461 Warszawa, ul. Ratuszowa 5<\/p>\n\n\n\n<p>tel. 22 618-92-45<\/p>\n\n\n\n<p><\/p>\n\n\n\n<p><strong>O\u015brodek Adopcyjny Dzie\u0142o Pomocy Dzieciom<\/strong><\/p>\n\n\n\n<p>31-124 Krak\u00f3w, ul. Rajska 10<\/p>\n\n\n\n<p>tel. 12-631-03-00,<\/p>\n","protected":false},"excerpt":{"rendered":"<p>Adopcyjny alfabet &#8211; wi\u0119cej informacji tutaj Stowarzyszenie Katolickich O\u015brodk\u00f3w Adopcyjnych O\u015brodek Adopcyjny Caritas Diecezji Bydgoskiej im. \u015bw. Jana Paw\u0142a II 85-109 Bydgoszcz, ul. Grodzka 22 tel. 52 375-36-05 Diecezjalny O\u015brodek Adopcyjno-Opieku\u0144czy 87-100 Toru\u0144, Plac Frelichowskiego 1 tel. 56 652-26-26 Katolicki O\u015brodek Adopcyjny i Opieku\u0144czy 45-005 Opole, Plac Katedralny 4 tel. 77 441-99-05 Diecezjalny O\u015brodek Adopcyjny [&hellip;]<\/p>\n","protected":false},"author":1,"featured_media":0,"parent":143,"menu_order":0,"comment_status":"closed","ping_status":"closed","template":"","meta":{"footnotes":""},"class_list":["post-211","page","type-page","status-publish","hentry"],"_links":{"self":[{"href":"https:\/\/doradcyrodzinie.pl\/index.php\/wp-json\/wp\/v2\/pages\/211","targetHints":{"allow":["GET"]}}],"collection":[{"href":"https:\/\/doradcyrodzinie.pl\/index.php\/wp-json\/wp\/v2\/pages"}],"about":[{"href":"https:\/\/doradcyrodzinie.pl\/index.php\/wp-json\/wp\/v2\/types\/page"}],"author":[{"embeddable":true,"href":"https:\/\/doradcyrodzinie.pl\/index.php\/wp-json\/wp\/v2\/users\/1"}],"replies":[{"embeddable":true,"href":"https:\/\/doradcyrodzinie.pl\/index.php\/wp-json\/wp\/v2\/comments?post=211"}],"version-history":[{"count":4,"href":"https:\/\/doradcyrodzinie.pl\/index.php\/wp-json\/wp\/v2\/pages\/211\/revisions"}],"predecessor-version":[{"id":224,"href":"https:\/\/doradcyrodzinie.pl\/index.php\/wp-json\/wp\/v2\/pages\/211\/revisions\/224"}],"up":[{"embeddable":true,"href":"https:\/\/doradcyrodzinie.pl\/index.php\/wp-json\/wp\/v2\/pages\/143"}],"wp:attachment":[{"href":"https:\/\/doradcyrodzinie.pl\/index.php\/wp-json\/wp\/v2\/media?parent=211"}],"curies":[{"name":"wp","href":"https:\/\/api.w.org\/{rel}","templated":true}]}}