{"id":225,"date":"2022-01-21T17:41:55","date_gmt":"2022-01-21T17:41:55","guid":{"rendered":"http:\/\/doradcyrodzinie.pl\/?page_id=225"},"modified":"2022-01-22T20:42:20","modified_gmt":"2022-01-22T20:42:20","slug":"blogoslawienstwo-narzeczonych","status":"publish","type":"page","link":"https:\/\/doradcyrodzinie.pl\/index.php\/dla-narzeczonych\/blogoslawienstwo-narzeczonych\/","title":{"rendered":"B\u0142ogos\u0142awie\u0144stwo narzeczonych"},"content":{"rendered":"\n<p class=\"has-medium-font-size\"><strong>B\u0142ogos\u0142awie\u0144stwo Rodzic\u00f3w \u2013 w&nbsp;jaki spos\u00f3b pob\u0142ogos\u0142awi\u0107 M\u0142odych przed&nbsp;\u015blubem?<\/strong><\/p>\n\n\n\n<div class=\"wp-block-image\"><figure class=\"alignright size-full is-resized\"><img loading=\"lazy\" decoding=\"async\" src=\"https:\/\/doradcyrodzinie.pl\/wp-content\/uploads\/2022\/01\/blogosl3.jpeg\" alt=\"\" class=\"wp-image-296\" width=\"321\" height=\"214\" srcset=\"https:\/\/doradcyrodzinie.pl\/wp-content\/uploads\/2022\/01\/blogosl3.jpeg 960w, https:\/\/doradcyrodzinie.pl\/wp-content\/uploads\/2022\/01\/blogosl3-300x200.jpeg 300w, https:\/\/doradcyrodzinie.pl\/wp-content\/uploads\/2022\/01\/blogosl3-768x513.jpeg 768w\" sizes=\"auto, (max-width: 321px) 100vw, 321px\" \/><\/figure><\/div>\n\n\n\n<p class=\"has-medium-font-size\">Wed\u0142ug tradycji b\u0142ogos\u0142awie\u0144stwo odbywa si\u0119 w&nbsp;domu rodzinnym Panny M\u0142odej. Jest ono chyba najbardziej symbolicznym wydarzeniem w&nbsp;dniu \u015blubu.<br>B\u0142ogos\u0142awie\u0144stwo Boga to&nbsp;wsparcie, jakiego Stw\u00f3rca udziela swemu stworzeniu. B\u0142ogos\u0142awie\u0144stwo pochodzi od&nbsp;Boga \u2013 nawet je\u015bli tymi, kt\u00f3rzy&nbsp;je&nbsp;wypowiadaj\u0105, s\u0105&nbsp;ludzie. Dar Bo\u017cego b\u0142ogos\u0142awie\u0144stwa oznacza pomy\u015blno\u015b\u0107 i&nbsp;rozw\u00f3j, \u017cycie w&nbsp;pokoju i&nbsp;pe\u0142ni, i&nbsp;to&nbsp;zar\u00f3wno w&nbsp;wymiarze materialnym, jak i&nbsp;duchowym.<\/p>\n\n\n\n<p class=\"has-medium-font-size\">Przez&nbsp;otrzymanie b\u0142ogos\u0142awie\u0144stwa Rodzic\u00f3w, Nowo\u017ce\u0144cy rozpoczynaj\u0105 swoj\u0105 wsp\u00f3ln\u0105 now\u0105 drog\u0119. B\u0142ogos\u0142awie\u0144stwo to&nbsp;najcz\u0119\u015bciej ogromne prze\u017cycie przede wszystkim dla Rodzic\u00f3w. Co&nbsp;powiedzie\u0107 swoim dzieciom w&nbsp;tym szczeg\u00f3lnym momencie, wchodz\u0105cym na&nbsp;now\u0105 drog\u0119 \u017cycia podpowiemy poni\u017cej, zamieszczaj\u0105c materia\u0142 zebrany w&nbsp;sieci. B\u0142ogos\u0142awie\u0144stwo Rodzic\u00f3w dla M\u0142odej Pary to&nbsp;nie&nbsp;tylko&nbsp;pi\u0119kny zwyczaj polskiej tradycji. Osoby wierz\u0105ce wiedz\u0105, jak wa\u017cnym wydarzeniem jest rodzicielskie b\u0142ogos\u0142awie\u0144stwo. Wa\u017cnym nawet dla tych, kt\u00f3rych&nbsp;wiara jest s\u0142absza. S\u0142owa wypowiadane przez&nbsp;Rodzic\u00f3w wp\u0142ywaj\u0105 na&nbsp;ca\u0142e ich ma\u0142\u017ce\u0144stwo. Rodzice b\u0142ogos\u0142awi\u0105 M\u0142odej Parze, by&nbsp;B\u00f3g mia\u0142 ich w&nbsp;swojej opiece, by&nbsp;Matka Bo\u017ca wstawia\u0142a si\u0119 za&nbsp;nimi, by&nbsp;\u015bwi\u0119ci patroni o&nbsp;nich nie&nbsp;zapomnieli\u2026<\/p>\n\n\n\n<p class=\"has-medium-font-size\"><strong>Moc rodzicielskiego b\u0142ogos\u0142awie\u0144stwa<\/strong><\/p>\n\n\n\n<div class=\"wp-block-image\"><figure class=\"alignleft size-full\"><img loading=\"lazy\" decoding=\"async\" width=\"275\" height=\"183\" src=\"https:\/\/doradcyrodzinie.pl\/wp-content\/uploads\/2022\/01\/blogosl2.jpeg\" alt=\"\" class=\"wp-image-295\"\/><\/figure><\/div>\n\n\n\n<p class=\"has-medium-font-size\">Rodzice s\u0105&nbsp;na&nbsp;og\u00f3\u0142 bardzo przychylnie nastawieni do&nbsp;ma\u0142\u017ce\u0144stwa swych dzieci i&nbsp;z&nbsp;regu\u0142y \u017cycz\u0105 im&nbsp;jak najlepiej. Dobrze jednak, by&nbsp;te&nbsp;\u017cyczenia wypowiedzieli w&nbsp;formie b\u0142ogos\u0142awie\u0144stwa \u2013 bowiem samo domniemanie rodzicielskiej \u017cyczliwo\u015bci b\u0142ogos\u0142awie\u0144stwa nie&nbsp;zast\u0105pi. Zdarzaj\u0105 si\u0119 niestety przypadki inne, gdy&nbsp;rodzice obawiaj\u0105 si\u0119 o&nbsp;wyb\u00f3r swych dzieci i&nbsp;woleliby, by&nbsp;si\u0119 nie&nbsp;wi\u0105za\u0142y. Wtedy M\u0142oda Para powinna tym bardziej prosi\u0107, domaga\u0107 si\u0119, rodzicielskiego b\u0142ogos\u0142awie\u0144stwa. I&nbsp;powinno ono nast\u0105pi\u0107 w&nbsp;odpowiedni spos\u00f3b \u2013 w&nbsp;ka\u017cdym razie nie&nbsp;tylko&nbsp;w&nbsp;formie \u017cycze\u0144 sk\u0142adanych po&nbsp;ceremonii \u015blubu.<\/p>\n\n\n\n<p class=\"has-medium-font-size\">Na&nbsp;wag\u0119 rodzicielskiego b\u0142ogos\u0142awie\u0144stwa dla M\u0142odej Pary szczeg\u00f3lnie mocno zwracaj\u0105 uwag\u0119 ksi\u0119\u017ca egzorcy\u015bci. Podkre\u015blaj\u0105 bowiem, jak cz\u0119sto maj\u0105 do&nbsp;czynienia z&nbsp;op\u0119taniami ludzi i&nbsp;ma\u0142\u017ce\u0144stw, kt\u00f3rych&nbsp;rodzice nie&nbsp;pob\u0142ogos\u0142awili, a&nbsp;przeciwnie, kt\u00f3re przekl\u0119li. Moc rodzicielskiego b\u0142ogos\u0142awie\u0144stwa jest tak&nbsp;du\u017ca, poniewa\u017c pokrewie\u0144stwo mi\u0119dzy rodzicami i&nbsp;dzie\u0107mi jest tak&nbsp;bliskie. Wreszcie \u2013 dla os\u00f3b bior\u0105cych \u015blub w&nbsp;Ko\u015bciele, czyli tych, kt\u00f3re wi\u0105\u017c\u0105 si\u0119 przed&nbsp;Bogiem \u2013 Bo\u017ce b\u0142ogos\u0142awie\u0144stwo po&nbsp;prostu powinno by\u0107 istotne\u2026<\/p>\n\n\n\n<p class=\"has-medium-font-size\"><strong>Krzy\u017cyk, kropid\u0142o, kwiaty<\/strong><\/p>\n\n\n\n<p class=\"has-medium-font-size\">B\u0142ogos\u0142awie\u0144stwo M\u0142odej Pary powinno mie\u0107 miejsce w&nbsp;domu rodzinnym jednego z&nbsp;przysz\u0142ych ma\u0142\u017conk\u00f3w, najcz\u0119\u015bciej Panny M\u0142odej lub \u2013 w&nbsp;przypadku ceremonii organizowanej poza miejscem zamieszkana, np.&nbsp;w&nbsp;hotelu, czyli zanim M\u0142oda Para uda si\u0119 na&nbsp;miejsce \u015blubu. Powinni by\u0107 obecni oboje rodzice ze&nbsp;strony Panny M\u0142odej jak i&nbsp;Pana M\u0142odego, wszyscy od\u015bwi\u0119tnie ubrani i&nbsp;gotowi ju\u017c na&nbsp;\u015blub. Mog\u0105 by\u0107 tak\u017ce obecni chrzestni M\u0142odej Pary, nawet rodze\u0144stwo i&nbsp;ka\u017cdy z&nbsp;nich mo\u017ce udzieli\u0107 b\u0142ogos\u0142awie\u0144stwa. Wa\u017cne jest tak\u017ce, by&nbsp;i&nbsp;miejsce b\u0142ogos\u0142awie\u0144stwa by\u0142o odpowiednie, tak\u017ce \u0142adne, najlepiej po&nbsp;prostu przygotowane specjalnie na&nbsp;t\u0119&nbsp;okazj\u0119. Na&nbsp;stole przykrytym czystym obrusem postawi\u0107 nale\u017cy pasyjk\u0119, przy niej wod\u0119 \u015bwi\u0119con\u0105 i&nbsp;kropid\u0142o, a&nbsp;tak\u017ce kwiaty. Niekiedy M\u0142oda Para zamawia nawet u&nbsp;kwiaciarzy dodatkowy niewielki bukiecik \u015blubny w\u0142a\u015bnie do&nbsp;udekorowania sto\u0142u na&nbsp;czas b\u0142ogos\u0142awie\u0144stwa.<\/p>\n\n\n\n<p class=\"has-medium-font-size\"><strong>B\u0105d\u017acie szcz\u0119\u015bliwi i&nbsp;\u017cyjcie w&nbsp;pokoju<\/strong><\/p>\n\n\n\n<p class=\"has-medium-font-size\">B\u0142ogos\u0142awie\u0144stwo Rodzic\u00f3w nie&nbsp;jest skodyfikowane, tote\u017c Rodzice i&nbsp;M\u0142oda Para maj\u0105 pewn\u0105 swobod\u0119 wyboru formy, w&nbsp;jakiej ono nast\u0105pi. Niekiedy M\u0142oda Para kl\u0119ka przed&nbsp;Rodzicami prosz\u0105c o&nbsp;b\u0142ogos\u0142awie\u0144stwo \u2013 po&nbsp;prostu m\u00f3wi\u0105c: \u201eprosimy Was o&nbsp;b\u0142ogos\u0142awie\u0144stwo\u201d \u2013 mo\u017cna jednak podczas tej&nbsp;pro\u015bby tak\u017ce sta\u0107. Rodzice, ka\u017cdy po&nbsp;kolei, powinni wypowiedzie\u0107 s\u0142owa b\u0142ogos\u0142awie\u0144stwa, kt\u00f3re mog\u0105 brzmie\u0107 np.: \u201eNa now\u0105 drog\u0119 \u017cycia b\u0142ogos\u0142awi\u0119 was w&nbsp;imi\u0119 Ojca i&nbsp;Syna, i&nbsp;Ducha \u015awi\u0119tego. Amen. B\u0105d\u017acie szcz\u0119\u015bliwi i&nbsp;\u017cyjcie w&nbsp;pokoju\u201d. Mo\u017cna jednak pob\u0142ogos\u0142awi\u0107 M\u0142odych w&nbsp;prostszy spos\u00f3b: \u201eNiech B\u00f3g wam b\u0142ogos\u0142awi, Matka Bo\u017ca otacza opiek\u0105, by\u015bcie mieli szcz\u0119\u015bliw\u0105 rodzin\u0119 i&nbsp;d\u0142ugie \u017cycie\u201d.<\/p>\n\n\n\n<p class=\"has-medium-font-size\">Podczas \u017cycze\u0144 Rodzice mog\u0105 uczyni\u0107 na&nbsp;czole dzieci znak krzy\u017ca. I&nbsp;na&nbsp;pewno powinni to&nbsp;zrobi\u0107, gdy&nbsp;b\u0142ogos\u0142awie\u0144stwo odbywa si\u0119 poza domem, gdzie nie&nbsp;ma&nbsp;ani pasyjki ani wody \u015bwi\u0119conej. Natomiast podczas b\u0142ogos\u0142awie\u0144stwa w&nbsp;domu, po&nbsp;wypowiedzeniu formu\u0142y, Rodzice powinni poda\u0107 M\u0142odej Parze do&nbsp;uca\u0142owania krzy\u017cyk i&nbsp;pokropi\u0107 wod\u0105 \u015bwi\u0119con\u0105. Rodzicielskie b\u0142ogos\u0142awie\u0144stwo jest bardzo wzruszaj\u0105cym momentem i&nbsp;to&nbsp;dla wszystkich \u2013 cz\u0119sto \u0142zy kr\u0119c\u0105 si\u0119 nie&nbsp;tylko&nbsp;w&nbsp;oku Panny M\u0142odej, ale&nbsp;nawet i&nbsp;obu ojc\u00f3w Pary M\u0142odej, dlatego najlepiej ograniczy\u0107 si\u0119 do&nbsp;kr\u00f3tkiej ceremonii, paru zda\u0144 i&nbsp;uca\u0142owania krzy\u017ca. A&nbsp;opiek\u0105 i&nbsp;tak&nbsp;otoczy sam B\u00f3g i&nbsp;Matka Bo\u017ca, i&nbsp;wszyscy \u015bwi\u0119ci.<\/p>\n\n\n\n<p class=\"has-medium-font-size\"><strong>Nie&nbsp;zawsze wiadomo w&nbsp;jaki spos\u00f3b pob\u0142ogos\u0142awi\u0107 dzieci stoj\u0105ce u&nbsp;progu nowego, wsp\u00f3lnego \u017cycia\u2026<\/strong><\/p>\n\n\n\n<div class=\"wp-block-image is-style-rounded\"><figure class=\"aligncenter size-medium is-resized\"><img loading=\"lazy\" decoding=\"async\" src=\"https:\/\/doradcyrodzinie.pl\/wp-content\/uploads\/2022\/01\/blogoslawienstwo-1-300x200.jpg\" alt=\"\" class=\"wp-image-227\" width=\"434\" height=\"289\" srcset=\"https:\/\/doradcyrodzinie.pl\/wp-content\/uploads\/2022\/01\/blogoslawienstwo-1-300x200.jpg 300w, https:\/\/doradcyrodzinie.pl\/wp-content\/uploads\/2022\/01\/blogoslawienstwo-1-1024x683.jpg 1024w, https:\/\/doradcyrodzinie.pl\/wp-content\/uploads\/2022\/01\/blogoslawienstwo-1-768x512.jpg 768w, https:\/\/doradcyrodzinie.pl\/wp-content\/uploads\/2022\/01\/blogoslawienstwo-1-1536x1024.jpg 1536w, https:\/\/doradcyrodzinie.pl\/wp-content\/uploads\/2022\/01\/blogoslawienstwo-1.jpg 1600w\" sizes=\"auto, (max-width: 434px) 100vw, 434px\" \/><\/figure><\/div>\n\n\n\n<p class=\"has-medium-font-size\"><strong>Prezentujemy Wam zebrane z&nbsp;archiw\u00f3w Staro\u015bcin oraz&nbsp;z&nbsp;przestrzeni Internetowej teksty b\u0142ogos\u0142awie\u0144stw, wierszyki i&nbsp;rymowanki na&nbsp;t\u0119&nbsp;okoliczno\u015b\u0107. Mamy nadziej\u0119, \u017ce&nbsp;pomog\u0105 w&nbsp;tej&nbsp;wzruszaj\u0105cej i&nbsp;donios\u0142ej chwili:<\/strong><\/p>\n\n\n\n<p><strong>1.<\/strong><br>Udzielam Wam b\u0142ogos\u0142awie\u0144stwa na&nbsp;now\u0105 drog\u0119 \u017cycia, b\u0105d\u017acie szcz\u0119\u015bliwi i&nbsp;\u017cyjcie w&nbsp;pokoju.<\/p>\n\n\n\n<p><strong>2.<\/strong><br>Bo\u017ce dobry Nasz Ojcze pob\u0142ogos\u0142aw te&nbsp;Nasze dzieci, kt\u00f3re z\u0142\u0105czy\u0142e\u015b w&nbsp;mi\u0142o\u015bci, Niech&nbsp;b\u0119d\u0105 dla \u015awiata obrazem mi\u0142o\u015bci Chrystusa i&nbsp;Ko\u015bcio\u0142a, dozw\u00f3l im&nbsp;razem do\u017cy\u0107 szcz\u0119\u015bliwej staro\u015bci i&nbsp;obdarz potomstwem, a&nbsp;b\u0142ogos\u0142awie\u0144stwo Twoje&nbsp;Bo\u017ce Ojcze, Synu Bo\u017cy i&nbsp;Duchu \u015awi\u0119ty niech&nbsp;im&nbsp;towarzyszy i&nbsp;pozostanie z&nbsp;nimi na&nbsp;zawsze .<\/p>\n\n\n\n<p><strong>3.<\/strong><br>Jako wasi rodzice cieszymy si\u0119, \u017ce&nbsp;odszukali\u015bcie siebie i&nbsp;odkryli\u015bcie wielki skarb mi\u0142o\u015bci, jaki Pan B\u00f3g wla\u0142 w&nbsp;serce ka\u017cdego z&nbsp;was. Akceptujemy Wasz\u0105 wol\u0119 i&nbsp;pragniemy Wam jako narzeczonym udzieli\u0107 naszego b\u0142ogos\u0142awie\u0144stwa.<\/p>\n\n\n\n<p><strong>4.<\/strong><br>Kochani M\u0142odzi przybywam do&nbsp;was w&nbsp;te&nbsp;g\u0142osy,<br>Aby wasze imiona brzmia\u0142y pod&nbsp;niebiosy.<br>A wi\u0119c&nbsp;do&nbsp;was si\u0119 zwracam mili go\u015bcie,<br>O b\u0142ogos\u0142awie\u0144stwo dla M\u0142odej Pary pro\u015bcie.<br>Niech im&nbsp;na&nbsp;nowej drodze \u017cycia \u015bwiat pokorny b\u0119dzie.<br>Rodzice sw\u0105 c\u00f3rk\u0119 w&nbsp;obcy dom wydaj\u0105,<br>Jak Pan B\u00f3g Ew\u0119 Adamowi w&nbsp;raju.<br>Szczerze j\u0105&nbsp;wychowali, pilnowali jak \u017arenic\u0119 w&nbsp;oku<br>Teraz od&nbsp;was odchodzi, nie&nbsp;wzbraniajcie jej w&nbsp;progu<br>Teraz do&nbsp;was si\u0119 zwracam Pa\u0144stwo M\u0142odzi<br>Pomy\u015blcie, czym b\u0119dziecie po&nbsp;chwili.<br>Mo\u017ce los was ci\u0119\u017cki spotka, a&nbsp;mo\u017ce ominie.<br>Wychod\u017acie, padajcie rodzicom do&nbsp;st\u00f3p.<br>Ca\u0142ujcie im&nbsp;r\u0119ce, nogi<br>Bo wst\u0119pujecie w&nbsp;dom Bo\u017cy, na&nbsp;stopnie o\u0142tarza<br>I nikt was nie&nbsp;roz\u0142\u0105czy, a\u017c&nbsp;przy progu cmentarza.<\/p>\n\n\n\n<p><strong>5.<\/strong><br>Kochane Dzieci, przyjmijcie b\u0142ogos\u0142awie\u0144stwo waszych Rodzic\u00f3w, niech&nbsp;ono Wam towarzyszy na&nbsp;drodze wsp\u00f3lnego \u017cycia. Maryja, Matka pi\u0119knej mi\u0142o\u015bci niechaj otacza Was swoj\u0105 opiek\u0105. W&nbsp;imi\u0119 Ojca i&nbsp;Syna i&nbsp;Ducha \u015awi\u0119tego. Amen.<\/p>\n\n\n\n<p>Panie Bo\u017ce, Dobry Nasz Ojcze, pob\u0142ogos\u0142aw te&nbsp;nasze dzieci, kt\u00f3re z\u0142\u0105czy\u0142e\u015b w&nbsp;mi\u0142o\u015bci. Niech&nbsp;b\u0119d\u0105 dla \u015bwiata obrazem mi\u0142o\u015bci Chrystusa i&nbsp;Ko\u015bcio\u0142a. Dozw\u00f3l im&nbsp;razem do\u017cy\u0107 szcz\u0119\u015bliwej staro\u015bci i&nbsp;obdarz potomstwem, a&nbsp;b\u0142ogos\u0142awie\u0144stwo Twoje, Bo\u017ce Ojcze, Synu Bo\u017cy i&nbsp;Duchu \u015awi\u0119ty niech&nbsp;im&nbsp;towarzyszy i&nbsp;pozostanie z&nbsp;nimi na&nbsp;zawsze. Amen.<br>Trzecia forma b\u0142ogos\u0142awie\u0144stwa<\/p>\n\n\n\n<p>Ojciec Chrzestny Iub Starosta:<\/p>\n\n\n\n<p>Pob\u0142ogos\u0142aw Ojcze, pob\u0142ogos\u0142aw Matko tych, kt\u00f3rzy&nbsp;za&nbsp;chwil\u0119 kl\u0119kn\u0105 tu&nbsp;przed&nbsp;Wami, by&nbsp;Was wsp\u00f3lnie poprosi\u0107 o&nbsp;b\u0142ogos\u0142awie\u0144stwo, kt\u00f3rym&nbsp;pragn\u0105 cieszy\u0107 si\u0119 przez&nbsp;ca\u0142e \u017cycie. Wy\u015bcie ich zrodzili i&nbsp;wychowali, troszczyli si\u0119 razem o&nbsp;ich zdrowie, o&nbsp;ich nauk\u0119 i&nbsp;dobre wychowanie. Dzi\u015b w&nbsp;dzien. za\u015blubin dzi\u0119kuj\u0105 Wam za&nbsp;wszystko i&nbsp;prosz\u0105 o&nbsp;b\u0142ogos\u0142awie\u0144stwo.<\/p>\n\n\n\n<p>M\u0142odzi kl\u0119kaj\u0105 i&nbsp;m\u00f3wi\u0105:<\/p>\n\n\n\n<p>Pob\u0142ogos\u0142aw wi\u0119c&nbsp;Ojcze, pob\u0142ogos\u0142aw Matko tych, kt\u00f3rzy&nbsp;przed&nbsp;Wami wzruszeni kl\u0119cz\u0105 i&nbsp;prosz\u0105 o&nbsp;faski Boga, kt\u00f3re sp\u0142yn\u0105 na&nbsp;nas przez&nbsp;Wasze rodzicielskie r\u0119ce.<\/p>\n\n\n\n<p>Rodzice wyci\u0105gaj\u0105 prawe d\u0142onie nad&nbsp;g\u0142owami dzieci. Kt\u00f3re\u015b z&nbsp;Rodzic\u00f3w czyta:<\/p>\n\n\n\n<p>Panie Bo\u017ce, dobry nasz Ojcze, pob\u0142ogos\u0142aw te&nbsp;nasze Dzieci, kt\u00f3re z\u0142\u0105czy\u0142e\u015b w&nbsp;mi\u0142o\u015bci. Niech&nbsp;b\u0119d\u0105 dla \u015bwiata obrazem mi\u0142o\u015bci Chrystusa i&nbsp;Ko\u015bcio\u0142a. Dozw\u00f3l im&nbsp;razem do\u017cy\u0107 szcz\u0119\u015bliwej staro\u015bci i&nbsp;obdarz potomstwem, a&nbsp;b\u0142ogos\u0142awie\u0144stwo Twoje&nbsp;niech&nbsp;im&nbsp;stale towarzyszy i&nbsp;pozostanie z&nbsp;Nimi na&nbsp;zawsze. Amen.<br>Dzieci, \u017cyjcie zgodnie i&nbsp;b\u0105d\u017acie dla siebie najlepszymi przyjaci\u00f3\u0142mi. Mo\u017ce Wam wszystkiego zabrakn\u0105\u0107, byle nie&nbsp;wzajemnej dla siebie mi\u0142o\u015bci. A&nbsp;ja&nbsp;Wam z&nbsp;serca b\u0142ogos\u0142awi\u0119 w&nbsp;Imi\u0119 Ojca i&nbsp;Syna i&nbsp;Ducha \u015awi\u0119tego.<\/p>\n\n\n\n<p>Ka\u017cde z&nbsp;Rodzic\u00f3w kre\u015bli znak krzy\u017ca na&nbsp;czo\u0142ach dzieci, dodaj\u0105c np.&nbsp;s\u0142owa:<\/p>\n\n\n\n<p>Troszczcie si\u0119 o&nbsp;siebie, \u017cyjcie w&nbsp;zgodzie, Umiejcie siebie rozumie\u0107.<\/p>\n\n\n\n<p><strong>6.<\/strong><br>Bo\u017ce dobry Nasz Ojcze pob\u0142ogos\u0142aw te&nbsp;Nasze dzieci, kt\u00f3re z\u0142\u0105czy\u0142e\u015b w&nbsp;mi\u0142o\u015bci. Niech&nbsp;b\u0119d\u0105 dla \u015awiata obrazem mi\u0142o\u015bci Chrystusa i&nbsp;Ko\u015bcio\u0142a, pozw\u00f3l im&nbsp;razem do\u017cy\u0107 szcz\u0119\u015bliwej staro\u015bci i&nbsp;obdarz potomstwem, a&nbsp;b\u0142ogos\u0142awie\u0144stwo Twoje&nbsp;Bo\u017ce Ojcze, Synu Bo\u017cy i&nbsp;Duchu \u015awi\u0119ty niech&nbsp;im&nbsp;towarzyszy i&nbsp;pozostanie z&nbsp;nimi na&nbsp;zawsze.<\/p>\n\n\n\n<p><strong>7.<\/strong><br>Pan M\u0142ody lub Panna M\u0142oda, tymi lub podobnymi s\u0142owami prosi rodzic\u00f3w obojga stron o&nbsp;b\u0142ogos\u0142awie\u0144stwo:<\/p>\n\n\n\n<p>Kochani Rodzice! Jeste\u015bmy g\u0142\u0119boko przekonani, \u017ce&nbsp;bez&nbsp;Waszego b\u0142ogos\u0142awie\u0144stwa nie&nbsp;mo\u017cemy dost\u0105pi\u0107 b\u0142ogos\u0142awie\u0144stwa Bo\u017cego. Dlatego prosimy, aby\u015bcie zechcieli nam pob\u0142ogos\u0142awi\u0107 na&nbsp;now\u0105 drog\u0119 \u017cycia we&nbsp;wsp\u00f3lnocie ma\u0142\u017ce\u0144skiej.<\/p>\n\n\n\n<p>Przyj\u0119\u0142o si\u0119, \u017ce&nbsp;przed&nbsp;przyst\u0105pieniem do&nbsp;rodzicielskiego b\u0142ogos\u0142awie\u0144stwa, M\u0142oda Para powinna ukl\u0119kn\u0105\u0107. Wtedy jedno z&nbsp;rodzic\u00f3w przewodnicz\u0105c obrz\u0119dowi b\u0142ogos\u0142awie\u0144stwa m\u00f3wi:<\/p>\n\n\n\n<p>Wszechmog\u0105cy Bo\u017ce, najlepszy nasz Ojcze! B\u0105d\u017a uwielbiony za&nbsp;mi\u0142o\u015b\u0107, kt\u00f3r\u0105 wzbudzi\u0142e\u015b w&nbsp;naszych sercach. Prosimy Ci\u0119 pob\u0142ogos\u0142aw \u2026..(imi\u0119 Panny M\u0142odej)\u2026. i&nbsp;\u2026(imi\u0119 Pana M\u0142odego)\u2026, kt\u00f3rych&nbsp;z\u0142\u0105czy\u0142e\u015b w&nbsp;Twojej&nbsp;mi\u0142o\u015bci. Niech&nbsp;b\u0119d\u0105 dla \u015bwiata \u017cywym obrazem mi\u0142o\u015bci Chrystusa i&nbsp;Ko\u015bcio\u0142a. Dozw\u00f3l im&nbsp;razem doczeka\u0107 szcz\u0119\u015bliwej staro\u015bci i&nbsp;obdarz potomstwem, a&nbsp;b\u0142ogos\u0142awie\u0144stwo Twoje, Bo\u017ce Ojcze, Synu Bo\u017cy i&nbsp;Duchu \u015awi\u0119ty, niech&nbsp;zst\u0105pi na&nbsp;nich i&nbsp;pozostanie na&nbsp;zawsze. Amen.<\/p>\n\n\n\n<p>M\u0142oda Para kl\u0119czy, rodzice podchodz\u0105c pojedynczo, sk\u0142adaj\u0105 im&nbsp;\u017cyczenia, kropi\u0105 wod\u0105 i&nbsp;daj\u0105 do&nbsp;poca\u0142owania krzy\u017c. Do&nbsp;b\u0142ogos\u0142awie\u0144stwa mog\u0105 przy\u0142\u0105czy\u0107 si\u0119 inne osoby: rodze\u0144stwo, dziadkowie i&nbsp;chrzestni.<\/p>\n\n\n\n<p><strong>8.<\/strong><br>Drogie dzieci polecam Was i&nbsp;Wasz\u0105 mi\u0142o\u015b\u0107 pod&nbsp;opiek\u0119 Matki Boskiej i&nbsp;z&nbsp;serca Was b\u0142ogos\u0142awi\u0119.<br>W Imi\u0119 Ojca, Syna i&nbsp;Ducha \u015awi\u0119tego.<\/p>\n\n\n\n<p><strong>9.<\/strong><br>Drogie dzieci<br>Na drodze \u017cycia s\u0105&nbsp;\u015bwiat\u0142a i&nbsp;mroki,<br>Raz szcz\u0119\u015bcie jasne, raz smutek g\u0142\u0119boki,<br>Ale gdy&nbsp;razem si\u0119 idzie we&nbsp;dwoje. \u0141atwiej si\u0119 znosi nawet ci\u0119\u017ckie znoje .<br>Wi\u0119c b\u0142ogos\u0142awimy was drogie dzieci \u017cycz\u0105c wam szcz\u0119\u015bcia, rado\u015bci i&nbsp;wiecznej mi\u0142o\u015bci.<\/p>\n\n\n\n<div class=\"wp-block-image\"><figure class=\"alignright size-full\"><img loading=\"lazy\" decoding=\"async\" width=\"182\" height=\"265\" src=\"https:\/\/doradcyrodzinie.pl\/wp-content\/uploads\/2022\/01\/blogosl4.jpeg\" alt=\"\" class=\"wp-image-297\"\/><\/figure><\/div>\n\n\n\n<p><strong>10.<\/strong><br><br>Kochana (imi\u0119 Panny M\u0142odej),<br>Przez wiele lat mieszka\u0142a\u015b z&nbsp;nami.<br>Dzisiaj staniesz u&nbsp;boku swego m\u0119\u017ca.<br>Przejmiesz troski o&nbsp;Wasz dom, o&nbsp;Wasze dzieci.<br>Bardzo pragn\u0119 by\u015b&nbsp;by\u0142a szcz\u0119\u015bliw\u0105 \u017con\u0105 i&nbsp;matk\u0105.<br>By\u015b by\u0142a wsparciem dla swego m\u0119\u017ca.<br>Kochane dzieci,<br>budujcie swe \u017cycie na&nbsp;mocnym fundamencie,<br>na wsp\u00f3lnej wzajemnej mi\u0142o\u015bci,<br>wierno\u015bci Bogu i&nbsp;jego przykazaniom.<br>Polecam Was Maryi \u2013 Matce Pi\u0119knej Mi\u0142o\u015bci<br>i z&nbsp;serca Was b\u0142ogos\u0142awi\u0119 na&nbsp;now\u0105 drog\u0119 \u017cycia.<br>W imi\u0119 Ojca i&nbsp;Syna i&nbsp;Ducha \u015aw.<\/p>\n\n\n\n<p><strong>11.<\/strong><br>Bo\u017ce dobry Nasz Ojcze pob\u0142ogos\u0142aw te&nbsp;Nasze dzieci, kt\u00f3re z\u0142\u0105czy\u0142e\u015b w&nbsp;mi\u0142o\u015bci.<br>Niech b\u0119d\u0105 dla \u015awiata obrazem mi\u0142o\u015bci Chrystusa i&nbsp;Ko\u015bcio\u0142a,<br>pozw\u00f3l im&nbsp;razem do\u017cy\u0107 szcz\u0119\u015bliwej staro\u015bci i&nbsp;obdarz potomstwem,<br>a b\u0142ogos\u0142awie\u0144stwo Twoje&nbsp;Bo\u017ce Ojcze, Synu Bo\u017cy i&nbsp;Duchu \u015awi\u0119ty<br>niech im&nbsp;towarzyszy i&nbsp;pozostanie z&nbsp;nimi na&nbsp;zawsze.<\/p>\n\n\n\n<p><strong>12.<\/strong><br>\u201eMusicie by\u0107 silni mi\u0142o\u015bci\u0105,<br>kt\u00f3ra wszystko znosi,<br>wszystkiemu wierzy,<br>wszystko przetrzyma.<br>T\u0105 mi\u0142o\u015bci\u0105, kt\u00f3ra&nbsp;nigdy nie&nbsp;zawiedzie\u201d<\/p>\n\n\n\n<p>Jan Pawe\u0142 II<\/p>\n\n\n\n<p><strong>13.<\/strong><br>W dniu Waszego \u015alubu przyjmijcie \u017cyczenia \u2013 Niech&nbsp;Wam B\u00f3g k\u0142opoty w&nbsp;wielk\u0105 rado\u015b\u0107 zmienia. Niech&nbsp;Was poprowadzi, \u015bcie\u017cki Wam prostuje, da chleb w&nbsp;obfito\u015bci, dzie\u0107mi obdaruje.<\/p>\n\n\n\n<p><strong>15.<\/strong><br><strong><em>B\u0141OGOS\u0141AWIE\u0143STWO SYNA<\/em><\/strong><\/p>\n\n\n\n<p><em>Ojciec<\/em>: Ukochany Synu. Od&nbsp;dzi\u015b Ty&nbsp;b\u0119dziesz M\u0119\u017cem, Ojcem twej przysz\u0142ej rodziny. Buduj swe \u017cycie ma\u0142\u017ce\u0144skie, rodzinne na&nbsp;mocnym fundamencie \u2013 na&nbsp;wsp\u00f3lnej, wzajemnej mi\u0142o\u015bci i&nbsp;wierno\u015bci Bogu i&nbsp;Jego przykazaniom. Niech&nbsp;b\u0142ogos\u0142awi Ci\u0119 Wszechmog\u0105cy B\u00f3g, kt\u00f3ry&nbsp;jest Mi\u0142o\u015bci\u0105 \u2013 Ojciec i&nbsp;Syn i&nbsp;Duch \u015bwi\u0119ty.<\/p>\n\n\n\n<p><em>Syn<\/em>: Amen<\/p>\n\n\n\n<p>Ojciec kropi wod\u0105 \u015bwi\u0119con\u0105.<\/p>\n\n\n\n<p><em>Matka<\/em>: Ukochany Synu! Gdy&nbsp;Chrystus Pan po\u0142\u0105czy Ci\u0119 sakramentalnym w\u0119z\u0142em z&nbsp;Twoj\u0105 Wybran\u0105, b\u0119dziecie dwoje jednym cia\u0142em. B\u0105d\u017a dla swej \u017cony dobrym m\u0119\u017cem, dla Twych&nbsp;dzieci kochaj\u0105cym ojcem. Na&nbsp;t\u0119&nbsp;now\u0105 drog\u0119 Twego \u017cycia b\u0142ogos\u0142awi\u0119 Ci\u0119: B\u0142ogos\u0142awie\u0144stwo Ojca i&nbsp;Syna i&nbsp;Ducha \u015awi\u0119tego niech&nbsp;Ci&nbsp;towarzyszy w&nbsp;ca\u0142ym Twoim \u017cyciu.<\/p>\n\n\n\n<p><em>Syn<\/em>: Amen<\/p>\n\n\n\n<p><em>Matka kropi wod\u0105 \u015bwi\u0119con\u0105.<\/em><\/p>\n\n\n\n<p><strong><em>B\u0141OGOS\u0141AWIE\u0143STWO C\u00d3RKI<\/em><\/strong><\/p>\n\n\n\n<p><em>Ojciec<\/em>: Ukochana c\u00f3rko! Nadszed\u0142 czas, by\u015b&nbsp;Ty, jak Twoja Matka, wzi\u0119\u0142a na&nbsp;siebie obowi\u0105zek za\u0142o\u017cenia rodziny, urodzenia i&nbsp;wychowania nowego pokolenia. C\u00f3rko! Niech&nbsp;B\u00f3g Wszechmog\u0105cy, Ojciec, Syn i&nbsp;Duch \u015awi\u0119ty nape\u0142ni Ci\u0119 swoj\u0105 rado\u015bci\u0105 i&nbsp;b\u0142ogos\u0142awi Tobie, Twemu m\u0119\u017cowi i&nbsp;waszym dzieciom.<\/p>\n\n\n\n<div class=\"wp-block-image\"><figure class=\"alignright size-full is-resized\"><img loading=\"lazy\" decoding=\"async\" src=\"https:\/\/doradcyrodzinie.pl\/wp-content\/uploads\/2022\/01\/blogosl5.jpg\" alt=\"\" class=\"wp-image-298\" width=\"318\" height=\"212\" srcset=\"https:\/\/doradcyrodzinie.pl\/wp-content\/uploads\/2022\/01\/blogosl5.jpg 685w, https:\/\/doradcyrodzinie.pl\/wp-content\/uploads\/2022\/01\/blogosl5-300x200.jpg 300w\" sizes=\"auto, (max-width: 318px) 100vw, 318px\" \/><\/figure><\/div>\n\n\n\n<p><em>C\u00f3rka<\/em>: Amen<\/p>\n\n\n\n<p><em>Ojciec kropi wod\u0105 \u015bwi\u0119con\u0105.<\/em><\/p>\n\n\n\n<p><em>Matka<\/em>: Moja C\u00f3rko! Wiele lat mieszka\u0142a\u015b z&nbsp;nami, od&nbsp;dzi\u015b staniesz przy boku Twego m\u0119\u017ca, przejmiesz trosk\u0119 o&nbsp;Wasz dom, o&nbsp;Wasze dzieci. Bardzo pragn\u0119, by\u015b&nbsp;by\u0142a szcz\u0119\u015bliw\u0105 \u017con\u0105 i&nbsp;matk\u0105, by\u015b&nbsp;by\u0142a oparciem dla Twego m\u0119\u017ca, rado\u015bci\u0105 dla Twych&nbsp;dzieci. Polecam Ci\u0119 Maryi, Matce pi\u0119knej Mi\u0142o\u015bci i&nbsp;z&nbsp;serca b\u0142ogos\u0142awi\u0119 Ci\u0119 na&nbsp;now\u0105 drog\u0119 Twego \u017cycia \u2013 w&nbsp;Imi\u0119 Ojca i&nbsp;Syna i&nbsp;Ducha \u015awi\u0119tego.<\/p>\n\n\n\n<p><em>C\u00f3rka<\/em>: Amen<\/p>\n\n\n\n<p><em>Nast\u0119pnie kropi c\u00f3rk\u0119 wod\u0105 \u015bwi\u0119con\u0105.<\/em><\/p>\n\n\n\n<p><em>16.<\/em><\/p>\n\n\n\n<p>Niech B\u00f3g Wam b\u0142ogos\u0142awi aby\u015bcie id\u0105c na&nbsp;wsp\u00f3ln\u0105 drog\u0119 \u017cycia mi\u0142owali si\u0119 wzajemnie stanowi\u0105c jedno serce i&nbsp;jedn\u0105 dusz\u0119. Dom, kt\u00f3ry&nbsp;za\u0142o\u017cycie podtrzymujcie wsp\u00f3lnym wysi\u0142kiem, nasze b\u0142ogos\u0142awie\u0144stwo rodzicielskie niech&nbsp;Wam towarzyszy w&nbsp;ka\u017cdym dniu Waszego \u017cycia<\/p>\n\n\n\n<p>W&nbsp;Imi\u0119 Ojca i&nbsp;Syna i&nbsp;Ducha \u015awi\u0119tego.<\/p>\n\n\n\n<p>A&nbsp;gdy&nbsp;na&nbsp;o\u0142tarzu zab\u0142ysn\u0105 \u015bwiece &#8211; pro\u015bcie<br>Matki Bo\u017cej, by&nbsp;Wam dobre \u017cycie da\u0142a.<br>Tego wam \u017cycz\u0119 ja&nbsp;i&nbsp;rodzina ca\u0142a.<\/p>\n\n\n\n<p>Szcz\u0119\u015b\u0107 Bo\u017ce!<\/p>\n","protected":false},"excerpt":{"rendered":"<p>B\u0142ogos\u0142awie\u0144stwo Rodzic\u00f3w \u2013 w&nbsp;jaki spos\u00f3b pob\u0142ogos\u0142awi\u0107 M\u0142odych przed&nbsp;\u015blubem? Wed\u0142ug tradycji b\u0142ogos\u0142awie\u0144stwo odbywa si\u0119 w&nbsp;domu rodzinnym Panny M\u0142odej. Jest ono chyba najbardziej symbolicznym wydarzeniem w&nbsp;dniu \u015blubu.B\u0142ogos\u0142awie\u0144stwo Boga to&nbsp;wsparcie, jakiego Stw\u00f3rca udziela swemu stworzeniu. B\u0142ogos\u0142awie\u0144stwo pochodzi od&nbsp;Boga \u2013 nawet je\u015bli tymi, kt\u00f3rzy&nbsp;je&nbsp;wypowiadaj\u0105, s\u0105&nbsp;ludzie. Dar Bo\u017cego b\u0142ogos\u0142awie\u0144stwa oznacza pomy\u015blno\u015b\u0107 i&nbsp;rozw\u00f3j, \u017cycie w&nbsp;pokoju i&nbsp;pe\u0142ni, i&nbsp;to&nbsp;zar\u00f3wno w&nbsp;wymiarze materialnym, jak i&nbsp;duchowym. [&hellip;]<\/p>\n","protected":false},"author":1,"featured_media":0,"parent":135,"menu_order":7,"comment_status":"closed","ping_status":"closed","template":"","meta":{"footnotes":""},"class_list":["post-225","page","type-page","status-publish","hentry"],"_links":{"self":[{"href":"https:\/\/doradcyrodzinie.pl\/index.php\/wp-json\/wp\/v2\/pages\/225","targetHints":{"allow":["GET"]}}],"collection":[{"href":"https:\/\/doradcyrodzinie.pl\/index.php\/wp-json\/wp\/v2\/pages"}],"about":[{"href":"https:\/\/doradcyrodzinie.pl\/index.php\/wp-json\/wp\/v2\/types\/page"}],"author":[{"embeddable":true,"href":"https:\/\/doradcyrodzinie.pl\/index.php\/wp-json\/wp\/v2\/users\/1"}],"replies":[{"embeddable":true,"href":"https:\/\/doradcyrodzinie.pl\/index.php\/wp-json\/wp\/v2\/comments?post=225"}],"version-history":[{"count":5,"href":"https:\/\/doradcyrodzinie.pl\/index.php\/wp-json\/wp\/v2\/pages\/225\/revisions"}],"predecessor-version":[{"id":302,"href":"https:\/\/doradcyrodzinie.pl\/index.php\/wp-json\/wp\/v2\/pages\/225\/revisions\/302"}],"up":[{"embeddable":true,"href":"https:\/\/doradcyrodzinie.pl\/index.php\/wp-json\/wp\/v2\/pages\/135"}],"wp:attachment":[{"href":"https:\/\/doradcyrodzinie.pl\/index.php\/wp-json\/wp\/v2\/media?parent=225"}],"curies":[{"name":"wp","href":"https:\/\/api.w.org\/{rel}","templated":true}]}}