{"id":276,"date":"2022-01-22T19:43:16","date_gmt":"2022-01-22T19:43:16","guid":{"rendered":"http:\/\/doradcyrodzinie.pl\/?page_id=276"},"modified":"2022-01-22T19:47:52","modified_gmt":"2022-01-22T19:47:52","slug":"kryzysy-malzenskie","status":"publish","type":"page","link":"https:\/\/doradcyrodzinie.pl\/index.php\/kryzysy-malzenskie\/","title":{"rendered":"Kryzysy ma\u0142\u017ce\u0144skie"},"content":{"rendered":"\n<figure class=\"wp-block-image size-large\"><a href=\"https:\/\/sychar.org\/\" target=\"_blank\" rel=\"noopener\"><img loading=\"lazy\" decoding=\"async\" width=\"1024\" height=\"294\" src=\"https:\/\/doradcyrodzinie.pl\/wp-content\/uploads\/2022\/01\/sychar-1024x294.jpg\" alt=\"\" class=\"wp-image-271\" srcset=\"https:\/\/doradcyrodzinie.pl\/wp-content\/uploads\/2022\/01\/sychar-1024x294.jpg 1024w, https:\/\/doradcyrodzinie.pl\/wp-content\/uploads\/2022\/01\/sychar-300x86.jpg 300w, https:\/\/doradcyrodzinie.pl\/wp-content\/uploads\/2022\/01\/sychar-768x220.jpg 768w, https:\/\/doradcyrodzinie.pl\/wp-content\/uploads\/2022\/01\/sychar-1536x441.jpg 1536w, https:\/\/doradcyrodzinie.pl\/wp-content\/uploads\/2022\/01\/sychar-2048x588.jpg 2048w\" sizes=\"auto, (max-width: 1024px) 100vw, 1024px\" \/><\/a><figcaption><strong><span class=\"has-inline-color has-vivid-purple-color\">Zapraszamy na stron\u0119: <\/span><\/strong><a rel=\"noreferrer noopener\" href=\"https:\/\/sychar.org\/\" target=\"_blank\">https:\/\/sychar.org\/<\/a><\/figcaption><\/figure>\n\n\n\n<p><\/p>\n","protected":false},"excerpt":{"rendered":"","protected":false},"author":1,"featured_media":0,"parent":0,"menu_order":0,"comment_status":"closed","ping_status":"closed","template":"","meta":{"footnotes":""},"class_list":["post-276","page","type-page","status-publish","hentry"],"_links":{"self":[{"href":"https:\/\/doradcyrodzinie.pl\/index.php\/wp-json\/wp\/v2\/pages\/276","targetHints":{"allow":["GET"]}}],"collection":[{"href":"https:\/\/doradcyrodzinie.pl\/index.php\/wp-json\/wp\/v2\/pages"}],"about":[{"href":"https:\/\/doradcyrodzinie.pl\/index.php\/wp-json\/wp\/v2\/types\/page"}],"author":[{"embeddable":true,"href":"https:\/\/doradcyrodzinie.pl\/index.php\/wp-json\/wp\/v2\/users\/1"}],"replies":[{"embeddable":true,"href":"https:\/\/doradcyrodzinie.pl\/index.php\/wp-json\/wp\/v2\/comments?post=276"}],"version-history":[{"count":2,"href":"https:\/\/doradcyrodzinie.pl\/index.php\/wp-json\/wp\/v2\/pages\/276\/revisions"}],"predecessor-version":[{"id":280,"href":"https:\/\/doradcyrodzinie.pl\/index.php\/wp-json\/wp\/v2\/pages\/276\/revisions\/280"}],"wp:attachment":[{"href":"https:\/\/doradcyrodzinie.pl\/index.php\/wp-json\/wp\/v2\/media?parent=276"}],"curies":[{"name":"wp","href":"https:\/\/api.w.org\/{rel}","templated":true}]}}