{"id":306,"date":"2022-01-24T18:19:23","date_gmt":"2022-01-24T18:19:23","guid":{"rendered":"http:\/\/doradcyrodzinie.pl\/?page_id=306"},"modified":"2022-01-26T20:15:08","modified_gmt":"2022-01-26T20:15:08","slug":"modlitwy-narzeczonych","status":"publish","type":"page","link":"https:\/\/doradcyrodzinie.pl\/index.php\/modlitwy-narzeczonych\/","title":{"rendered":"Modlitwy narzeczonych"},"content":{"rendered":"\n<p><strong><span class=\"has-inline-color has-vivid-purple-color\">Modlitwa za moj\u0105 narzeczon\u0105<\/span><\/strong><\/p>\n\n\n\n<p><strong>Panie Jezu, prosz\u0119 Ci\u0119 za moj\u0105 dziewczyn\u0119. B\u0142ogos\u0142aw jej i rozwi\u0144 w niej doskona\u0142\u0105, dojrza\u0142\u0105 mi\u0142o\u015b\u0107. Niech dobrze przygotuje si\u0119 do roli \u017cony i matki. Daj, \u017ceby by\u0142a ze mn\u0105 szcz\u0119\u015bliwa i aby mog\u0142a si\u0119 na mnie oprze\u0107. Dopom\u00f3\u017c mi os\u0142oni\u0107 jej niewinno\u015b\u0107. Nie dopu\u015b\u0107, \u017cebym j\u0105 kiedykolwiek skrzywdzi\u0142. Niech czuje si\u0119 ze mn\u0105 dobrze. Pom\u00f3\u017c mi doprowadzi\u0107 j\u0105 lepsz\u0105 i pi\u0119kniejsz\u0105 duchowo do wiecznego szcz\u0119\u015bcia. Chro\u0144 j\u0105 od pr\u00f3\u017cno\u015bci i wszelkich pokus. Spraw, by mi by\u0142a wierna i \u017ceby mnie kocha\u0142a Twoj\u0105 mi\u0142o\u015bci\u0105.<\/strong><\/p>\n\n\n\n<div class=\"wp-block-image\"><figure class=\"alignright size-medium\"><img loading=\"lazy\" decoding=\"async\" width=\"300\" height=\"199\" src=\"https:\/\/doradcyrodzinie.pl\/wp-content\/uploads\/2022\/01\/narzeczeni3-1-300x199.jpg\" alt=\"\" class=\"wp-image-310\" srcset=\"https:\/\/doradcyrodzinie.pl\/wp-content\/uploads\/2022\/01\/narzeczeni3-1-300x199.jpg 300w, https:\/\/doradcyrodzinie.pl\/wp-content\/uploads\/2022\/01\/narzeczeni3-1.jpg 677w\" sizes=\"auto, (max-width: 300px) 100vw, 300px\" \/><\/figure><\/div>\n\n\n\n<p><strong>Matko Naj\u015bwi\u0119tsza! Przygotuj j\u0105 do \u017cycia w mi\u0142o\u015bci. Daj jej postaw\u0119 ofiarn\u0105. Niech b\u0119dzie dobra, niech niesie pomoc potrzebuj\u0105cym i opiekuje si\u0119 s\u0142abym i bezbronnym. Odkryj przed ni\u0105 cud macierzy\u0144stwa. Naucz j\u0105 dba\u0142o\u015bci o nasz przysz\u0142y dom. Niech w pos\u0142udze na rzecz rodziny dostrze\u017ce swoje najpi\u0119kniejsze powo\u0142anie. Niech nie czuje si\u0119 ograniczona obowi\u0105zkami \u017cony i matki, lecz w wiernym ich wype\u0142nianiu odnajdzie swoje szcz\u0119\u015bcie. Spraw, \u017ceby by\u0142a cierpliwa, cicha i radosna, aby umia\u0142a nie\u015b\u0107 pok\u00f3j Bo\u017cy i \u0142agodzi\u0142a spory. Niech na\u015bladuje Ciebie Maryjo i tak jak Ty wype\u0142nia Bo\u017ce plany. <\/strong><strong><\/strong><\/p>\n\n\n\n<p><strong><span class=\"has-inline-color has-vivid-purple-color\">Modlitwa za mojego narzeczonego<\/span><\/strong><\/p>\n\n\n\n<p><strong>Panie Jezu, postawi\u0142e\u015b na mej drodze cz\u0142owieka, kt\u00f3remu pragn\u0119 odda\u0107 moje serce i z kt\u00f3rym chc\u0119 na zawsze zwi\u0105za\u0107 moje \u017cycie. Czuwaj nad tym kochanym. Bro\u0144 go od niebezpiecze\u0144stw. Spraw, aby w Tobie osi\u0105gn\u0105\u0142 swoj\u0105 \u017cyciow\u0105 dojrza\u0142o\u015b\u0107. Uczy\u0144 go prawym, m\u0105drym i dobrym. Daj mu serce m\u0119\u017cne, aby nie obawia\u0142 si\u0119 trudno\u015bci, lecz prze\u0142amywa\u0142 je w Twoje Imi\u0119. Daj mu si\u0142\u0119, aby mia\u0142 siln\u0105 wol\u0119, potrafi\u0142 panowa\u0107 nas sob\u0105 i dobrze s\u0142u\u017cy\u0107 rodzinie. Uformuj w nim postaw\u0119 ojcowsk\u0105, \u017ceby znalaz\u0142 szcz\u0119\u015bcie w obdarowywaniu swoich najbli\u017cszych, \u017ceby nie szuka\u0142 siebie, ale opiekowa\u0142 si\u0119 tymi, kt\u00f3rych mu powierzysz. Uczy\u0144 go narz\u0119dziem Twojej Opatrzno\u015bci. Niech tak jak Ty opiekuje si\u0119 s\u0142abymi i bezbronnymi. Niech odwa\u017cnie staje w obronie ka\u017cdego pocz\u0119tego \u017cycia. Niech mnie i nasze dzieci prowadzi do Ciebie drog\u0105 pi\u0119knej mi\u0142o\u015bci.<\/strong><\/p>\n\n\n\n<div class=\"wp-block-image\"><figure class=\"alignleft size-medium\"><img loading=\"lazy\" decoding=\"async\" width=\"300\" height=\"225\" src=\"https:\/\/doradcyrodzinie.pl\/wp-content\/uploads\/2022\/01\/16-narzeczeni-dialogi-300x225.jpg\" alt=\"\" class=\"wp-image-320\" srcset=\"https:\/\/doradcyrodzinie.pl\/wp-content\/uploads\/2022\/01\/16-narzeczeni-dialogi-300x225.jpg 300w, https:\/\/doradcyrodzinie.pl\/wp-content\/uploads\/2022\/01\/16-narzeczeni-dialogi-1024x768.jpg 1024w, https:\/\/doradcyrodzinie.pl\/wp-content\/uploads\/2022\/01\/16-narzeczeni-dialogi-768x576.jpg 768w, https:\/\/doradcyrodzinie.pl\/wp-content\/uploads\/2022\/01\/16-narzeczeni-dialogi.jpg 1100w\" sizes=\"auto, (max-width: 300px) 100vw, 300px\" \/><\/figure><\/div>\n\n\n\n<p><strong>\u015awi\u0119ty J\u00f3zefie, Patronie m\u0119\u017cczyzn! Bro\u0144 mego ch\u0142opca od pokus fa\u0142szywej m\u0119sko\u015bci. Naucz go opanowywa\u0107 zmys\u0142owo\u015b\u0107 i podporz\u0105dkowa\u0107 cia\u0142o s\u0142u\u017cbie prawdziwej mi\u0142o\u015bci. Naucz go kocha\u0107 mi\u0142o\u015bci\u0105 czerpan\u0105 z Boga. Chro\u0144 mego mi\u0142ego przed alkoholizmem. Spraw, bym si\u0119 mog\u0142a bezpiecznie oprze\u0107 na moim wybranym. Naucz go obowi\u0105zkowo\u015bci i troski o zak\u0142adany dom. Niech tak jak Ty b\u0119dzie jego opiekunem. Niech b\u0119dzie mu ze mn\u0105 dobrze. Spraw, aby mi by\u0142 wierny, \u017ceby si\u0119 potrafi\u0142 oprze\u0107 pokusie niewierno\u015bci i dotrzyma\u0142 swoich przyrzecze\u0144. B\u0105d\u017a mu pomoc\u0105 i wspieraj go w ka\u017cdej potrzebie. <\/strong><strong><\/strong><\/p>\n\n\n\n<p class=\"has-vivid-purple-color has-text-color\"><strong>Modlitwa narzeczonych<\/strong><\/p>\n\n\n\n<p><strong>Bo\u017ce, Ty jeste\u015b samym \u017cyciem i mi\u0142o\u015bci\u0105! Ty rozsia\u0142e\u015b po \u015bwiecie \u015blady Twojej dobroci i \u0142askawo\u015bci, a cz\u0142owiekowi da\u0142e\u015b rozumn\u0105 wol\u0119 i serce zdolne do mi\u0142owania wszystkiego, co dobre i pi\u0119kne. Spojrzyj na nas, z\u0142\u0105czonych mi\u0142o\u015bci\u0105 wzajemn\u0105. Dzi\u0119kujemy Ci za to, \u017ce\u015bmy si\u0119 spotkali i poznali, jak r\u00f3wnie\u017c za rado\u015b\u0107, jak\u0105 st\u0105d czerpiemy. Zachowaj nasze serca w Swoich Ojcowskich r\u0119kach i spraw, by\u015b Ty by\u0142 zawsze nasz\u0105 pierwsz\u0105 i najwy\u017csz\u0105 Mi\u0142o\u015bci\u0105. Niech tre\u015bci\u0105 naszych my\u015bli i uczu\u0107 b\u0119dzie tylko to, co Tobie si\u0119 podoba i od Ciebie pochodzi. Niech nawet na chwil\u0119 nie opuszcza nas pami\u0119\u0107 o Twojej \u015bwi\u0119tej obecno\u015bci i blisko\u015bci, jak r\u00f3wnie\u017c o naszej godno\u015bci dzieci Bo\u017cych. Spraw, Ojcze mi\u0142o\u015bciwy, aby\u015bmy wzrastali w \u0142asce i mi\u0142o\u015bci Twojej oraz w pe\u0142nieniu Twoich przykaza\u0144. Przez Chrystusa, Pana naszego. Amen.<\/strong><\/p>\n\n\n\n<p class=\"has-vivid-purple-color has-text-color\"><strong>Modlitwa dla narzeczonych<\/strong><strong><\/strong><\/p>\n\n\n\n<p><strong>Ojcze niesko\u0144czenie dobry! Dzi\u0119kujemy Ci, \u017ce\u015b nam pozwoli\u0142 si\u0119 odnale\u017a\u0107. Dzi\u0119kujemy Ci za \u0142ask\u0119 naszego porozumienia i za mi\u0142o\u015b\u0107 wzbudzon\u0105 w naszych sercach.<\/strong><\/p>\n\n\n\n<p><strong>U\u015bmiechasz si\u0119, Panie, patrz\u0105c na nasz\u0105 rado\u015b\u0107. Ty\u015b nas przygotowa\u0142 do tej chwili od pocz\u0119cia. Ty\u015b nas formowa\u0142, \u017ceby\u015bmy rozmi\u0142owali si\u0119 w sobie i prowadzi\u0142e\u015b za r\u0119k\u0119, \u017ceby\u015bmy nie mogli si\u0119 rozmin\u0105\u0107, dzi\u0119kujemy Ci, Panie za twoj\u0105 Opatrzno\u015b\u0107, za to, \u017ce ustawicznie czuwasz nad nami.<\/strong><strong><\/strong><\/p>\n\n\n\n<div class=\"wp-block-image\"><figure class=\"alignright size-medium\"><img loading=\"lazy\" decoding=\"async\" width=\"300\" height=\"200\" src=\"https:\/\/doradcyrodzinie.pl\/wp-content\/uploads\/2022\/01\/narzeczeni1-300x200.jpg\" alt=\"\" class=\"wp-image-318\" srcset=\"https:\/\/doradcyrodzinie.pl\/wp-content\/uploads\/2022\/01\/narzeczeni1-300x200.jpg 300w, https:\/\/doradcyrodzinie.pl\/wp-content\/uploads\/2022\/01\/narzeczeni1-768x512.jpg 768w, https:\/\/doradcyrodzinie.pl\/wp-content\/uploads\/2022\/01\/narzeczeni1.jpg 1024w\" sizes=\"auto, (max-width: 300px) 100vw, 300px\" \/><\/figure><\/div>\n\n\n\n<p><strong>Rozwijaj, Panie, nasz\u0105 mi\u0142o\u015b\u0107. Uzdolnij nas do podj\u0119cia Twojego powo\u0142ania, chcesz, aby\u015bmy razem zwi\u0105zali nasz los i r\u0119ka w r\u0119k\u0119 budowali wsp\u00f3lne gniazdo. Tobie si\u0119 powierzamy. Ty nas prowad\u017a i chro\u0144 od wszelkiego z\u0142a. W Tobie pragniemy tworzy\u0107 wsp\u00f3lnot\u0119 i nale\u017ce\u0107 do siebie na zawsze. Pob\u0142ogos\u0142aw nam, Ojcze! prosimy Ci\u0119 o to przez Twojego Syna i naszego Pana, Jezusa Chrystusa. Amen.<\/strong><\/p>\n\n\n\n<p class=\"has-vivid-purple-color has-text-color\"><strong>Modlitwa zakochanych<\/strong><\/p>\n\n\n\n<p><strong>Panie, Bo\u017ce zakochanych<br>obdarz nas \u0142ask\u0105, aby\u015bmy wzrastali w mi\u0142o\u015bci<br>daj nam rado\u015b\u0107 dzielenia si\u0119 uczuciem;<br>daj nam pok\u00f3j, owoc mi\u0142o\u015bci;<br>daj nam szalone pragnienie, aby\u015bmy nigdy nie przestali si\u0119 kocha\u0107;<br>daj nam niepewno\u015b\u0107, gdyby kiedykolwiek ozi\u0119b\u0142o w nas uczucie;<br>spraw, aby\u015bmy zawsze nienawidzili z\u0142a, co tak\u017ce jest form\u0105 mi\u0142o\u015bci<br>i aby\u015bmy szukali prawdziwych d\u00f3br: Twoich skarb\u00f3w, Twojego kr\u00f3lestwa.<br>Aby\u015bmy stali si\u0119 podobni do Ciebie, kt\u00f3ry jeste\u015b najwi\u0119kszym z zakochanych.<\/strong><strong><\/strong><\/p>\n\n\n\n<p class=\"has-vivid-purple-color has-text-color\"><strong>Modlitwa za dziewczyn\u0119<\/strong><\/p>\n\n\n\n<p><strong>Panie Bo\u017ce, dzi\u0119kuj\u0119 Ci za moj\u0105 dziewczyn\u0119. B\u0142ogos\u0142aw jej i spraw, aby jej by\u0142o ze mn\u0105 dobrze. Nie dopu\u015b\u0107, abym j\u0105 kiedykolwiek skrzywdzi\u0142.<br>Przygotuj j\u0105 do roli \u017cony i matki. Chro\u0144 j\u0105 od pokus. Spraw, by by\u0142a mi wierna i \u017ceby mnie kocha\u0142a mi\u0142o\u015bci\u0105 czerpan\u0105 z Ciebie.<br>Matko Naj\u015bwi\u0119tsza, przygotuj j\u0105 do \u017cycia w mi\u0142o\u015bci. Odkryj przed ni\u0105 cud macierzy\u0144stwa. Niech w s\u0142u\u017cbie na rzecz rodziny dostrze\u017ce swoje najpi\u0119kniejsze zadanie. Niech nie czuje si\u0119 ograniczona obowi\u0105zkami \u017cony i matki, lecz w wiernym ich wype\u0142nianiu odnajdzie swoje szcz\u0119\u015bcie.<br>Spraw, \u017ceby by\u0142a cierpliwa i cicha, \u017ceby umia\u0142a nie\u015b\u0107 pok\u00f3j Bo\u017cy i \u0142agodzi\u0142a spory.<br>Matko, niech na\u015bladuje Ciebie i jak Ty, wype\u0142nia Bo\u017ce plany.<\/strong><strong><\/strong><\/p>\n\n\n\n<p class=\"has-vivid-purple-color has-text-color\"><strong>Modlitwa za ch\u0142opaka<\/strong><\/p>\n\n\n\n<p><strong>Panie Bo\u017ce, postawi\u0142e\u015b na mej drodze cz\u0142owieka, kt\u00f3remu odda\u0142am swoje serce i z kt\u00f3rym chc\u0119 zwi\u0105za\u0107 sw\u00f3j los. Czuwaj nad nim, chro\u0144 go od niebezpiecze\u0144stw i spraw, aby w Tobie osi\u0105gn\u0105\u0142 \u017cyciow\u0105 dojrza\u0142o\u015b\u0107. Pom\u00f3\u017c mu by\u0107 prawym, m\u0105drym i dobrym. Daj mu m\u0119\u017cne serce, \u017ceby si\u0119 nie l\u0119ka\u0142 trudno\u015bci, lecz prze\u0142amywa\u0142 je w imi\u0119 Twoje. Uczy\u0144 go narz\u0119dziem Twojej Opatrzno\u015bci. \u015awi\u0119ty J\u00f3zefie, patronie m\u0119\u017cczyzn, bro\u0144 mego ch\u0142opca od pokus fa\u0142szywej m\u0119sko\u015bci. Naucz go opanowywa\u0107 zmys\u0142owo\u015b\u0107 podporz\u0105dkowa\u0107 w\u0142asne cia\u0142o s\u0142u\u017cbie prawdziwej mi\u0142o\u015bci. Chro\u0144 go od alkoholizmu. Spraw, abym mog\u0142a bezpiecznie oprze\u0107 si\u0119 na tym, kt\u00f3remu powierzam sw\u00f3j los. B\u0105d\u017a mu pomoc\u0105 i wspieraj go w ka\u017cdej potrzebie.<\/strong><\/p>\n\n\n\n<p class=\"has-vivid-purple-color has-text-color\"><strong>Modlitwa o wytrwa\u0142o\u015b\u0107 w mi\u0142o\u015bci<\/strong><\/p>\n\n\n\n<p><strong>Bo\u017ce, kt\u00f3ry wychodzisz na spotkanie zb\u0142\u0105kanej owcy i wszystkim s\u0142abym otwierasz ramiona. Wyznaj\u0119 Ci, \u017ce nie umiem kocha\u0107. Gdy przebywam, w samotno\u015bci, t\u0119sknie za tym, kt\u00f3rego mi da\u0142e\u015b. \u0179le mi jest bez niego i ci\u0105gle o nim marz\u0119, ale gdy tylko jeste\u015bmy z sob\u0105 razem \u2013 nie umiem pozby\u0107 si\u0119 egoizmu, opanowa\u0107 j\u0119zyka i by\u0107 dobrym dla cz\u0142owieka, kt\u00f3rego przecie\u017c kocham.<\/strong><\/p>\n\n\n\n<div class=\"wp-block-image\"><figure class=\"alignleft size-full\"><img loading=\"lazy\" decoding=\"async\" width=\"400\" height=\"266\" src=\"https:\/\/doradcyrodzinie.pl\/wp-content\/uploads\/2022\/01\/narzeczeni2-1.jpg\" alt=\"\" class=\"wp-image-319\" srcset=\"https:\/\/doradcyrodzinie.pl\/wp-content\/uploads\/2022\/01\/narzeczeni2-1.jpg 400w, https:\/\/doradcyrodzinie.pl\/wp-content\/uploads\/2022\/01\/narzeczeni2-1-300x200.jpg 300w\" sizes=\"auto, (max-width: 400px) 100vw, 400px\" \/><\/figure><\/div>\n\n\n\n<p><strong>Czemu jest we mnie tyle uporu i opryskliwo\u015bci? Dlaczego kochanej osobie pr\u00f3buj\u0119 narzuci\u0107 w\u0142asne zdanie? Dlaczego nie licz\u0119 si\u0119 z tym, co ona odczuwa i sprawiam, \u017ce bywa jej ci\u0119\u017cko i \u017ale? Dlaczego niszcz\u0119 otrzymany od Ciebie dar naszej mi\u0142o\u015bci?<\/strong><\/p>\n\n\n\n<p><strong>Przebacz mi, Bo\u017ce, moje samolubstwo, z\u0142o\u015bliwo\u015b\u0107 i brak opanowania. Pom\u00f3\u017c mi wynagrodzi\u0107 wyrz\u0105dzone przykro\u015bci. Daj nam rado\u015b\u0107 wzajemnego zrozumienia bez s\u0142\u00f3w.<\/strong><\/p>\n\n\n\n<p class=\"has-vivid-purple-color has-text-color\"><strong>Pro\u015bba o przygotowanie do mi\u0142o\u015bci<\/strong><\/p>\n\n\n\n<p><strong>Powo\u0142a\u0142e\u015b nas, Panie, do rozwoju. Pom\u00f3\u017c mi wi\u0119c wype\u0142nia\u0107 Twoje wezwanie. Dopom\u00f3\u017c mi rozwin\u0105\u0107 we mnie moj\u0105 m\u0119sko\u015b\u0107 (kobieco\u015b\u0107) na miar\u0119 Twoich zamys\u0142\u00f3w. Przygotuj mnie do daru mi\u0142o\u015bci, jaki mam z siebie z\u0142o\u017cy\u0107 cz\u0142owiekowi, kt\u00f3rego mi wyznaczy\u0142e\u015b.<\/strong><\/p>\n\n\n\n<p><strong>Daj mi moc uszcz\u0119\u015bliwienia mego towarzysza \u017cycia, \u017ceby si\u0119 na mnie nie zawi\u00f3d\u0142, \u017ceby si\u0119 nigdy nie musia\u0142 za mnie wstydzi\u0107, \u017ceby m\u00f3g\u0142 na mnie we wszystkim polega\u0107. Przyspos\u00f3b mnie, Panie, do s\u0142u\u017cby mi\u0142o\u015bci.<\/strong><strong><\/strong><\/p>\n\n\n\n<p class=\"has-vivid-purple-color has-text-color\"><strong>Modlitwa narzeczonych<\/strong><\/p>\n\n\n\n<p><strong>\u015awi\u0119ta Maryjo, Matko Bo\u017ca.<br>Przynosimy Ci nasza budz\u0105ca si\u0119 mi\u0142o\u015b\u0107. Racz spojrze\u0107 na ni\u0105 swym \u0142askawym okiem i naucz nas pi\u0119knie kocha\u0107.<\/strong><\/p>\n\n\n\n<p><strong>Ty, kt\u00f3ra ca\u0142a jeste\u015b mi\u0142o\u015bci\u0105, rozpal i nasze serca. Czuwaj, aby nasza mi\u0142o\u015b\u0107 pozosta\u0142a trwa\u0142a i ofiarna. Niech coraz bardziej zbli\u017ca nas do Boga i uwra\u017cliwia na potrzeby ukochanej osoby i naszych bli\u017anich.<\/strong><\/p>\n\n\n\n<p><strong>Niech nas strze\u017ce przed z\u0142em i usposabia do pracy nad sob\u0105. Niech nas uzdolni do dzielenia si\u0119 darem mi\u0142o\u015bci z kochanym przez nas cz\u0142owiekiem.<\/strong><\/p>\n\n\n\n<p><strong>Nie dopu\u015b\u0107 Matko, aby mi\u0142o\u015b\u0107, kt\u00f3ra tak cudownie nas z\u0142\u0105czy\u0142a kiedykolwiek ostudzi\u0142a si\u0119 i zgas\u0142a na skutek naszej nierozwagi.<\/strong><\/p>\n\n\n\n<p><strong>Pomagaj nam, odnajdywa\u0107 si\u0119 w Chrystusie i czerpa\u0107 nasza mi\u0142o\u015b\u0107 z pe\u0142ni Jego serca. Amen.<\/strong><\/p>\n","protected":false},"excerpt":{"rendered":"<p>Modlitwa za moj\u0105 narzeczon\u0105 Panie Jezu, prosz\u0119 Ci\u0119 za moj\u0105 dziewczyn\u0119. B\u0142ogos\u0142aw jej i rozwi\u0144 w niej doskona\u0142\u0105, dojrza\u0142\u0105 mi\u0142o\u015b\u0107. Niech dobrze przygotuje si\u0119 do roli \u017cony i matki. Daj, \u017ceby by\u0142a ze mn\u0105 szcz\u0119\u015bliwa i aby mog\u0142a si\u0119 na mnie oprze\u0107. Dopom\u00f3\u017c mi os\u0142oni\u0107 jej niewinno\u015b\u0107. Nie dopu\u015b\u0107, \u017cebym j\u0105 kiedykolwiek skrzywdzi\u0142. Niech czuje [&hellip;]<\/p>\n","protected":false},"author":1,"featured_media":0,"parent":0,"menu_order":0,"comment_status":"closed","ping_status":"closed","template":"","meta":{"footnotes":""},"class_list":["post-306","page","type-page","status-publish","hentry"],"_links":{"self":[{"href":"https:\/\/doradcyrodzinie.pl\/index.php\/wp-json\/wp\/v2\/pages\/306","targetHints":{"allow":["GET"]}}],"collection":[{"href":"https:\/\/doradcyrodzinie.pl\/index.php\/wp-json\/wp\/v2\/pages"}],"about":[{"href":"https:\/\/doradcyrodzinie.pl\/index.php\/wp-json\/wp\/v2\/types\/page"}],"author":[{"embeddable":true,"href":"https:\/\/doradcyrodzinie.pl\/index.php\/wp-json\/wp\/v2\/users\/1"}],"replies":[{"embeddable":true,"href":"https:\/\/doradcyrodzinie.pl\/index.php\/wp-json\/wp\/v2\/comments?post=306"}],"version-history":[{"count":3,"href":"https:\/\/doradcyrodzinie.pl\/index.php\/wp-json\/wp\/v2\/pages\/306\/revisions"}],"predecessor-version":[{"id":322,"href":"https:\/\/doradcyrodzinie.pl\/index.php\/wp-json\/wp\/v2\/pages\/306\/revisions\/322"}],"wp:attachment":[{"href":"https:\/\/doradcyrodzinie.pl\/index.php\/wp-json\/wp\/v2\/media?parent=306"}],"curies":[{"name":"wp","href":"https:\/\/api.w.org\/{rel}","templated":true}]}}