{"id":313,"date":"2022-01-24T18:40:26","date_gmt":"2022-01-24T18:40:26","guid":{"rendered":"http:\/\/doradcyrodzinie.pl\/?page_id=313"},"modified":"2022-02-16T22:24:49","modified_gmt":"2022-02-16T22:24:49","slug":"modlitwa-za-rodzine","status":"publish","type":"page","link":"https:\/\/doradcyrodzinie.pl\/index.php\/modlitwa-za-rodzine\/","title":{"rendered":"Modlitwa za rodzin\u0119"},"content":{"rendered":"\n<p>M\u00f3j Drogi Jezu, pokornie b\u0142agam Ci\u0119, aby\u015b udzieli\u0142 szczeg\u00f3lnych \u0142ask naszej rodzinie. Niech nasz dom b\u0119dzie \u015bwi\u0105tyni\u0105 pokoju, czysto\u015bci, mi\u0142o\u015bci, pracowito\u015bci i wiary. Prosz\u0119 ci\u0119 silnie, drogi Jezu, aby\u015b chroni\u0142 i b\u0142ogos\u0142awi\u0142 wszystkich nas, obecnych i nieobecnych, \u017cyj\u0105cych i zmar\u0142ych<\/p>\n\n\n\n<p>O Maryjo, kochaj\u0105ca Matko Jezusa i Matko nasza, m\u00f3dl si\u0119 do Jezusa za nasz\u0105 rodzin\u0119 i za wszystkie rodziny na \u015bwiecie, aby&nbsp; strzeg\u0142 ko\u0142ysek &nbsp;noworodk\u00f3w, &nbsp;szk\u00f3\u0142&nbsp; m\u0142odych &nbsp;i &nbsp;ich powo\u0142ania.<\/p>\n\n\n\n<div class=\"wp-block-image\"><figure class=\"alignright size-medium\"><img loading=\"lazy\" decoding=\"async\" width=\"300\" height=\"200\" src=\"https:\/\/doradcyrodzinie.pl\/wp-content\/uploads\/2022\/02\/narzeczeni1-300x200.jpg\" alt=\"\" class=\"wp-image-363\" srcset=\"https:\/\/doradcyrodzinie.pl\/wp-content\/uploads\/2022\/02\/narzeczeni1-300x200.jpg 300w, https:\/\/doradcyrodzinie.pl\/wp-content\/uploads\/2022\/02\/narzeczeni1-768x512.jpg 768w, https:\/\/doradcyrodzinie.pl\/wp-content\/uploads\/2022\/02\/narzeczeni1.jpg 1024w\" sizes=\"auto, (max-width: 300px) 100vw, 300px\" \/><\/figure><\/div>\n\n\n\n<p>B\u0142ogos\u0142awiony \u015bw. J\u00f3zefie, czcigodny opiekunie Jezusa i Maryi, wspieraj nas swoimi modlitwami we wszystkich potrzebach \u017cycia. Upro\u015b&nbsp; u Jezusa t\u0119 szczeg\u00f3ln\u0105 \u0142ask\u0119, kt\u00f3rej On &nbsp;Tobie &nbsp;udzieli\u0142: &nbsp;opieki &nbsp;nad &nbsp;naszymi &nbsp;domami przy &nbsp;\u0142o\u017cu chorych i umieraj\u0105cych, abym z Maryj\u0105 i z Tob\u0105 m\u00f3g\u0142 odnale\u017a\u0107 w niebie nasz\u0105 rodzin\u0119 nienaruszon\u0105 w Naj\u015bwi\u0119tszym Sercu Jezusa. Amen.<\/p>\n\n\n\n<p><strong>Modlitwa Papie\u017ca Franciszka za rodziny<\/strong><\/p>\n\n\n\n<p>Jezu, Maryjo i J\u00f3zefie<\/p>\n\n\n\n<p>w Was kontemplujemy<\/p>\n\n\n\n<p>blask prawdziwej mi\u0142o\u015bci,<\/p>\n\n\n\n<p>do Was zwracamy si\u0119 z ufno\u015bci\u0105.<\/p>\n\n\n\n<p>\u015awi\u0119ta Rodzino z Nazaretu,<\/p>\n\n\n\n<p>uczy\u0144 tak\u017ce nasze rodziny<\/p>\n\n\n\n<p>\u015brodowiskami komunii i wieczernikami modlitwy,<\/p>\n\n\n\n<p>autentycznymi szko\u0142ami Ewangelii<\/p>\n\n\n\n<p>i ma\u0142ymi Ko\u015bcio\u0142ami domowymi.<\/p>\n\n\n\n<p>\u015awi\u0119ta Rodzino z Nazaretu<\/p>\n\n\n\n<p>niech nigdy wi\u0119cej w naszych rodzinach nikt nie do\u015bwiadcza<\/p>\n\n\n\n<p>przemocy, zamkni\u0119cia i podzia\u0142\u00f3w:<\/p>\n\n\n\n<p>ktokolwiek zosta\u0142 zraniony albo zgorszony<\/p>\n\n\n\n<p>niech szybko zazna pocieszenia i uleczenia.<\/p>\n\n\n\n<p>\u015awi\u0119ta Rodzino z Nazaretu,<\/p>\n\n\n\n<p>oby Synod Biskup\u00f3w<\/p>\n\n\n\n<p>m\u00f3g\u0142 przywr\u00f3ci\u0107 wszystkim \u015bwiadomo\u015b\u0107<\/p>\n\n\n\n<p>sakralnego i nienaruszalnego charakteru rodziny,<\/p>\n\n\n\n<p>jej pi\u0119kna w Bo\u017cym zamy\u015ble.<\/p>\n\n\n\n<p>Jezu, Maryjo i J\u00f3zefie<\/p>\n\n\n\n<p>Us\u0142yszcie, wys\u0142uchajcie naszego b\u0142agania.<\/p>\n\n\n\n<p>Amen<\/p>\n\n\n\n<p><strong>Modlitwa za rodzin\u0119 do \u015bw. J\u00f3zefa<\/strong><\/p>\n\n\n\n<p>M\u00f3j Drogi Jezu, pokornie b\u0142agam Ci\u0119, aby\u015b udzieli\u0142 szczeg\u00f3lnych \u0142ask naszej rodzinie. Niech nasz dom b\u0119dzie \u015bwi\u0105tyni\u0105 pokoju, czysto\u015bci, mi\u0142o\u015bci, pracowito\u015bci i wiary. Prosz\u0119 ci\u0119 silnie, drogi Jezu, aby\u015b chroni\u0142 i b\u0142ogos\u0142awi\u0142 wszystkich nas, obecnych i nieobecnych, \u017cyj\u0105cych i zmar\u0142ych<\/p>\n\n\n\n<p>O Maryjo, kochaj\u0105ca Matko Jezusa i Matko nasza, m\u00f3dl si\u0119 do Jezusa za nasz\u0105 rodzin\u0119 i za wszystkie rodziny na \u015bwiecie, aby&nbsp;strzeg\u0142 ko\u0142ysek&nbsp;noworodk\u00f3w,&nbsp;szk\u00f3\u0142&nbsp;m\u0142odych&nbsp;i&nbsp;ich powo\u0142ania.<\/p>\n\n\n\n<p>B\u0142ogos\u0142awiony \u015bw. J\u00f3zefie, czcigodny opiekunie Jezusa i Maryi, wspieraj nas swoimi modlitwami we wszystkich potrzebach \u017cycia. Upro\u015b&nbsp;u Jezusa t\u0119 szczeg\u00f3ln\u0105 \u0142ask\u0119, kt\u00f3rej On&nbsp;Tobie&nbsp;udzieli\u0142:&nbsp;opieki&nbsp;nad&nbsp;naszymi&nbsp;domami przy&nbsp;\u0142o\u017cu chorych i umieraj\u0105cych, abym z Maryj\u0105 i z Tob\u0105 m\u00f3g\u0142 odnale\u017a\u0107 w niebie nasz\u0105 rodzin\u0119 nienaruszon\u0105 w Naj\u015bwi\u0119tszym Sercu Jezusa. Amen.<\/p>\n\n\n\n<p><strong>Modlitwa o uzdrowienie relacji w rodzinie<\/strong><\/p>\n\n\n\n<p>Duchu \u015awi\u0119ty, potrzebuj\u0119 Twojej pomocy.<\/p>\n\n\n\n<p>Przyjd\u017a do mnie i o\u015bwie\u0107 mnie.<\/p>\n\n\n\n<p>Prosz\u0119 Ci\u0119 o uzdrowienie naszego \u017cycia rodzinnego.<\/p>\n\n\n\n<p>Pom\u00f3\u017c nam przebaczy\u0107 sobie wszystko, co nas zabola\u0142o.<\/p>\n\n\n\n<p>Zobacz nasze rany i ulecz je.<\/p>\n\n\n\n<p>Uwolnij nas od przykrych uczu\u0107 i niedobrych do\u015bwiadcze\u0144.<\/p>\n\n\n\n<p>Pom\u00f3\u017c nam, Duchu \u015awi\u0119ty, otwiera\u0107 si\u0119 na siebie nawzajem.<\/p>\n\n\n\n<p>Naucz nas akceptowa\u0107 siebie takimi, jakimi jeste\u015bmy.<\/p>\n\n\n\n<p>Przytul ca\u0142\u0105 moj\u0105 rodzin\u0119 do Bo\u017cego Serca.<\/p>\n\n\n\n<p>Przynie\u015b nam wszystkim wewn\u0119trzne ukojenie.<\/p>\n\n\n\n<p>Ogarnij nas swoj\u0105 niesko\u0144czon\u0105 mi\u0142o\u015bci\u0105.<\/p>\n\n\n\n<p>Prowad\u017a nas drog\u0105 zgody, zrozumienia i przebaczenia. Amen.<\/p>\n\n\n\n<p><strong>Modlitwa \u015bw. Rity za rodzin\u0119<\/strong><\/p>\n\n\n\n<p>Bo\u017ce, od kt\u00f3rego pochodzi wszelkie ojcostwo w niebie i na ziemi, Ojcze, kt\u00f3ry jeste\u015b mi\u0142o\u015bci i \u017cyciem: spraw, aby ka\u017cda rodzina ludzka na ziemi sta\u0142a si\u0119 poprzez Twojego Syna Jezusa Chrystusa &#8222;narodzonego z Niewiasty&#8221; i poprzez Ducha \u015awi\u0119tego &#8211; \u017ar\u00f3d\u0142o Bo\u017cego mi\u0142osierdzia &#8211; prawdziwym sanktuarium \u017cycia i mi\u0142o\u015bci dla generacji, kt\u00f3re si\u0119 wci\u0105\u017c odnawiaj\u0105.<\/p>\n\n\n\n<p>Spraw, aby Twoja \u0142aska prowadzi\u0142a my\u015bli i dzie\u0142a ma\u0142\u017conk\u00f3w dla dobra ich rodzin i wszystkich rodzin na \u015bwiecie.<\/p>\n\n\n\n<p>Spraw, aby m\u0142ode generacje znalaz\u0142y w rodzinie silne wsparcie dla ich wzrostu w prawdzie i mi\u0142o\u015bci.<\/p>\n\n\n\n<p>Spraw, aby mi\u0142o\u015b\u0107, wzmocniona \u0142ask\u0105 sakramentu ma\u0142\u017ce\u0144stwa, by\u0142a silniejsza od wszelkiej s\u0142abo\u015bci i ka\u017cdego kryzysu, przez kt\u00f3re czasami przechodz\u0105 nasze rodziny.<\/p>\n\n\n\n<p>Spraw w ko\u0144cu, o to Ci\u0119 prosimy przez wstawiennictwo \u015bwi\u0119tej Rodziny z Nazaretu, aby Ko\u015bci\u00f3\u0142 w\u015br\u00f3d wszystkich narod\u00f3w na ziemi m\u00f3g\u0142 owocnie wype\u0142nia\u0107 swoj\u0105 misj\u0119 w rodzinie i poprzez rodzin\u0119. Przez Chrystusa, naszego Pana, kt\u00f3ry jest Drog\u0105, Prawd\u0105 i \u017byciem na wieki wiek\u00f3w. Amen. (Jan Pawe\u0142 II)<\/p>\n\n\n\n<p>Ojcze nasz, Zdrowa\u015b Maryjo, Chwa\u0142a Ojcu&#8230;<\/p>\n","protected":false},"excerpt":{"rendered":"<p>M\u00f3j Drogi Jezu, pokornie b\u0142agam Ci\u0119, aby\u015b udzieli\u0142 szczeg\u00f3lnych \u0142ask naszej rodzinie. Niech nasz dom b\u0119dzie \u015bwi\u0105tyni\u0105 pokoju, czysto\u015bci, mi\u0142o\u015bci, pracowito\u015bci i wiary. Prosz\u0119 ci\u0119 silnie, drogi Jezu, aby\u015b chroni\u0142 i b\u0142ogos\u0142awi\u0142 wszystkich nas, obecnych i nieobecnych, \u017cyj\u0105cych i zmar\u0142ych O Maryjo, kochaj\u0105ca Matko Jezusa i Matko nasza, m\u00f3dl si\u0119 do Jezusa za nasz\u0105 rodzin\u0119 [&hellip;]<\/p>\n","protected":false},"author":1,"featured_media":0,"parent":0,"menu_order":0,"comment_status":"closed","ping_status":"closed","template":"","meta":{"footnotes":""},"class_list":["post-313","page","type-page","status-publish","hentry"],"_links":{"self":[{"href":"https:\/\/doradcyrodzinie.pl\/index.php\/wp-json\/wp\/v2\/pages\/313","targetHints":{"allow":["GET"]}}],"collection":[{"href":"https:\/\/doradcyrodzinie.pl\/index.php\/wp-json\/wp\/v2\/pages"}],"about":[{"href":"https:\/\/doradcyrodzinie.pl\/index.php\/wp-json\/wp\/v2\/types\/page"}],"author":[{"embeddable":true,"href":"https:\/\/doradcyrodzinie.pl\/index.php\/wp-json\/wp\/v2\/users\/1"}],"replies":[{"embeddable":true,"href":"https:\/\/doradcyrodzinie.pl\/index.php\/wp-json\/wp\/v2\/comments?post=313"}],"version-history":[{"count":2,"href":"https:\/\/doradcyrodzinie.pl\/index.php\/wp-json\/wp\/v2\/pages\/313\/revisions"}],"predecessor-version":[{"id":364,"href":"https:\/\/doradcyrodzinie.pl\/index.php\/wp-json\/wp\/v2\/pages\/313\/revisions\/364"}],"wp:attachment":[{"href":"https:\/\/doradcyrodzinie.pl\/index.php\/wp-json\/wp\/v2\/media?parent=313"}],"curies":[{"name":"wp","href":"https:\/\/api.w.org\/{rel}","templated":true}]}}