{"id":334,"date":"2022-02-16T21:25:04","date_gmt":"2022-02-16T21:25:04","guid":{"rendered":"http:\/\/doradcyrodzinie.pl\/?page_id=334"},"modified":"2022-10-09T14:40:34","modified_gmt":"2022-10-09T14:40:34","slug":"dla-doradcow","status":"publish","type":"page","link":"https:\/\/doradcyrodzinie.pl\/index.php\/dla-doradcow\/","title":{"rendered":"Dla doradc\u00f3w"},"content":{"rendered":"\n<p class=\"has-vivid-purple-color has-text-color has-large-font-size\"><strong>Serdecznie zapraszamy wszystkich Doradc\u00f3w \u017bycia Rodzinnego Archidiecezji Przemyskiej                        na rekolekcje 7-9 pa\u017adziernika 2022r. <\/strong><\/p>\n\n\n\n<p class=\"has-vivid-purple-color has-text-color has-large-font-size\"><strong>O\u015brodek Kultury i Formacji Chrze\u015bcija\u0144skiej w Jaros\u0142awiu, ul. Benedykty\u0144ska 5<\/strong><\/p>\n\n\n\n<p>&#8212;&#8212;&#8212;&#8212;&#8212;&#8212;&#8212;&#8212;&#8212;&#8212;&#8212;&#8212;&#8212;&#8212;&#8212;&#8212;&#8212;&#8212;&#8212;&#8212;&#8212;&#8212;&#8212;&#8212;&#8212;&#8212;&#8212;&#8212;&#8212;&#8212;&#8212;&#8212;&#8212;&#8212;&#8212;&#8212;&#8212;&#8212;&#8211;<\/p>\n\n\n\n<p><strong>ZAPRASZAMY WSZYSTKICH DORADC\u00d3W NA SPOTKANIE<\/strong> <strong>20 MARCA 2022 r.<\/strong><\/p>\n\n\n\n<p><strong>Miejsce spotkania: Opactwo s. Benedyktynek w Przemy\u015blu.<\/strong><\/p>\n\n\n\n<p><strong>Rozpoczynamy Eucharysti\u0105 o godz. 12:00.&nbsp;<\/strong><\/p>\n\n\n\n<p><strong>W programie: obiad, wyk\u0142ad oraz rozdanie misji, dyplom\u00f3w nauczyciela metody oraz podzi\u0119kowa\u0144 dla ko\u0144cz\u0105cych pos\u0142ug\u0119 doradc\u00f3w.<\/strong><\/p>\n\n\n\n<p>Pozdrawiamy i do zobaczenia!<\/p>\n\n\n\n<p><\/p>\n","protected":false},"excerpt":{"rendered":"<p>Serdecznie zapraszamy wszystkich Doradc\u00f3w \u017bycia Rodzinnego Archidiecezji Przemyskiej na rekolekcje 7-9 pa\u017adziernika 2022r. O\u015brodek Kultury i Formacji Chrze\u015bcija\u0144skiej w Jaros\u0142awiu, ul. Benedykty\u0144ska 5 &#8212;&#8212;&#8212;&#8212;&#8212;&#8212;&#8212;&#8212;&#8212;&#8212;&#8212;&#8212;&#8212;&#8212;&#8212;&#8212;&#8212;&#8212;&#8212;&#8212;&#8212;&#8212;&#8212;&#8212;&#8212;&#8212;&#8212;&#8212;&#8212;&#8212;&#8212;&#8212;&#8212;&#8212;&#8212;&#8212;&#8212;&#8212;&#8211; ZAPRASZAMY WSZYSTKICH DORADC\u00d3W NA SPOTKANIE 20 MARCA 2022 r. Miejsce spotkania: Opactwo s. Benedyktynek w Przemy\u015blu. Rozpoczynamy Eucharysti\u0105 o godz. 12:00.&nbsp; W programie: obiad, wyk\u0142ad oraz rozdanie misji, dyplom\u00f3w nauczyciela metody [&hellip;]<\/p>\n","protected":false},"author":1,"featured_media":0,"parent":0,"menu_order":0,"comment_status":"closed","ping_status":"closed","template":"","meta":{"footnotes":""},"class_list":["post-334","page","type-page","status-publish","hentry"],"_links":{"self":[{"href":"https:\/\/doradcyrodzinie.pl\/index.php\/wp-json\/wp\/v2\/pages\/334","targetHints":{"allow":["GET"]}}],"collection":[{"href":"https:\/\/doradcyrodzinie.pl\/index.php\/wp-json\/wp\/v2\/pages"}],"about":[{"href":"https:\/\/doradcyrodzinie.pl\/index.php\/wp-json\/wp\/v2\/types\/page"}],"author":[{"embeddable":true,"href":"https:\/\/doradcyrodzinie.pl\/index.php\/wp-json\/wp\/v2\/users\/1"}],"replies":[{"embeddable":true,"href":"https:\/\/doradcyrodzinie.pl\/index.php\/wp-json\/wp\/v2\/comments?post=334"}],"version-history":[{"count":4,"href":"https:\/\/doradcyrodzinie.pl\/index.php\/wp-json\/wp\/v2\/pages\/334\/revisions"}],"predecessor-version":[{"id":451,"href":"https:\/\/doradcyrodzinie.pl\/index.php\/wp-json\/wp\/v2\/pages\/334\/revisions\/451"}],"wp:attachment":[{"href":"https:\/\/doradcyrodzinie.pl\/index.php\/wp-json\/wp\/v2\/media?parent=334"}],"curies":[{"name":"wp","href":"https:\/\/api.w.org\/{rel}","templated":true}]}}