{"id":338,"date":"2022-02-16T21:34:42","date_gmt":"2022-02-16T21:34:42","guid":{"rendered":"http:\/\/doradcyrodzinie.pl\/?page_id=338"},"modified":"2022-02-16T21:34:43","modified_gmt":"2022-02-16T21:34:43","slug":"rekolekcje","status":"publish","type":"page","link":"https:\/\/doradcyrodzinie.pl\/index.php\/rekolekcje\/","title":{"rendered":"Rekolekcje"},"content":{"rendered":"\n<h1 class=\"wp-block-heading\" id=\"szkolenie-doradcow-zycia-rodzinnego\">Szkolenie Doradc\u00f3w \u017bycia Rodzinnego<\/h1>\n\n\n\n<p>Published 2021-10-10 | By <a href=\"https:\/\/doradcyrodzinie.pl\/index.php\/author\/doradcyroc\/\">Admin<\/a> | <a href=\"https:\/\/doradcyrodzinie.pl\/wp-admin\/post.php?post=108&amp;action=edit\">Edit<\/a><\/p>\n\n\n\n<p>Drodzy <strong>Doradcy \u017bycia Rodzinnego!<\/strong><\/p>\n\n\n\n<p>W dniach <strong>22-24 pa\u017adziernika br.<\/strong> w&nbsp;Opactwie Benedyktynek w Przemy\u015blu,&nbsp;Pl. Konstytucji 3 Maja 8 odb\u0119dzie si\u0119&nbsp;szkolenie pt<strong>. <\/strong><em>\u201eWspieranie dzia\u0142a\u0144 profilaktycznych maj\u0105cych na celu \u015bwiadome i odpowiedzialne rodzicielstwo poprzez profesjonalne przygotowanie Doradc\u00f3w \u017bycia Rodzinnego\u201d<\/em>. Szkolenie dofinansowano z bud\u017cetu Wojew\u00f3dztwa Podkarpackiego \u2013 Regionalnego O\u015brodka Polityki Spo\u0142ecznej w Rzeszowie.<\/p>\n\n\n\n<p><strong>Miejsce realizacji zadania:<\/strong><\/p>\n\n\n\n<p>Projekt sk\u0142ada si\u0119 z dw\u00f3ch \u015bci\u015ble powi\u0105zanych cz\u0119\u015bci: szkolenia stacjonarnego i on-line na platformie e-learningowej. Szkolenie stacjonarne odb\u0119dzie si\u0119 w Opactwo Benedyktynek, ul. Pl. Konstytucji 3 Maja 8, 37-700 Przemy\u015bl (harmonogram poni\u017cej).<\/p>\n\n\n\n<p><strong>Dlaczego konieczno\u015b\u0107 szkolenia?<\/strong><\/p>\n\n\n\n<p>1. Jako Doradcy \u017bycia Rodzinnego pos\u0142uguj\u0105c w poradniach rodzinnych musicie sprosta\u0107 wymaganiom m\u0142odych ludzi, przed kt\u00f3rym staj\u0105 wsp\u00f3\u0142czesne wyzwania, musicie aktualizowa\u0107 i poszerza\u0107 wiedz\u0119 z zakresu metod rozpoznawania p\u0142odno\u015bci, wsp\u00f3\u0142czesnych zagro\u017ce\u0144 zwi\u0105zanych z odpowiedzialnym podej\u015bciem do p\u0142odno\u015b\u0107 oraz \u015bwiadomym i odpowiedzialnym rodzicielstwem. Konieczno\u015bci\u0105 w profesjonalnym przygotowaniu i funkcjonowaniu Doradc\u00f3w \u017bycia Rodzinnego jest uzyskanie tytu\u0142u <strong>Nauczyciela NPR wg Metody Polskiej Teresy Kramarek.<\/strong> Co b\u0119dzie wa\u017cnym dokumentem potwierdzaj\u0105cym Wasz\u0105 wiedz\u0119 i kompetencje.<\/p>\n\n\n\n<p>2. W zwi\u0105zku z rozwojem i wkraczaniem w codzienno\u015b\u0107 cyfryzacji i multimedi\u00f3w niezb\u0119dne jest nabycie przez Was kompetencji i umiej\u0119tno\u015bci umo\u017cliwiaj\u0105cych wykorzystanie ich w pracy. Obecna sytuacja zagro\u017cenia epidemiologicznego wymusza wr\u0119cz korzystanie z nowoczesnych technologii, szczeg\u00f3lnie w sytuacji gdy niemo\u017cliwe jest prowadzenie zaj\u0119\u0107, wyk\u0142ad\u00f3w, prelekcji, konsultacji oraz porad w formie stacjonarnej.<\/p>\n\n\n\n<p><strong><u>22 pa\u017adziernika 2021 r. (pi\u0105tek)<\/u><\/strong><\/p>\n\n\n\n<p>od godz. 15.00 \u2013 15.30 \u2013 zakwaterowanie<\/p>\n\n\n\n<p>godz. 15.30 \u2013 17.30 \u2013 wyk\u0142ad:<strong> Biomedyczne uwarunkowania&nbsp; \u015bwiadomego i odpowiedzialnego rodzicielstwa <\/strong>\u2013 mgr Anna Macio\u0142ek, mgr Aneta Hudycz<\/p>\n\n\n\n<p>godz. 18:00 kolacja<\/p>\n\n\n\n<p>godz. 18:30 \u2013 19.30 wyk\u0142ad c.d.<strong>:Biomedyczne uwarunkowania&nbsp; \u015bwiadomego i odpowiedzialnego rodzicielstwa <\/strong>\u2013 mgr Anna Macio\u0142ek, mgr Aneta Hudycz<\/p>\n\n\n\n<p>godz. 20.00 \u2013 22.00 wyk\u0142ad:<strong> Metody Naturalnego Planowania Rodziny (NPR) \u2013 <\/strong>mgr Anna Macio\u0142ek<\/p>\n\n\n\n<p><strong><u>23 pa\u017adziernika 2021 r.(sobota)<\/u><\/strong><\/p>\n\n\n\n<p>godz. 7:00 \u015bniadanie<\/p>\n\n\n\n<p>godz.7.30 \u20139.30wyk\u0142ad cd. <strong>Metody Naturalnego Planowania Rodziny (NPR) \u2013 <\/strong>mgr Anna Macio\u0142ek<\/p>\n\n\n\n<p>godz.9.45&nbsp; \u2013 10.45 wyk\u0142ad cd.: <strong>Metody Naturalnego Planowania Rodziny (NPR) \u2013 <\/strong>mgr Anna Macio\u0142ek<\/p>\n\n\n\n<p>godz<em>.<\/em>11.00 \u2013&nbsp; 13.00 warsztaty: <strong>Metody Naturalnego Planowania Rodziny (NPR) \u2013 <\/strong>mgr Anna Macio\u0142ek<\/p>\n\n\n\n<p>godz. 13.15 \u2013 obiad<\/p>\n\n\n\n<p>godz.14.00 \u2013 15.00- warsztaty cd.: <strong>Metody Naturalnego Planowania Rodziny (NPR) \u2013 <\/strong>mgr Anna Macio\u0142ek<\/p>\n\n\n\n<p>godz. 15:15-17.15 wyk\u0142ad:<strong> Nauczyciel NPR \u2013 porady internetowe <\/strong>\u2013 mgr Remigiusz Szwabowicz<\/p>\n\n\n\n<p>godz. 17.15 \u2013 przerwa<\/p>\n\n\n\n<p>godz. 17.30 \u2013 18.30 wyk\u0142ad<strong>: cd.Nauczyciel NPR \u2013 porady internetowe <\/strong>\u2013 mgr Remigiusz Szwabowicz<\/p>\n\n\n\n<p>godz. 18.45 \u2013 19.45- wyk\u0142ad<strong>: Oprogramowanie komputerowe oraz dla smartfon\u00f3w do metody-objawowo termicznej rozpoznawania p\u0142odno\u015bci \u2013<\/strong> mgr Remigiusz Szwabowicz<\/p>\n\n\n\n<p>godz. 20.00 kolacja<\/p>\n\n\n\n<p>godz. 20.15 -21.15 \u2013 &nbsp;wyk\u0142ad c.d. <strong>Oprogramowanie komputerowe oraz dla smartfon\u00f3w do metody-objawowo termicznej rozpoznawania p\u0142odno\u015bci \u2013<\/strong> mgr Remigiusz Szwabowicz<\/p>\n\n\n\n<p><strong><u>24 pa\u017adziernika 2021 r. (niedziela)<\/u><\/strong><\/p>\n\n\n\n<p>godz. 7:00 Msza \u015bw.<\/p>\n\n\n\n<p>godz. 8:00 \u015bniadanie<\/p>\n\n\n\n<p>godz. 8.30 \u2013 10.30&nbsp; \u2013 warsztaty cd.: <strong>Metody Naturalnego Planowania Rodziny (NPR) \u2013 <\/strong>mgr Anna Macio\u0142ek<\/p>\n\n\n\n<p>godz. 10.45 \u201312.45 wyk\u0142ad:<strong> Wp\u0142yw czynnik\u00f3w zewn\u0119trznych na prokreacj\u0119 oraz \u015bwiadome i odpowiedzialne rodzicielstwo \u2013&nbsp; <\/strong>mgr Aneta Hudycz<\/p>\n\n\n\n<p>godz. 12.45-13.15 przerwa kawowa<\/p>\n\n\n\n<p>godz.&nbsp; 13.15 \u2013 15.15 <strong>\u2013 <\/strong>wyk\u0142ad:<strong> Wsp\u00f3\u0142czesne zagro\u017cenia dla funkcjonowania rodziny i jej trwa\u0142o\u015bci. \u2013 <\/strong>mgr Aneta Mr\u00f3z \u2013 Ku\u017aniak<\/p>\n\n\n\n<p>godz. 15.30 \u2013 obiad<\/p>\n","protected":false},"excerpt":{"rendered":"<p>Szkolenie Doradc\u00f3w \u017bycia Rodzinnego Published 2021-10-10 | By Admin | Edit Drodzy Doradcy \u017bycia Rodzinnego! W dniach 22-24 pa\u017adziernika br. w&nbsp;Opactwie Benedyktynek w Przemy\u015blu,&nbsp;Pl. Konstytucji 3 Maja 8 odb\u0119dzie si\u0119&nbsp;szkolenie pt. \u201eWspieranie dzia\u0142a\u0144 profilaktycznych maj\u0105cych na celu \u015bwiadome i odpowiedzialne rodzicielstwo poprzez profesjonalne przygotowanie Doradc\u00f3w \u017bycia Rodzinnego\u201d. Szkolenie dofinansowano z bud\u017cetu Wojew\u00f3dztwa Podkarpackiego \u2013 Regionalnego [&hellip;]<\/p>\n","protected":false},"author":1,"featured_media":0,"parent":0,"menu_order":0,"comment_status":"closed","ping_status":"closed","template":"","meta":{"footnotes":""},"class_list":["post-338","page","type-page","status-publish","hentry"],"_links":{"self":[{"href":"https:\/\/doradcyrodzinie.pl\/index.php\/wp-json\/wp\/v2\/pages\/338","targetHints":{"allow":["GET"]}}],"collection":[{"href":"https:\/\/doradcyrodzinie.pl\/index.php\/wp-json\/wp\/v2\/pages"}],"about":[{"href":"https:\/\/doradcyrodzinie.pl\/index.php\/wp-json\/wp\/v2\/types\/page"}],"author":[{"embeddable":true,"href":"https:\/\/doradcyrodzinie.pl\/index.php\/wp-json\/wp\/v2\/users\/1"}],"replies":[{"embeddable":true,"href":"https:\/\/doradcyrodzinie.pl\/index.php\/wp-json\/wp\/v2\/comments?post=338"}],"version-history":[{"count":1,"href":"https:\/\/doradcyrodzinie.pl\/index.php\/wp-json\/wp\/v2\/pages\/338\/revisions"}],"predecessor-version":[{"id":339,"href":"https:\/\/doradcyrodzinie.pl\/index.php\/wp-json\/wp\/v2\/pages\/338\/revisions\/339"}],"wp:attachment":[{"href":"https:\/\/doradcyrodzinie.pl\/index.php\/wp-json\/wp\/v2\/media?parent=338"}],"curies":[{"name":"wp","href":"https:\/\/api.w.org\/{rel}","templated":true}]}}