{"id":350,"date":"2022-02-16T22:05:12","date_gmt":"2022-02-16T22:05:12","guid":{"rendered":"http:\/\/doradcyrodzinie.pl\/?page_id=350"},"modified":"2022-02-16T22:08:03","modified_gmt":"2022-02-16T22:08:03","slug":"literatura","status":"publish","type":"page","link":"https:\/\/doradcyrodzinie.pl\/index.php\/literatura\/","title":{"rendered":"Literatura"},"content":{"rendered":"\n<ol class=\"wp-block-list\"><li>Encyklika Humanae Vitae \u2013 Pawe\u0142 VI<\/li><li>Encyklika Evangelium Vitae \u2013 Jan Pawe\u0142 II<\/li><li>Adhortacja Apostolska Familiaris Consortio Jan Pawe\u0142 II<\/li><li>List do Rodzin Gratissimam Sane \u2013 Jan Pawe\u0142 II<\/li><li>Dyrektorium Duszpasterstwa Rodzin<\/li><li>Karta Praw Rodziny<\/li><li>Globalna rewolucja seksualna \u2013 Gabriele Kuby<\/li><li>Rewolucja genderowa. Nowa ideologia seksualno\u015bci \u2013 Gabriele Kuby<\/li><li>Elementarz teologii cia\u0142a wed\u0142ug Jana Paw\u0142a II \u2013 Pawe\u0142 Kopycki<\/li><li>P\u0142odno\u015b\u0107. Powr\u00f3t do \u017ar\u00f3de\u0142 \u2013 red. Ma\u0142gorzata i Marcin Zimoniowie<\/li><li>P\u0142odno\u015b\u0107. Rado\u015b\u0107 czy utrapienie? \u2013 Gra\u017cyna Rybak<\/li><li>Warto\u015b\u0107 wsp\u00f3\u0142\u017cycia ma\u0142\u017ce\u0144skiego. O piel\u0119gnowaniu sfery p\u0142ciowo\u015bci \u2013 Jacek Pulikowski<\/li><li>Jak rozmawia\u0107 o zap\u0142odnieniu in vitro \u2013 Tomasz Terlikowski<\/li><li>Wszystko co chcecie wiedzie\u0107 o seksie bez antykoncepcji, ale boicie si\u0119 zapyta\u0107 \u2013 Marta Brzezi\u0144ska \u2013 Waleszczyk<\/li><li>Postawy wobec wychowania seksualnego a hierarchia warto\u015bci nauczycieli \u2013 Urszula Dudziak<\/li><li>Ma\u0142y poradnik \u017cycia rodzinnego \u2013 s. Maria Kwiek USJK<\/li><li>Mi\u0142o\u015b\u0107 ma\u0142\u017ce\u0144ska mo\u017ce by\u0107 pi\u0119kna. Recepta na szcz\u0119\u015bcie w ma\u0142\u017ce\u0144stwie \u2013 Mieczys\u0142aw Guzewicz<\/li><li>Kocham, wi\u0119c&#8230;Jak komunikowa\u0107 mi\u0142o\u015b\u0107 w ma\u0142\u017ce\u0144stwie i rodzinie? \u2013 ks. Marek Dziewiecki<\/li><li>Najkr\u00f3cej o&#8230; mi\u0142o\u015bci w ma\u0142\u017ce\u0144stwie \u2013 ks. Stanis\u0142aw Orzechowski<\/li><li>Profilaktyka kryzysu ma\u0142\u017ce\u0144stwa \u2013 Krystian Wojaczek<\/li><li>SYCHAR. Ile jest warta twoja obr\u0105czka? Ksi\u0105\u017cka dla rozwiedzionych i zagro\u017conych rozwodem \u2013 Anna Jedna<\/li><li>Wychowa\u0107 dobrego cz\u0142owieka \u2013 Andrzej Urbaniak<\/li><li>Jak by\u0107 dobrym rodzicem trudnego ucznia &#8211; Egide Royer<\/li><li>Pomoc dzieciom w radzeniu sobie z gniewem &#8211; Jim Larson, John E. Lochman<\/li><\/ol>\n","protected":false},"excerpt":{"rendered":"<p>Encyklika Humanae Vitae \u2013 Pawe\u0142 VI Encyklika Evangelium Vitae \u2013 Jan Pawe\u0142 II Adhortacja Apostolska Familiaris Consortio Jan Pawe\u0142 II List do Rodzin Gratissimam Sane \u2013 Jan Pawe\u0142 II Dyrektorium Duszpasterstwa Rodzin Karta Praw Rodziny Globalna rewolucja seksualna \u2013 Gabriele Kuby Rewolucja genderowa. Nowa ideologia seksualno\u015bci \u2013 Gabriele Kuby Elementarz teologii cia\u0142a wed\u0142ug Jana Paw\u0142a [&hellip;]<\/p>\n","protected":false},"author":1,"featured_media":0,"parent":0,"menu_order":0,"comment_status":"closed","ping_status":"closed","template":"","meta":{"footnotes":""},"class_list":["post-350","page","type-page","status-publish","hentry"],"_links":{"self":[{"href":"https:\/\/doradcyrodzinie.pl\/index.php\/wp-json\/wp\/v2\/pages\/350","targetHints":{"allow":["GET"]}}],"collection":[{"href":"https:\/\/doradcyrodzinie.pl\/index.php\/wp-json\/wp\/v2\/pages"}],"about":[{"href":"https:\/\/doradcyrodzinie.pl\/index.php\/wp-json\/wp\/v2\/types\/page"}],"author":[{"embeddable":true,"href":"https:\/\/doradcyrodzinie.pl\/index.php\/wp-json\/wp\/v2\/users\/1"}],"replies":[{"embeddable":true,"href":"https:\/\/doradcyrodzinie.pl\/index.php\/wp-json\/wp\/v2\/comments?post=350"}],"version-history":[{"count":1,"href":"https:\/\/doradcyrodzinie.pl\/index.php\/wp-json\/wp\/v2\/pages\/350\/revisions"}],"predecessor-version":[{"id":351,"href":"https:\/\/doradcyrodzinie.pl\/index.php\/wp-json\/wp\/v2\/pages\/350\/revisions\/351"}],"wp:attachment":[{"href":"https:\/\/doradcyrodzinie.pl\/index.php\/wp-json\/wp\/v2\/media?parent=350"}],"curies":[{"name":"wp","href":"https:\/\/api.w.org\/{rel}","templated":true}]}}