{"id":354,"date":"2022-02-16T22:13:26","date_gmt":"2022-02-16T22:13:26","guid":{"rendered":"http:\/\/doradcyrodzinie.pl\/?page_id=354"},"modified":"2022-02-16T22:19:21","modified_gmt":"2022-02-16T22:19:21","slug":"modlitwy-dla-mlodziezy","status":"publish","type":"page","link":"https:\/\/doradcyrodzinie.pl\/index.php\/modlitwy-dla-mlodziezy\/","title":{"rendered":"Modlitwy dla m\u0142odzie\u017cy"},"content":{"rendered":"\n<p><strong>Modlitwy o dobre rozeznanie \u017cyciowego powo\u0142ania<\/strong><\/p>\n\n\n\n<div class=\"wp-block-columns is-layout-flex wp-container-core-columns-is-layout-9d6595d7 wp-block-columns-is-layout-flex\">\n<div class=\"wp-block-column is-layout-flow wp-block-column-is-layout-flow\" style=\"flex-basis:100%\">\n<p>Po\u015blij mi Panie Anio\u0142a dobrych my\u015bli, co Twoim \u015bwiat\u0142em rozja\u015bni drog\u0119 mojego \u017cyciowego wyboru. Dotknij Swoj\u0105 moc\u0105 pomieszany &#8222;krzykiem \u015bwiata&#8221; labirynt mojej duszy. Dodaj si\u0142 by ogarn\u0105\u0107 rytm w\u0142asnego cia\u0142a, w kt\u00f3rym t\u0119tni niebo i ziemia. Naznacz b\u0142ogos\u0142awie\u0144stwem moje pragnienia i pom\u00f3\u017c je pouk\u0142ada\u0107 w \u015bwietle Ewangelii. Ty, kt\u00f3ry mnie przenikasz i znasz doskonale, daj mi rozpozna\u0107 Tw\u00f3j odwieczny plan wobec mojego \u017cycia. Niech Twoja \u015bwi\u0119ta wola wype\u0142ni si\u0119 we mnie. Amen.<\/p>\n<\/div>\n<\/div>\n\n\n\n<div class=\"wp-block-image\"><figure class=\"alignleft size-medium\"><img loading=\"lazy\" decoding=\"async\" width=\"269\" height=\"300\" src=\"https:\/\/doradcyrodzinie.pl\/wp-content\/uploads\/2022\/02\/modlitwa-mlodziez1-269x300.jpeg\" alt=\"\" class=\"wp-image-356\" srcset=\"https:\/\/doradcyrodzinie.pl\/wp-content\/uploads\/2022\/02\/modlitwa-mlodziez1-269x300.jpeg 269w, https:\/\/doradcyrodzinie.pl\/wp-content\/uploads\/2022\/02\/modlitwa-mlodziez1.jpeg 538w\" sizes=\"auto, (max-width: 269px) 100vw, 269px\" \/><\/figure><\/div>\n\n\n\n<p>Bo\u017ce,&nbsp;przenikasz mnie i znasz.<\/p>\n\n\n\n<p>Stworzy\u0142e\u015b mnie dla szcz\u0119\u015bcia &#8211; pom\u00f3\u017c mi je znale\u017a\u0107.<\/p>\n\n\n\n<p>Uka\u017c mi moj\u0105 drog\u0119 \u017cycia.<\/p>\n\n\n\n<p>Spraw, abym wybra\u0142 to , co\u015b Ty dla mnie zamierzy\u0142.&nbsp;Amen.<\/p>\n\n\n\n<p>Matko, Stolico M\u0105dro\u015bci. Ty znasz \u015bcie\u017cki naszych m\u0142odych serc. Prosz\u0119 pokieruj drog\u0105 mojego \u017cycia. Je\u015bli B\u00f3g chce, abym w przysz\u0142o\u015bci za\u0142o\u017cy\u0142 rodzin\u0119, naucz mnie autentycznej mi\u0142o\u015bci ku cz\u0142owiekowi. Pom\u00f3\u017c mi wyzwoli\u0107 si\u0119 z egoizmu i ciasnej interesowno\u015bci.<\/p>\n\n\n\n<p>Je\u015bli Syn Tw\u00f3j zapragnie uczyni\u0107 mnie swoim uczniem, uzdolnij mnie, abym ochotnym sercem przyj\u0105\u0142 Jego wezwanie. Wtedy z rado\u015bci\u0105 p\u00f3jd\u0119 g\u0142osi\u0107 mi\u0142o\u015b\u0107 Boga ku wszystkim.<\/p>\n\n\n\n<p>Maryjo, ufnym sercem oddaj\u0119 moj\u0105 przysz\u0142o\u015b\u0107 w Twoje matczyne r\u0119ce. Amen.<\/p>\n\n\n\n<p>Bo\u017ce, kt\u00f3ry chcesz wszystkich ludzi zbawi\u0107 i przywie\u015b\u0107 do poznania prawdy, po\u015blij robotnik\u00f3w na \u017cniwo swoje i daj im g\u0142osi\u0107 s\u0142owo Twoje z niezachwian\u0105 gorliwo\u015bci\u0105, aby prawda Twoja rozszerza\u0142a si\u0119 i by\u0142a wys\u0142awiana, a wszystkie narody pozna\u0142y Ciebie, jedynego i prawdziwego Boga. Amen.<\/p>\n\n\n\n<p><strong>MODLITWA DO \u015aW. MICHA\u0141A ARCHANIO\u0141A<\/strong><\/p>\n\n\n\n<p>\u015aw. Michale Archaniele, Patronie dobrego wyboru,<\/p>\n\n\n\n<p>razem z Tob\u0105 staj\u0119 przed Bogiem, Ojcem mojego istnienia i mojej historii.<\/p>\n\n\n\n<p>Wierz\u0119, \u017ce ma On plan wobec mojego \u017cycia<\/p>\n\n\n\n<p>i nieustannie do mnie m\u00f3wi przez swoje S\u0142owo oraz wydarzenia.<\/p>\n\n\n\n<p>Ty pokona\u0142e\u015b szatana mieczem S\u0142owa Bo\u017cego i ca\u0142\u0105 swoj\u0105 istot\u0105 wybra\u0142e\u015b Boga.<\/p>\n\n\n\n<p>Wypro\u015b mi \u0142ask\u0119 uleg\u0142o\u015bci Natchnieniom Ducha \u015awi\u0119tego<\/p>\n\n\n\n<p>i pom\u00f3\u017c mi ws\u0142ucha\u0107 si\u0119 w g\u0142os Syna Bo\u017cego,<\/p>\n\n\n\n<p>abym m\u00f3g\u0142 rozezna\u0107 i wybra\u0107 drog\u0119 zgodn\u0105 z wol\u0105 Boga.<\/p>\n\n\n\n<p>Pragn\u0119 b\u0142ogos\u0142awi\u0107 Pana zar\u00f3wno wtedy, gdy wska\u017ce mi drog\u0119 \u017cycia w ma\u0142\u017ce\u0144stwie,<\/p>\n\n\n\n<p>jak i wtedy, gdy wezwie mnie na drog\u0119 \u017cycia konsekrowanego.<\/p>\n\n\n\n<p>\u015aw. Michale Archaniele, m\u00f3dl si\u0119 za mn\u0105, abym mia\u0142 odwag\u0119 p\u00f3j\u015b\u0107 za g\u0142osem powo\u0142ania.<\/p>\n\n\n\n<p>Niech m\u00f3j wyb\u00f3r b\u0119dzie zgodny z Twoim zawo\u0142aniem i z Twoim wyborem: \u201eKt\u00f3\u017c jak B\u00f3g!\u201d. Amen.<\/p>\n\n\n\n<p><strong>MODLITWA O POWO\u0141ANIA PAPIE\u017bA PAW\u0141A VI<\/strong><\/p>\n\n\n\n<p>O Jezu, Boski Pasterzu, kt\u00f3ry powo\u0142a\u0142e\u015b Aposto\u0142\u00f3w, aby ich uczyni\u0107 rybakami dusz, poci\u0105gnij ku sobie gor\u0105ce i szlachetne umys\u0142y m\u0142odych ludzi i uczy\u0144 ich swoimi na\u015bladowcami i swoimi s\u0142ugami. Spraw, by dzielili Twoje pragnienie powszechnego odkupienia, dla kt\u00f3rego ustawicznie sk\u0142adasz na o\u0142tarzach swoj\u0105 ofiar\u0119.&nbsp;<\/p>\n\n\n\n<div class=\"wp-block-image\"><figure class=\"alignright size-medium\"><img loading=\"lazy\" decoding=\"async\" width=\"300\" height=\"276\" src=\"https:\/\/doradcyrodzinie.pl\/wp-content\/uploads\/2022\/02\/modlitwa-mlodziez2-300x276.jpeg\" alt=\"\" class=\"wp-image-358\" srcset=\"https:\/\/doradcyrodzinie.pl\/wp-content\/uploads\/2022\/02\/modlitwa-mlodziez2-300x276.jpeg 300w, https:\/\/doradcyrodzinie.pl\/wp-content\/uploads\/2022\/02\/modlitwa-mlodziez2.jpeg 386w\" sizes=\"auto, (max-width: 300px) 100vw, 300px\" \/><\/figure><\/div>\n\n\n\n<p>Ty, o Panie, kt\u00f3ry \u017cyjesz, aby si\u0119 wstawia\u0107 za nami, otw\u00f3rz przed nimi takie horyzonty, by dostrzegali ca\u0142y \u015bwiat, w kt\u00f3rym wznosi si\u0119 niema pro\u015bba tak wielu braci o \u015bwiat\u0142o prawdy i ciep\u0142o mi\u0142o\u015bci. Spraw, by odpowiadaj\u0105c na Twoje wo\u0142anie przed\u0142u\u017cali tu na ziemi Twoj\u0105 misj\u0119, budowali Twoje Cia\u0142o mistyczne &#8211; Ko\u015bci\u00f3\u0142 i byli sol\u0105 ziemi i \u015bwiat\u0142o\u015bci\u0105 \u015bwiata.&nbsp;<\/p>\n\n\n\n<p>Rozszerz, o Panie, Twoje mi\u0142o\u015bciwe wo\u0142anie r\u00f3wnie\u017c na wiele serc kobiecych, czystych i wielkodusznych wlej w nie pragnienie doskona\u0142o\u015bci ewangelicznej, oddania si\u0119 s\u0142u\u017cbie Ko\u015bcio\u0142owi oraz ludziom potrzebuj\u0105cym pomocy i mi\u0142o\u015bci. Amen.<\/p>\n\n\n\n<p><strong>Modlitwa przed wej\u015bciem do Internetu<\/strong><br>Wszechmog\u0105cy i wieczny Bo\u017ce<br>kt\u00f3ry stworzy\u0142e\u015b nas na Sw\u00f3j obraz i podobie\u0144stwo<br>i nakaza\u0142e\u015b nam poszukiwa\u0107 dobra, prawdy i pi\u0119kna<br>zw\u0142aszcza w \u015bwi\u0119tej osobie Twego jednorodzonego Syna<br>naszego Pana, Jezusa Chrystusa Ciebie prosimy<br>racz sprawi\u0107 za wstawiennictwem \u015awi\u0119tego Izydora, biskupa i doktora<br>aby\u015bmy w naszych podr\u00f3\u017cach po Internecie<br>kierowali si\u0119 tylko do stron zgodnych z Twoj\u0105 wol\u0105<br>i traktowali wszelkie napotkane dusze z mi\u0142osierdziem i cierpliwo\u015bci\u0105.<br>Przez Pana naszego Jezusa Chrystusa. Amen<br>\u015awi\u0119ty Izydorze, m\u00f3dl si\u0119 za nami!<br><br><\/p>\n","protected":false},"excerpt":{"rendered":"<p>Modlitwy o dobre rozeznanie \u017cyciowego powo\u0142ania Po\u015blij mi Panie Anio\u0142a dobrych my\u015bli, co Twoim \u015bwiat\u0142em rozja\u015bni drog\u0119 mojego \u017cyciowego wyboru. Dotknij Swoj\u0105 moc\u0105 pomieszany &#8222;krzykiem \u015bwiata&#8221; labirynt mojej duszy. Dodaj si\u0142 by ogarn\u0105\u0107 rytm w\u0142asnego cia\u0142a, w kt\u00f3rym t\u0119tni niebo i ziemia. Naznacz b\u0142ogos\u0142awie\u0144stwem moje pragnienia i pom\u00f3\u017c je pouk\u0142ada\u0107 w \u015bwietle Ewangelii. Ty, kt\u00f3ry [&hellip;]<\/p>\n","protected":false},"author":1,"featured_media":0,"parent":0,"menu_order":0,"comment_status":"closed","ping_status":"closed","template":"","meta":{"footnotes":""},"class_list":["post-354","page","type-page","status-publish","hentry"],"_links":{"self":[{"href":"https:\/\/doradcyrodzinie.pl\/index.php\/wp-json\/wp\/v2\/pages\/354","targetHints":{"allow":["GET"]}}],"collection":[{"href":"https:\/\/doradcyrodzinie.pl\/index.php\/wp-json\/wp\/v2\/pages"}],"about":[{"href":"https:\/\/doradcyrodzinie.pl\/index.php\/wp-json\/wp\/v2\/types\/page"}],"author":[{"embeddable":true,"href":"https:\/\/doradcyrodzinie.pl\/index.php\/wp-json\/wp\/v2\/users\/1"}],"replies":[{"embeddable":true,"href":"https:\/\/doradcyrodzinie.pl\/index.php\/wp-json\/wp\/v2\/comments?post=354"}],"version-history":[{"count":3,"href":"https:\/\/doradcyrodzinie.pl\/index.php\/wp-json\/wp\/v2\/pages\/354\/revisions"}],"predecessor-version":[{"id":360,"href":"https:\/\/doradcyrodzinie.pl\/index.php\/wp-json\/wp\/v2\/pages\/354\/revisions\/360"}],"wp:attachment":[{"href":"https:\/\/doradcyrodzinie.pl\/index.php\/wp-json\/wp\/v2\/media?parent=354"}],"curies":[{"name":"wp","href":"https:\/\/api.w.org\/{rel}","templated":true}]}}