{"id":365,"date":"2022-02-16T22:27:31","date_gmt":"2022-02-16T22:27:31","guid":{"rendered":"http:\/\/doradcyrodzinie.pl\/?page_id=365"},"modified":"2022-02-16T22:31:14","modified_gmt":"2022-02-16T22:31:14","slug":"modlitwy-dla-malzonkow","status":"publish","type":"page","link":"https:\/\/doradcyrodzinie.pl\/index.php\/modlitwy-dla-malzonkow\/","title":{"rendered":"Modlitwy dla ma\u0142\u017conk\u00f3w"},"content":{"rendered":"\n<p>Modlitwa ma\u0142\u017ce\u0144ska to wsp\u00f3lna modlitwa ma\u0142\u017conk\u00f3w, kt\u00f3rzy staj\u0105 w obecno\u015bci Boga, aby Go wsp\u00f3lnie wielbi\u0107, chwali\u0107, s\u0142ucha\u0107 i prosi\u0107 o \u0142ask\u0119 coraz g\u0142\u0119bszego prze\u017cywania sakramentu ma\u0142\u017ce\u0144stwa oraz o&nbsp;\u0142ask\u0119 s\u0142u\u017cenia Mu \u017cyciem zgodnym z Jego upodobaniem.<\/p>\n\n\n\n<p><strong>MODLITWA ZA \u017bON\u0118<\/strong><\/p>\n\n\n\n<p>Dobry Bo\u017ce, dzi\u0119kuj\u0119 Ci za moj\u0105 \u017con\u0119. Dzi\u0119kuj\u0119 za jej mi\u0142o\u015b\u0107, kobieco\u015b\u0107, pi\u0119kno, wra\u017cliwo\u015b\u0107, widzenie spraw inaczej ni\u017c ja. Dzi\u0119kuj\u0119 za to, \u017ce skrzy\u017cowa\u0142y si\u0119 nasze drogi, wybrali\u015bmy siebie nawzajem, a Ty w Sakramencie Ma\u0142\u017ce\u0144stwa pob\u0142ogos\u0142awi\u0142e\u015b nasz\u0105 mi\u0142o\u015b\u0107. Panie, daj jej cierpliwo\u015b\u0107, wyrozumia\u0142o\u015b\u0107, pok\u00f3j. Oddaj\u0119 Ci wszystkie trudne sprawy, kt\u00f3re s\u0105 mi\u0119dzy nami: spory, nieporozumienia, zw\u0105tpienia. Spraw, \u017ceby\u015bmy byli nawzajem dla siebie pomoc\u0105, umieli sobie przebacza\u0107 i wci\u0105\u017c lepiej siebie rozumie\u0107. Otocz, prosz\u0119, moj\u0105 \u017con\u0119 opiek\u0105, strze\u017c j\u0105 od z\u0142ego i dodawaj jej si\u0142. Chc\u0119 by\u0107 jej wsparciem i obro\u0144c\u0105. Chc\u0119 by\u0107 m\u0119\u017cem i ojcem odpowiedzialnym za wychowanie naszych dzieci. Chc\u0119, \u017ceby by\u0142a ze mn\u0105 szcz\u0119\u015bliwa. Kocham j\u0105. Amen.<\/p>\n\n\n\n<div class=\"wp-block-image\"><figure class=\"alignleft size-medium\"><img loading=\"lazy\" decoding=\"async\" width=\"300\" height=\"233\" src=\"https:\/\/doradcyrodzinie.pl\/wp-content\/uploads\/2022\/02\/milosierdzie11-300x233.jpg\" alt=\"\" class=\"wp-image-368\" srcset=\"https:\/\/doradcyrodzinie.pl\/wp-content\/uploads\/2022\/02\/milosierdzie11-300x233.jpg 300w, https:\/\/doradcyrodzinie.pl\/wp-content\/uploads\/2022\/02\/milosierdzie11.jpg 640w\" sizes=\"auto, (max-width: 300px) 100vw, 300px\" \/><\/figure><\/div>\n\n\n\n<p><strong>MODLITWA ZA M\u0118\u017bA<\/strong><\/p>\n\n\n\n<p>Dzi\u0119kuj\u0119 Ci, Panie, za mojego m\u0119\u017ca. Za jego mi\u0142o\u015b\u0107, za dobro, kt\u00f3re mi daje. Za to, \u017ce dzi\u0119ki Sakramentowi Ma\u0142\u017ce\u0144stwa mo\u017cemy tworzy\u0107 jedno Cia\u0142o. Zawierzam Ci, Bo\u017ce, wszystkie jego my\u015bli, gesty, s\u0142owa, decyzje, relacje z innymi lud\u017ami. Oddaj\u0119 tak\u017ce to, co w nim trudno mi pokocha\u0107, co mnie irytuje lub boli. U\u015bwi\u0119caj Bo\u017ce, nasz\u0105 mi\u0142o\u015b\u0107. Prosz\u0119 o wierno\u015b\u0107 dla niego i dla mnie. Prosz\u0119 o blisko\u015b\u0107, kt\u00f3ra wyra\u017c\u0105 i umacnia mi\u0142o\u015b\u0107. Pom\u00f3\u017c nam, by\u015bmy si\u0119 zawsze dobrze rozumieli, potrafili pokonywa\u0107 trudno\u015bci, gasi\u0107 konflikty i przebacza\u0107 sobie. Chro\u0144 go, Panie, od z\u0142a, daj mu siln\u0105 wiar\u0119 i \u015bwi\u0119to\u015b\u0107. B\u0142ogos\u0142aw jego pracy. Spraw, aby dzi\u0119ki mnie m\u00f3g\u0142 stawa\u0107 si\u0119 lepszym m\u0119\u017cem i ojcem. Chc\u0119 jego szcz\u0119\u015bcia. Kocham Go. Amen.<\/p>\n\n\n\n<p><strong>Modlitwa ma\u0142\u017ce\u0144stwa zagro\u017conego rozpadem<\/strong><strong><br><\/strong>Kochany Ojcze! Stw\u00f3rczym aktem powo\u0142a\u0142e\u015b do istnienia ma\u0142\u017ce\u0144stwo. Chcia\u0142e\u015b bowiem zapewni\u0107 nam najlepszy spos\u00f3b wype\u0142niania przykazania mi\u0142o\u015bci.<br>Po okresie ludzkiej niemocy i egoizmu, pos\u0142a\u0142e\u015b na \u015bwiat swego Syna Jezusa Chrystusa, aby przywr\u00f3ci\u0142 nam dar mi\u0142o\u015bci. Odt\u0105d ma\u0142\u017conkowie maj\u0105 moc do realizowania mi\u0142o\u015bci ma\u0142\u017ce\u0144skiej. Prosz\u0119 Ciebie<br>Dobry Ojcze i Stw\u00f3rco, obdarz nasze ma\u0142\u017ce\u0144stwo mi\u0142o\u015bci\u0105. Panie Jezu, kt\u00f3ry jeste\u015b wcieleniem Boskiej mi\u0142o\u015bci i prawdy, uchro\u0144 nasze ma\u0142\u017ce\u0144stwo przed utrat\u0105 pierwotnej mi\u0142o\u015bci. Maryjo i J\u00f3zefie<br>\u015awi\u0119ci Ma\u0142\u017conkowie, wstawiajcie si\u0119 za \u015blubuj\u0105cymi sobie mi\u0142o\u015b\u0107, wierno\u015b\u0107 i uczciwo\u015b\u0107 ma\u0142\u017ce\u0144sk\u0105.<br>Prosz\u0119 Ciebie, Jezu Chryste, aby nasze ma\u0142\u017ce\u0144stwo obdarowane by\u0142o cudem przemiany. Przemieniaj nasze urazy w przebaczenie, ozi\u0119b\u0142o\u015b\u0107 w \u017car mi\u0142o\u015bci ofiarnej, szorstko\u015b\u0107 w delikatno\u015b\u0107, s\u0142owa przykre w pe\u0142ne czu\u0142o\u015bci, oddalenie w blisko\u015b\u0107, smutek w rado\u015b\u0107, oboj\u0119tno\u015b\u0107 w pragnienie bycia razem.<br>Oby w naszym ma\u0142\u017ce\u0144stwie objawi\u0142a si\u0119 Twoja Boska mi\u0142o\u015b\u0107 i Twoja chwa\u0142a. Tobie i Twojej Matce zawierzamy nasze szcz\u0119\u015bcie ma\u0142\u017ce\u0144skie i rodzinne. Amen.<\/p>\n\n\n\n<p><strong>Modlitwa o odrodzenie ma\u0142\u017ce\u0144stwa<\/strong>Panie, przedstawiam Ci nasze ma\u0142\u017ce\u0144stwo \u2013 mojego m\u0119\u017ca (moj\u0105 \u017con\u0119) i mnie. Dzi\u0119kuj\u0119, \u017ce nas po\u0142\u0105czy\u0142e\u015b, \u017ce podarowa\u0142e\u015b nas sobie nawzajem i umocni\u0142e\u015b nasz zwi\u0105zek swoim sakramentem. Panie, w tej chwili nasze ma\u0142\u017ce\u0144stwo nie jest takie, jakim Ty chcia\u0142by\u015b je widzie\u0107. Potrzebuje uzdrowienia. Jednak dla Ciebie, kt\u00f3ry kochasz nas oboje, nie ma rzeczy niemo\u017cliwych. Dlatego prosz\u0119 Ci\u0119:<br>\u2013 o dar szczerej rozmowy,<br>\u2013 o \u201eprzemycie oczu\u201d, aby\u015bmy spojrzeli na siebie oczami Twojej mi\u0142o\u015bci, kt\u00f3ra \u201enie pami\u0119ta z\u0142ego\u201d i \u201ewe wszystkim pok\u0142ada nadziej\u0119\u201d,<br>\u2013 o odkrycie \u2013 po\u015br\u00f3d mn\u00f3stwa r\u00f3\u017cnic \u2013 tego dobra, kt\u00f3re nas \u0142\u0105czy, wok\u00f3\u0142 kt\u00f3rego mo\u017cna co\u015b zbudowa\u0107 (zgodnie z Twoja rad\u0105: \u201ez\u0142o dobrem zwyci\u0119\u017caj\u201d),<br>\u2013 o wyja\u015bnienie i wybaczenie dawnych uraz\u00f3w, o uzdrowienie ran i wszystkiego, co chore, o uwolnienie od na\u0142og\u00f3w i z\u0142ych nawyk\u00f3w.<br>Niech w naszym ma\u0142\u017ce\u0144stwie wype\u0142ni si\u0119 wola Twoja.<br>Niech nasza relacja odrodzi si\u0119 i o\u017cywi, przynosz\u0105c owoce nam samym oraz wszystkim wok\u00f3\u0142. Ufam Tobie, Jezu, i ju\u017c teraz dzi\u0119kuj\u0119 Ci za wszystko, co dla nas uczynisz. Uwielbiam Ci\u0119 w sercu mojego m\u0119\u017ca (mojej \u017cony) i moim, b\u0142ogos\u0142awi\u0119 Ci\u0119 w naszym \u017cyciu.<br>\u015awi\u0119ty J\u00f3zefie, sprawiedliwy m\u0119\u017cu i ojcze, kt\u00f3ry z takim oddaniem opiekowa\u0142e\u015b si\u0119 Jezusem i Maryj\u0105 \u2013 wstaw si\u0119 za nami. Zaopiekuj si\u0119 naszym ma\u0142\u017ce\u0144stwem. Powierzam Ci r\u00f3wnie\u017c inne ma\u0142\u017ce\u0144stwa, szczeg\u00f3lnie te, kt\u00f3re prze\u017cywaj\u0105 jakie\u015b trudno\u015bci. Prosz\u0119 \u2013 m\u00f3dl si\u0119 za nami wszystkimi! Amen!<\/p>\n\n\n\n<p><strong>Modlitwa za rodzin\u0119<\/strong><strong><br><\/strong>M\u00f3j Drogi Jezu, pokornie b\u0142agam Ci\u0119, aby\u015b udzieli\u0142 szczeg\u00f3lnych \u0142ask naszej rodzinie. Niech nasz dom b\u0119dzie \u015bwi\u0105tyni\u0105 pokoju, czysto\u015bci, mi\u0142o\u015bci, pracowito\u015bci i wiary. Prosz\u0119 ci\u0119 silnie, drogi Jezu, aby\u015b chroni\u0142 i b\u0142ogos\u0142awi\u0142 wszystkich nas, obecnych i nieobecnych, \u017cyj\u0105cych i zmar\u0142ych<br>O Maryjo, kochaj\u0105ca Matko Jezusa i Matko nasza, m\u00f3dl si\u0119 do Jezusa za nasz\u0105 rodzin\u0119 i za wszystkie rodziny na \u015bwiecie, aby&nbsp; strzeg\u0142 ko\u0142ysek &nbsp;noworodk\u00f3w, &nbsp;szk\u00f3\u0142&nbsp; m\u0142odych &nbsp;i &nbsp;ich powo\u0142ania.<br>B\u0142ogos\u0142awiony \u015bw. J\u00f3zefie, czcigodny opiekunie Jezusa i Maryi, wspieraj nas swoimi modlitwami we wszystkich potrzebach \u017cycia. Upro\u015b&nbsp; u Jezusa t\u0119 szczeg\u00f3ln\u0105 \u0142ask\u0119, kt\u00f3rej On &nbsp;Tobie &nbsp;udzieli\u0142: &nbsp;opieki &nbsp;nad &nbsp;naszymi &nbsp;domami przy &nbsp;\u0142o\u017cu chorych i umieraj\u0105cych, abym z Maryj\u0105 i z Tob\u0105 m\u00f3g\u0142 odnale\u017a\u0107 w niebie nasz\u0105 rodzin\u0119 nienaruszon\u0105 w Naj\u015bwi\u0119tszym Sercu Jezusa. Amen.<\/p>\n\n\n\n<p><strong>Akt oddania si\u0119 \u015awi\u0119tej Rodzinie<\/strong><strong><br><\/strong>O dobry Jezu, kt\u00f3ry przez Swoje niewypowiedziane cnoty i przyk\u0142ady Swojego rodzinnego \u017cycia Rodzin\u0119 przez Siebie na ziemi wybran\u0105 czci\u0142e\u015b \u2013 spojrzyj \u0142askawie na te nasze rodziny, kt\u00f3re do Twych st\u00f3p si\u0119 korz\u0105 i w modlitwie o \u0142aski prosz\u0105.<br>Pomnij, \u017ce te rodziny do Ciebie ca\u0142kowicie nale\u017c\u0105, gdy\u017c si\u0119 Tobie na szczeg\u00f3ln\u0105 s\u0142u\u017cb\u0119 po\u015bwi\u0119ci\u0142y i odda\u0142y \u2013 chro\u0144 je \u0142askawie, ratuj w niebezpiecze\u0144stwach, wspomagaj w utrapieniach i udzielaj im pomocy, aby mog\u0142y wytrwa\u0107 w na\u015bladowaniu Twojej \u015awi\u0119tej Rodziny i zas\u0142u\u017cy\u0107 sobie na wieczne szcz\u0119\u015bcie w niebie.<br>O Maryjo, Matko Najmilsza \u2013 prosimy Ci\u0119 o Twoje wstawiennictwo ufaj\u0105c, \u017ce Tw\u00f3j Jednorodzony Syn Bo\u017cy pr\u00f3\u015bb Twych wys\u0142ucha.<br>Tak\u017ce i Ty, chwalebny Patriarcho, \u015awi\u0119ty J\u00f3zefie \u2013 przyb\u0105d\u017a nam na pomoc sw\u0105 przemo\u017cn\u0105 przyczyn\u0105 i z\u0142\u00f3\u017c nasze oddanie w r\u0119ce Maryi, aby je Ona Jezusowi Chrystusowi przedstawi\u0142a. Amen.<\/p>\n\n\n\n<p><strong>Litania do \u015bw. Rodziny<\/strong><strong><br><\/strong>Kyrie eleison, Chryste eleison, Kyrie eleison.<br>Chryste, us\u0142ysz nas, Chryste, wys\u0142uchaj nas,<br>Ojcze z nieba Bo\u017ce \u2013&nbsp;zmi\u0142uj si\u0119 nad nami.<br>Synu, Odkupicielu \u015bwiata, Bo\u017ce \u2013<br>Duchu \u015awi\u0119ty, Bo\u017ce \u2013<br>\u015awi\u0119ta Tr\u00f3jco, Jedyny Bo\u017ce \u2013<br>Jezu, Synu Boga \u017cywego, kt\u00f3ry z mi\u0142o\u015bci ku nam staj\u0105c si\u0119 cz\u0142owiekiem, uszlachetni\u0142e\u015b i u\u015bwi\u0119ci\u0142e\u015b wi\u0119zy rodzinne \u2013<br>Jezu, Maryjo, J\u00f3zefie \u015awi\u0119ty, kt\u00f3rych \u015bwiat ca\u0142y czci imieniem Naj\u015bwi\u0119tszej Rodziny -wspierajcie nas.<br>Naj\u015bwi\u0119tsza Rodzino, obrazie Tr\u00f3jcy Przenaj\u015bwi\u0119tszej na ziemi \u2013&nbsp;wspieraj nas.<br>Naj\u015bwi\u0119tsza Rodzino, najdoskonalszy wzorze cn\u00f3t wszystkich \u2013<br>Naj\u015bwi\u0119tsza Rodzino, wzgardzona w Betlejem od ludzi, ale uczczona \u015bpiewem Anio\u0142\u00f3w \u2013<br>Naj\u015bwi\u0119tsza Rodzino, odbieraj\u0105ca ho\u0142dy pasterzy i dary kr\u00f3lewskie \u2013<br>Naj\u015bwi\u0119tsza Rodzino, wys\u0142awiona przez \u015bwi\u0119tego starca Symeona \u2013<br>Naj\u015bwi\u0119tsza Rodzino, prze\u015bladowana i wygnana do ziemi poga\u0144skiej \u2013<br>Naj\u015bwi\u0119tsza Rodzino, \u017cyj\u0105ca w ukryciu i nieznana \u2013<br>Naj\u015bwi\u0119tsza Rodzino, wzorze dla rodzin odrodzonych duchem chrze\u015bcija\u0144skim \u2013<br>Naj\u015bwi\u0119tsza Rodzino, kt\u00f3rej G\u0142owa jest wzorem mi\u0142o\u015bci ojcowskiej \u2013<br>Naj\u015bwi\u0119tsza Rodzino, kt\u00f3rej Matka jest wzorem mi\u0142o\u015bci macierzy\u0144skiej \u2013<br>Naj\u015bwi\u0119tsza Rodzino, kt\u00f3rej dziecko jest wzorem pos\u0142usze\u0144stwa i mi\u0142o\u015bci synowskiej \u2013<br>Naj\u015bwi\u0119tsza Rodzino, Patronko i opiekunko wszystkich rodzin chrze\u015bcija\u0144skich \u2013<br>Naj\u015bwi\u0119tsza Rodzino, ucieczko nasza w \u017cyciu i nadziejo w godzin\u0119 \u015bmierci \u2013<br>Od wszystkiego, co by mog\u0142o zak\u0142\u00f3ca\u0107 spok\u00f3j i jedno\u015b\u0107 serc \u2013&nbsp;zachowaj nas Naj\u015bwi\u0119tsza Rodzino.<br>Od zami\u0142owania uciech \u015bwiatowych \u2013<br>Od rozproszenia serca i umys\u0142u \u2013<br>Od ozi\u0119b\u0142o\u015bci w s\u0142u\u017cbie Bo\u017cej \u2013<br>Od szukania przyjemno\u015bci i wyg\u00f3d \u2013<br>Od przywi\u0105zania do d\u00f3br ziemskich \u2013<br>Od pragnienia pr\u00f3\u017cnej chwa\u0142y \u2013<br>Od z\u0142ej \u015bmierci \u2013<br>Przez najdoskonalsze z\u0142\u0105czenie serc Waszych \u2013&nbsp;wys\u0142uchaj nas Naj\u015bwi\u0119tsza Rodzino.<br>Przez wasze ub\u00f3stwo i wasz\u0105 pokor\u0119 \u2013<br>Przez doskona\u0142e wasze \u2013<br>Przez smutki i bolesne przej\u015bcia Wasze \u2013<br>Przez prace i trudy Wasze \u2013<br>Przez modlitwy i milczenie Wasze \u2013<br>Przez doskona\u0142o\u015b\u0107 czyn\u00f3w Waszych \u2013<br>Baranku Bo\u017cy, kt\u00f3ry g\u0142adzisz grzechy \u015bwiata \u2013&nbsp;przepu\u015b\u0107 nam, Panie.<br>Baranku Bo\u017cy, kt\u00f3ry g\u0142adzisz grzechy \u015bwiata \u2013&nbsp;wys\u0142uchaj nas, Panie.<br>Baranku Bo\u017cy, kt\u00f3ry g\u0142adzisz grzechy \u015bwiata \u2013&nbsp;zmi\u0142uj si\u0119 nad nami.<br>K.: Rodzino \u015awi\u0119ta i Czcigodna, uciekamy si\u0119 do Ciebie z mi\u0142o\u015bci\u0105 i nadziej\u0105.<br>W.:&nbsp;Daj nam odczu\u0107 skutki Twej zbawiennej opieki.<br>M\u00f3dlmy si\u0119. Panie, Jezu Chryste, kt\u00f3ry b\u0119d\u0105c poddany Maryi i J\u00f3zefowi, u\u015bwi\u0119ci\u0142e\u015b \u017cycie rodzinne niewys\u0142owionymi cnotami, spraw, aby\u015bmy z pomoc\u0105 ich obojga na\u015bladowali przyk\u0142ady Twojej \u015awi\u0119tej Rodziny i obcowali z ni\u0105 w wieczno\u015bci. Kt\u00f3ry \u017cyjesz i kr\u00f3lujesz z Bogiem Ojcem i Duchem \u015awi\u0119tym, B\u00f3g przez wszystkie wieki wiek\u00f3w.&nbsp;Amen.<\/p>\n\n\n\n<p><strong>Modlitwa Jana Paw\u0142a II za rodziny<br><\/strong>Bo\u017ce, od kt\u00f3rego pochodzi wszelkie ojcostwo w niebie i na ziemi, Ojcze, kt\u00f3ry jeste\u015b Mi\u0142o\u015bci\u0105 i \u017cyciem \u2013 spraw, aby ka\u017cda ludzka rodzina na ziemi, przez Twego Syna, Jezusa Chrystusa narodzonego z Niewiasty, i przez Ducha \u015awi\u0119tego stawa\u0142a si\u0119 prawdziwym przybytkiem \u017cycia i mi\u0142o\u015bci dla coraz to nowych pokole\u0144.<br>Spraw, aby Twoja \u0142aska kierowa\u0142a my\u015bli i uczynki ma\u0142\u017conk\u00f3w ku dobru ich w\u0142asnych rodzin i wszystkich ludzi na \u015bwiecie.<br>Spraw, aby m\u0142ode pokolenie znajdowa\u0142o w rodzinach mocne oparcie dla swego cz\u0142owiecze\u0144stwa i jego rozwoju w prawdzie i mi\u0142o\u015bci.<br>Spraw, aby mi\u0142o\u015b\u0107 umacniana \u0142ask\u0105 Sakramentu Ma\u0142\u017ce\u0144stwa okazywa\u0142a si\u0119 mocniejsza od wszelkiej s\u0142abo\u015bci i kryzys\u00f3w, przez jakie nieraz przechodz\u0105 nasze rodziny.<br>Spraw wreszcie \u2013 b\u0142agamy Ci\u0119 o to za po\u015brednictwem \u015awi\u0119tej Rodziny z Nazaretu \u2013 a\u017ceby Ko\u015bci\u00f3\u0142 w\u015br\u00f3d wszystkich narod\u00f3w ziemi m\u00f3g\u0142 owocnie spe\u0142nia\u0107 swe pos\u0142annictwo w rodzinach i przez rodziny.<br>Przez Chrystusa Pana naszego, kt\u00f3ry jest Drog\u0105, Prawd\u0105 i \u017byciem na wieki wiek\u00f3w. Amen.<\/p>\n\n\n\n<p><strong>Akt po\u015bwi\u0119cenia si\u0119 rodziny Naj\u015bwi\u0119tszemu Sercu Jezusowemu<\/strong><br>Naj\u015bwi\u0119tsze Serce Jezusa, Zbawco nasz! Wiemy, \u017ce chcesz utwierdzi\u0107 kr\u00f3lestwo \u015bwi\u0119tej mi\u0142o\u015bci na ziemi. Chcesz dokona\u0107 tego przez rodziny, kt\u00f3re wprowadz\u0105 Ci\u0119 do dom\u00f3w swoich i zechc\u0105 kierowa\u0107 si\u0119 Twoim boskim prawem.<br>Do rodzin takich i my nale\u017ce\u0107 chcemy. Ciebie, Bo\u017ce Serce \u2013 mi\u0142o\u015bci odwieczna, uznajemy na zawsze g\u0142ow\u0105 naszej rodziny.<br>Poddajemy Twemu panowaniu nasz umys\u0142 przez \u017cyw\u0105 wiar\u0119; poddajemy wol\u0119 przez zachowanie Twoich przykaza\u0144.<br>\u201eKr\u00f3lestwo Bo\u017ce w nas jest\u201d. Przyrzekamy wi\u0119c strzec \u0142aski u\u015bwi\u0119caj\u0105cej i jednoczy\u0107 si\u0119 z Tob\u0105 w cz\u0119stej Komunii \u015bw.<br>Do\u0142o\u017cymy te\u017c wszelkich stara\u0144, aby kraj nasz by\u0142 prawdziwie Kr\u00f3lestwem Twoim i Twojej Matki.<br>Postanawiamy walczy\u0107 z grzechem, broni\u0107 nierozerwalno\u015bci i \u015bwi\u0119to\u015bci ma\u0142\u017ce\u0144stwa, strzec \u017cycia nienarodzonych, dba\u0107 skutecznie o pe\u0142ne wychowanie religijne m\u0142odzie\u017cy, walczy\u0107 z wadami naszymi, g\u0142\u00f3wnie z pija\u0144stwem, nieczysto\u015bci\u0105 i nieposzanowaniem dnia \u015bwi\u0119tego.<br>B\u0105d\u017a, dobry Jezu, kr\u00f3lem naszej rodziny i zjednoczeniem naszych serc.<br>B\u0105d\u017a z nami w pracy i odpoczynku. Dziel z nami i u\u015bwi\u0119caj dol\u0119 i niedol\u0119.<br>Spraw, aby kiedy\u015b ca\u0142a nasza rodzina na zawsze zjednoczona z Tob\u0105, wielbi\u0142a w niebie Twoj\u0105 mi\u0142o\u015b\u0107 i mi\u0142osierdzie.<br>Ten akt oddania si\u0119 Tobie ofiarujemy przez r\u0119ce Matki Twej Niepokalanej i przybranego ojca Twego, \u015bwi\u0119tego J\u00f3zefa.<br>Naj\u015bwi\u0119tsze Serce Jezusa, Przyjd\u017a Kr\u00f3lestwo Twoje. Amen.<\/p>\n","protected":false},"excerpt":{"rendered":"<p>Modlitwa ma\u0142\u017ce\u0144ska to wsp\u00f3lna modlitwa ma\u0142\u017conk\u00f3w, kt\u00f3rzy staj\u0105 w obecno\u015bci Boga, aby Go wsp\u00f3lnie wielbi\u0107, chwali\u0107, s\u0142ucha\u0107 i prosi\u0107 o \u0142ask\u0119 coraz g\u0142\u0119bszego prze\u017cywania sakramentu ma\u0142\u017ce\u0144stwa oraz o&nbsp;\u0142ask\u0119 s\u0142u\u017cenia Mu \u017cyciem zgodnym z Jego upodobaniem. MODLITWA ZA \u017bON\u0118 Dobry Bo\u017ce, dzi\u0119kuj\u0119 Ci za moj\u0105 \u017con\u0119. Dzi\u0119kuj\u0119 za jej mi\u0142o\u015b\u0107, kobieco\u015b\u0107, pi\u0119kno, wra\u017cliwo\u015b\u0107, widzenie spraw inaczej [&hellip;]<\/p>\n","protected":false},"author":1,"featured_media":0,"parent":0,"menu_order":0,"comment_status":"closed","ping_status":"closed","template":"","meta":{"footnotes":""},"class_list":["post-365","page","type-page","status-publish","hentry"],"_links":{"self":[{"href":"https:\/\/doradcyrodzinie.pl\/index.php\/wp-json\/wp\/v2\/pages\/365","targetHints":{"allow":["GET"]}}],"collection":[{"href":"https:\/\/doradcyrodzinie.pl\/index.php\/wp-json\/wp\/v2\/pages"}],"about":[{"href":"https:\/\/doradcyrodzinie.pl\/index.php\/wp-json\/wp\/v2\/types\/page"}],"author":[{"embeddable":true,"href":"https:\/\/doradcyrodzinie.pl\/index.php\/wp-json\/wp\/v2\/users\/1"}],"replies":[{"embeddable":true,"href":"https:\/\/doradcyrodzinie.pl\/index.php\/wp-json\/wp\/v2\/comments?post=365"}],"version-history":[{"count":2,"href":"https:\/\/doradcyrodzinie.pl\/index.php\/wp-json\/wp\/v2\/pages\/365\/revisions"}],"predecessor-version":[{"id":369,"href":"https:\/\/doradcyrodzinie.pl\/index.php\/wp-json\/wp\/v2\/pages\/365\/revisions\/369"}],"wp:attachment":[{"href":"https:\/\/doradcyrodzinie.pl\/index.php\/wp-json\/wp\/v2\/media?parent=365"}],"curies":[{"name":"wp","href":"https:\/\/api.w.org\/{rel}","templated":true}]}}