{"id":461,"date":"2022-10-09T16:08:29","date_gmt":"2022-10-09T16:08:29","guid":{"rendered":"http:\/\/doradcyrodzinie.pl\/?page_id=461"},"modified":"2022-10-17T20:18:42","modified_gmt":"2022-10-17T20:18:42","slug":"nasza-historia-2","status":"publish","type":"page","link":"https:\/\/doradcyrodzinie.pl\/index.php\/nasza-historia-2\/","title":{"rendered":"Nasza Historia"},"content":{"rendered":"\n<p><strong>HISTORIA PRZEMYSKIEGO ODDZIA\u0141U SMiO<\/strong><\/p>\n\n\n\n<p>W dniu 1 wrze\u015bnia 2001 r. w Kalwarii Pac\u0142awskiej odby\u0142o si\u0119 zebranie za\u0142o\u017cycielskie Oddzia\u0142u Przemyskiego Stowarzyszenia \u201eMi\u0142o\u015b\u0107 i Odpowiedzialno\u015b\u0107\u201d. W zebraniu udzia\u0142 wzi\u0119\u0142o 15 os\u00f3b. Wybrano Komitet Za\u0142o\u017cycielski i upowa\u017cniono go do czynno\u015bci zwi\u0105zanych z powo\u0142aniem Oddzia\u0142u.<\/p>\n\n\n\n<p>&nbsp;Oddzia\u0142 Przemyski Stowarzyszenia, obejmuje swoim dzia\u0142aniem teren Archidiecezji Przemyskiej.<\/p>\n\n\n\n<p>Cz\u0142onkami Stowarzyszenia s\u0105 Doradcy \u017bycia Rodzinnego<\/p>\n\n\n\n<p>2 pa\u017adziernika 2001 r. Zarz\u0105d G\u0142\u00f3wny Stowarzyszenia &#8222;Mi\u0142o\u015b\u0107 i Odpowiedzialno\u015b\u0107&#8221; podj\u0105\u0142 uchwa\u0142\u0119 o powo\u0142aniu Oddzia\u0142u Przemyskiego.<\/p>\n\n\n\n<p>4 listopada 2001 r. odby\u0142o si\u0119 pierwsze Walne Zebranie Oddzia\u0142u. Wzi\u0119\u0142o w nim udzia\u0142 22 doradc\u00f3w \u017cycia rodzinnego. Prezesem Oddzia\u0142u zosta\u0142a wybrana Janina Ko\u015bcielny.<\/p>\n\n\n\n<p>20 kwietnia 2002 r. Ks. Abp J\u00f3zef Michalik mianowa\u0142 Ks. dr. Mariana Kaszowskiego opiekunem duchowym Oddzia\u0142u. Obecnie funkcj\u0119 t\u0119 pe\u0142ni Ks. dr Marek Macha\u0142a.<\/p>\n\n\n\n<p>26 lutego 2013 r. S\u0105d Rejonowy w Rzeszowie XII Wydzia\u0142 Gospodarczy Krajowego Rejestru S\u0105dowego wpisa\u0142 Stowarzyszenie \u201eMi\u0142o\u015b\u0107 i Odpowiedzialno\u015b\u0107\u201d Oddzia\u0142 Przemyski do KRS pod nr KRS:0000452131. Uzyskali\u015bmy osobowo\u015b\u0107 prawn\u0105, zosta\u0142 nadany nr REGON 180955162 oraz NIP 7952527066.<\/p>\n\n\n\n<p>8 pa\u017adziernik 2022r., w dniu ostatniego Walnego Zebrania Oddzia\u0142u, liczba cz\u0142onk\u00f3w wynosi\u0142a 120 os\u00f3b.<\/p>\n\n\n\n<p>&nbsp;Wszyscy doradcy wchodz\u0105 w struktur\u0119 Stowarzyszenia, co daje podstawy prawne podejmowanych przez doradc\u0119 dzia\u0142a\u0144. Zarz\u0105d Oddzia\u0142u jest tak\u017ce organem doradczym dla Diecezjalnego O\u015brodka Duszpasterstwa Rodzin.<\/p>\n\n\n\n<p>\u00a0Sk\u0142ad Zarz\u0105du Oddzia\u0142u na okres 2022-2026:<\/p>\n\n\n\n<ol class=\"wp-block-list\" type=\"1\"><li>Ko\u015bcielny Janina &#8211; prezes<\/li><li>Mazur Piotr &#8211; wiceprezes<\/li><li>Wojdy\u0142o Anna &#8211; sekretarz<\/li><li>Mr\u00f3z-Ku\u017aniak Aneta &#8211; skarbnik<\/li><li>Kruczek Wioletta &#8211; cz\u0142onek<\/li><li>Mazur Teresa &#8211; cz\u0142onek<\/li><li>Choma Kamil &#8211; cz\u0142onek<\/li><\/ol>\n\n\n\n<p>Komisja Rewizyjna na okres 2022-2026:<\/p>\n\n\n\n<ol class=\"wp-block-list\"><li>Cienka Urszula<\/li><li>Pa\u0142ys Urszula<\/li><li>P\u0142osko\u0144 Marzena<\/li><\/ol>\n\n\n\n<p>S\u0105d kole\u017ce\u0144ski na okres 2022-2026:<\/p>\n\n\n\n<ol class=\"wp-block-list\"><li>Puchalik Janina<\/li><li>S\u0142otwi\u0144ska-Pl\u0119s Anna<\/li><li>Wa\u0144czycka-Koc\u00f3j Izabela<\/li><\/ol>\n\n\n\n<div data-wp-interactive=\"core\/file\" class=\"wp-block-file\"><object data-wp-bind--hidden=\"!state.hasPdfPreview\" hidden class=\"wp-block-file__embed\" data=\"https:\/\/doradcyrodzinie.pl\/wp-content\/uploads\/2022\/10\/STATUT_SMiO_z_dnia_06.07.2013r.pdf\" type=\"application\/pdf\" style=\"width:100%;height:230px\" aria-label=\"Osadzone z Osadzone z STATUT_SMiO_z_dnia_06.07.2013r..\"><\/object><a id=\"wp-block-file--media-e696c959-7615-4dfd-be7a-b56afc9bc20b\" href=\"https:\/\/doradcyrodzinie.pl\/wp-content\/uploads\/2022\/10\/STATUT_SMiO_z_dnia_06.07.2013r.pdf\">STATUT_SMiO_z_dnia_06.07.2013r<\/a><a href=\"https:\/\/doradcyrodzinie.pl\/wp-content\/uploads\/2022\/10\/STATUT_SMiO_z_dnia_06.07.2013r.pdf\" class=\"wp-block-file__button\" download aria-describedby=\"wp-block-file--media-e696c959-7615-4dfd-be7a-b56afc9bc20b\">Pobierz<\/a><\/div>\n","protected":false},"excerpt":{"rendered":"<p>HISTORIA PRZEMYSKIEGO ODDZIA\u0141U SMiO W dniu 1 wrze\u015bnia 2001 r. w Kalwarii Pac\u0142awskiej odby\u0142o si\u0119 zebranie za\u0142o\u017cycielskie Oddzia\u0142u Przemyskiego Stowarzyszenia \u201eMi\u0142o\u015b\u0107 i Odpowiedzialno\u015b\u0107\u201d. W zebraniu udzia\u0142 wzi\u0119\u0142o 15 os\u00f3b. Wybrano Komitet Za\u0142o\u017cycielski i upowa\u017cniono go do czynno\u015bci zwi\u0105zanych z powo\u0142aniem Oddzia\u0142u. &nbsp;Oddzia\u0142 Przemyski Stowarzyszenia, obejmuje swoim dzia\u0142aniem teren Archidiecezji Przemyskiej. Cz\u0142onkami Stowarzyszenia s\u0105 Doradcy \u017bycia [&hellip;]<\/p>\n","protected":false},"author":1,"featured_media":0,"parent":0,"menu_order":0,"comment_status":"closed","ping_status":"closed","template":"","meta":{"footnotes":""},"class_list":["post-461","page","type-page","status-publish","hentry"],"_links":{"self":[{"href":"https:\/\/doradcyrodzinie.pl\/index.php\/wp-json\/wp\/v2\/pages\/461","targetHints":{"allow":["GET"]}}],"collection":[{"href":"https:\/\/doradcyrodzinie.pl\/index.php\/wp-json\/wp\/v2\/pages"}],"about":[{"href":"https:\/\/doradcyrodzinie.pl\/index.php\/wp-json\/wp\/v2\/types\/page"}],"author":[{"embeddable":true,"href":"https:\/\/doradcyrodzinie.pl\/index.php\/wp-json\/wp\/v2\/users\/1"}],"replies":[{"embeddable":true,"href":"https:\/\/doradcyrodzinie.pl\/index.php\/wp-json\/wp\/v2\/comments?post=461"}],"version-history":[{"count":3,"href":"https:\/\/doradcyrodzinie.pl\/index.php\/wp-json\/wp\/v2\/pages\/461\/revisions"}],"predecessor-version":[{"id":495,"href":"https:\/\/doradcyrodzinie.pl\/index.php\/wp-json\/wp\/v2\/pages\/461\/revisions\/495"}],"wp:attachment":[{"href":"https:\/\/doradcyrodzinie.pl\/index.php\/wp-json\/wp\/v2\/media?parent=461"}],"curies":[{"name":"wp","href":"https:\/\/api.w.org\/{rel}","templated":true}]}}