{"id":76,"date":"2021-01-24T07:24:32","date_gmt":"2021-01-24T07:24:32","guid":{"rendered":"http:\/\/doradcyrodzinie.pl\/?page_id=76"},"modified":"2022-01-22T08:18:55","modified_gmt":"2022-01-22T08:18:55","slug":"poradnie-dekanalne","status":"publish","type":"page","link":"https:\/\/doradcyrodzinie.pl\/index.php\/poradnie-dekanalne\/","title":{"rendered":"Poradnie dekanalne"},"content":{"rendered":"\n<figure id=\"tablepress-23\" class=\"wp-block-table\"><table><thead><tr><th>DEKANAT<\/th><th>MIEJSCE PORADNI<\/th><th>KATECHEZA PRZED\u015aLUBNA<\/th><th>PORADY DLA MA\u0141\u017bONK\u00d3W<\/th><\/tr><\/thead><tbody><tr><td>Bircza<\/td><td>Bircza<\/td><td>1. niedziela<br>godz. 12.00<\/td><td>1. niedziela<br>godz. 13.00<\/td><\/tr><tr><td>B\u0142a\u017cowa<\/td><td>B\u0142a\u017cowa<\/td><td>2. wtorek<br>godz. 18.00<\/td><td>2. wtorek<br>godz. 18.00<\/td><\/tr><tr><td>Brzoz\u00f3w<\/td><td>Humniska &#8211; Krzy\u017c\u00f3wka<br><br><br>Brzoz\u00f3w<\/td><td>1. niedziela<br>godz. 14.00<br><br>2. niedziela<br>godz. 15.00<\/td><td>1. niedziela<br>godz. 14.00<br><br>2. niedziela<br>godz. 15.00<\/td><\/tr><tr><td>Domaradz<\/td><td>Blizne<\/td><td>1. niedziela<br>godz. 14.00<\/td><td>1. niedziela<br>godz. 14.00<\/td><\/tr><tr><td>Dubiecko<\/td><td>Dubiecko<\/td><td>1. niedziela<br>godz. 10.15<\/td><td>&#8211;<\/td><\/tr><tr><td>Dukla<\/td><td>Dukla<\/td><td>ostatni czwartek<br>godz. 18.00<\/td><td>ostatni poniedzia\u0142ek<br>godz. 19.00<\/td><\/tr><tr><td>Dyn\u00f3w<\/td><td>Dyn\u00f3w<\/td><td>2. niedziela<br>godz. 14.00<\/td><td>&#8211;<\/td><\/tr><tr><td>Grabownica<\/td><td>Grabownica<\/td><td>2. niedziela<br>godz. 14.00<\/td><td>2. niedziela<br>godz. 14.00<\/td><\/tr><tr><td>Ja\u0107mierz<\/td><td>Besko<\/td><td>1. poniedzia\u0142ek<br>godz. 17.00<\/td><td>1. poniedzia\u0142ek<br>godz. 17.00<\/td><\/tr><tr><td>Jaros\u0142aw I<\/td><td>Jaros\u0142aw &#8211; Kolegiata<br><br><br>Jaros\u0142aw &#8211; OO. Franciszkanie<\/td><td>2. sobota<br>godz. 15.30<br><br>2. czwartek<br>godz. 17.00<\/td><td>2. sobota<br>godz. 15.30<br><br>2. czwartek<br>godz. 17.00<\/td><\/tr><tr><td>Jaros\u0142aw II<\/td><td>Jaros\u0142aw &#8211; NMP Kr\u00f3lowej Polski<\/td><td>1. czwartek<br>godz. 19.00<\/td><td>wtorek<br>godz. 17.00<\/td><\/tr><tr><td>Jaros\u0142aw III<\/td><td>Sz\u00f3wsko<\/td><td>1. poniedzia\u0142ek<br>godz. 18.00<\/td><td>&#8211;<\/td><\/tr><tr><td>Kalwaria Pac\u0142awska<\/td><td>Grochowce<\/td><td>1. sobota<br>godz. 18.00<\/td><td>&#8211;<\/td><\/tr><tr><td>Ka\u0144czuga<\/td><td>Ka\u0144czuga<\/td><td>1. sobota<br>godz. 10.00<\/td><td>1. sobota<br>godz. 10.00<\/td><\/tr><tr><td>Krosno I<\/td><td>Krosno &#8211; Fara<br><br><br>Krosno &#8211; OO. Franciszkanie<\/td><td>2. niedziela<br>godz. 14.00<br><br>3. \u015broda<br>godz. 17.00<\/td><td>2. niedziela<br>godz. 14.0<br><br>&#8211;<\/td><\/tr><tr><td>Krosno II<\/td><td>Krosno &#8211; OO. Kapucyni<\/td><td>2. sobota<br>godz. 14.00<\/td><td>2. sobota<br>godz. 14.00<\/td><\/tr><tr><td>Krosno III<\/td><td>Krosno &#8211; \u015bw. Piotra i \u015bw. Jana<\/td><td>2. pi\u0105tek<br>godz. 18.00<\/td><td>2. pi\u0105tek<br>godz. 18.00<\/td><\/tr><tr><td>Lesko<\/td><td>Lesko<\/td><td>1. sobota<br>godz. 14.00<\/td><td>po zg\u0142. tel.<br>13 469 61 29<\/td><\/tr><tr><td>Le\u017cajsk I<\/td><td>Le\u017cajsk &#8211; Fara<br><br><br>D\u0119bno<\/td><td>2. czwartek<br>godz. 18.45<br><br>po zg\u0142. tel.<br>507 664 283<\/td><td>&#8211;<br><br><br>&#8211;<\/td><\/tr><tr><td>Le\u017cajsk II<\/td><td>Le\u017cajsk &#8211; OO. Bernardyni<\/td><td>2. pi\u0105tek<br>godz. 18.00<\/td><td>2. pi\u0105tek<br>godz. 18.00<\/td><\/tr><tr><td>Lutowiska<\/td><td>Czarna<\/td><td>2. sobota<br>godz. 14.30<\/td><td>2. sobota<br>godz. 13.30<\/td><\/tr><tr><td>\u0141a\u0144cut I<\/td><td>\u0141a\u0144cut &#8211; Fara<br><br><br>\u0141a\u0144cut &#8211; \u015bw. Micha\u0142a<\/td><td>3. niedziela<br>godz. 14.00<br><br><a href=\"http:\/\/lancutmichal.pl\/index.php\/katecheza-przedslubna\" rel=\"noreferrer noopener\" target=\"_blank\"><strong>www<\/strong><\/a><\/td><td>1. czwartek<br>godz. 17.00<br><br><a href=\"http:\/\/lancutmichal.pl\/index.php\/katecheza-przedslubna\" rel=\"noreferrer noopener\" target=\"_blank\"><strong>www<\/strong><\/a><\/td><\/tr><tr><td>\u0141a\u0144cut II<\/td><td>\u0141a\u0144cut &#8211; Podzwierzyniec<br><br><br>Kraczkowa<\/td><td>3. sobota<br>godz. 15.00<br><br>2. sobota<br>godz. 15.00<br>po zg\u0142. tel.<br>667 394 409<\/td><td>3. sobota<br>godz. 15.00<br><br>2. sobota<br>godz. 15.00<br>po zg\u0142. tel.<br>667 394 409<\/td><\/tr><tr><td>Miejsce Piastowe<\/td><td>Miejsce Piastowe<\/td><td>2. poniedzia\u0142ek<br>godz. 16.00<\/td><td>1. i 3. czwartek<br>godz. 16.00-18.00<\/td><\/tr><tr><td>Pruchnik<\/td><td>Pruchnik<\/td><td>3. niedziela<br>godz. 10.15<\/td><td>3. niedziela<br>godz. 10.15<\/td><\/tr><tr><td>Przemy\u015bl I<\/td><td>Przemy\u015bl &#8211; Archikatedra<\/td><td>1. poniedzia\u0142ek<br>godz. 17.00<\/td><td>1. poniedzia\u0142ek<br>godz. 17.00<\/td><\/tr><tr><td>Przemy\u015bl II<\/td><td>Przemy\u015bl &#8211; Salezjanie<\/td><td>2. czwartek<br>godz. 18.00<\/td><td>2. czwartek<br>godz. 18.00<\/td><\/tr><tr><td>Przemy\u015bl III<\/td><td>Przemy\u015bl &#8211; B\u0142onie<br><br><br>Kalnik\u00f3w<\/td><td>1. poniedzia\u0142ek<br>godz. 18.00<br><br>3. pi\u0105tek<br>godz. 17.00<br>po zg\u0142. tel.<br>609 816 627<\/td><td>1. poniedzia\u0142ek<br>godz. 18.00<br><br>3. pi\u0105tek<br>godz. 17.00<br>po zg\u0142. tel.<br>609 816 627<\/td><\/tr><tr><td>Przeworsk I<\/td><td>Przeworsk &#8211; Fara<br><br><br>Gniewczyna<\/td><td>1. poniedzia\u0142ek<br>godz. 16.00<br><br>2. sobota<br>godz. 18.00<\/td><td>1. poniedzia\u0142ek<br>godz. 17.00<br><br>&#8211;<\/td><\/tr><tr><td>Przeworsk II<\/td><td>Zarzecze<br><br><br>Przeworsk &#8211; OO. Bernardyni<\/td><td>1. \u015broda<br>po Mszy \u015bw. wieczornej<br><br>3. czwartek<br>godz. 17.30<\/td><td>1. \u015broda<br>po Mszy \u015bw. wieczornej<br><br>2. czwartek<br>godz. 17.00<\/td><\/tr><tr><td>Radymno I<\/td><td>Radymno<\/td><td>2. poniedzia\u0142ek<br>godz. 18.30<\/td><td>2. poniedzia\u0142ek<br>godz. 18.30<\/td><\/tr><tr><td>Radymno II<\/td><td>Mi\u0119kisz Stary<\/td><td>1. poniedzia\u0142ek<br>godz. 17.00<br>po zg\u0142. tel.<br>16 626 51 31<\/td><td>&#8211;<\/td><\/tr><tr><td>Ryman\u00f3w<\/td><td>Ryman\u00f3w<\/td><td>3. niedziela<br>godz. 14.00<\/td><td>3. niedziela<br>godz. 14.00<\/td><\/tr><tr><td>Rzeped\u017a<\/td><td>Tarnawa G\u00f3rna<\/td><td>2. \u015broda<br>godz. 17.00<\/td><td>2. \u015broda<br>godz. 17.00<\/td><\/tr><tr><td>Sanok I<\/td><td>Sanok &#8211; OO. Franciszkanie<\/td><td>1. poniedzia\u0142ek<br>godz. 17.00<\/td><td>&#8211;<\/td><\/tr><tr><td>Sanok II<\/td><td>Sanok &#8211; Posada<\/td><td>2. poniedzia\u0142ek<br>godz. 17.00<\/td><td>2. poniedzia\u0142ek<br>godz. 16.00<\/td><\/tr><tr><td>Sieniawa<\/td><td>Sieniawa<\/td><td>1. poniedzia\u0142ek<br>godz. 16.00<\/td><td>1. poniedzia\u0142ek<br>godz. 16.00<\/td><\/tr><tr><td>Solina<\/td><td>Myczk\u00f3w<\/td><td>po og\u0142. w dekanacie<\/td><td>&#8211;<\/td><\/tr><tr><td>Ustrzyki Dolne<\/td><td>Ustrzyki Dolne &#8211; \u015bw. J\u00f3zefa<\/td><td>ostatnia sobota<br>godz. 16.00<\/td><td>ostatnia sobota<br>godz. 16.00<\/td><\/tr><tr><td>\u017bo\u0142ynia<\/td><td>Brz\u00f3za Stadnicka<br><br><br>Rakszawa<\/td><td>1. poniedzia\u0142ek<br>godz. 18.00<br><br>tok indywidualny<br>po zg\u0142. tel.<br>609 515 489<\/td><td>&#8211;<br><br><br>&#8211;<\/td><\/tr><tr><td>\u017burawica<\/td><td>\u017burawica &#8211; ul. \u015bw. J\u00f3zefa 4<\/td><td>3. czwartek<br>godz. 18.00<\/td><td>3. czwartek<br>godz. 18.00<\/td><\/tr><\/tbody><\/table><\/figure>\n","protected":false},"excerpt":{"rendered":"<p>DEKANAT MIEJSCE PORADNI KATECHEZA PRZED\u015aLUBNA PORADY DLA MA\u0141\u017bONK\u00d3W Bircza Bircza 1. niedzielagodz. 12.00 1. niedzielagodz. 13.00 B\u0142a\u017cowa B\u0142a\u017cowa 2. wtorekgodz. 18.00 2. wtorekgodz. 18.00 Brzoz\u00f3w Humniska &#8211; Krzy\u017c\u00f3wka Brzoz\u00f3w 1. niedzielagodz. 14.00 2. niedzielagodz. 15.00 1. niedzielagodz. 14.00 2. niedzielagodz. 15.00 Domaradz Blizne 1. niedzielagodz. 14.00 1. niedzielagodz. 14.00 Dubiecko Dubiecko 1. niedzielagodz. 10.15 &#8211; [&hellip;]<\/p>\n","protected":false},"author":1,"featured_media":0,"parent":0,"menu_order":2,"comment_status":"closed","ping_status":"closed","template":"","meta":{"footnotes":""},"class_list":["post-76","page","type-page","status-publish","hentry"],"_links":{"self":[{"href":"https:\/\/doradcyrodzinie.pl\/index.php\/wp-json\/wp\/v2\/pages\/76","targetHints":{"allow":["GET"]}}],"collection":[{"href":"https:\/\/doradcyrodzinie.pl\/index.php\/wp-json\/wp\/v2\/pages"}],"about":[{"href":"https:\/\/doradcyrodzinie.pl\/index.php\/wp-json\/wp\/v2\/types\/page"}],"author":[{"embeddable":true,"href":"https:\/\/doradcyrodzinie.pl\/index.php\/wp-json\/wp\/v2\/users\/1"}],"replies":[{"embeddable":true,"href":"https:\/\/doradcyrodzinie.pl\/index.php\/wp-json\/wp\/v2\/comments?post=76"}],"version-history":[{"count":3,"href":"https:\/\/doradcyrodzinie.pl\/index.php\/wp-json\/wp\/v2\/pages\/76\/revisions"}],"predecessor-version":[{"id":252,"href":"https:\/\/doradcyrodzinie.pl\/index.php\/wp-json\/wp\/v2\/pages\/76\/revisions\/252"}],"wp:attachment":[{"href":"https:\/\/doradcyrodzinie.pl\/index.php\/wp-json\/wp\/v2\/media?parent=76"}],"curies":[{"name":"wp","href":"https:\/\/api.w.org\/{rel}","templated":true}]}}