{"id":79,"date":"2021-01-24T07:33:20","date_gmt":"2021-01-24T07:33:20","guid":{"rendered":"http:\/\/doradcyrodzinie.pl\/?page_id=79"},"modified":"2022-01-22T08:19:15","modified_gmt":"2022-01-22T08:19:15","slug":"poradnie-specjalistyczne","status":"publish","type":"page","link":"https:\/\/doradcyrodzinie.pl\/index.php\/poradnie-specjalistyczne\/","title":{"rendered":"Poradnie specjalistyczne"},"content":{"rendered":"\n<p>Katolickie Poradnie Specjalistyczne \u201eNazaret\u201d<br>s\u0142u\u017c\u0105 pomoc\u0105 w sytuacjach zwyczajnych i kryzysowych<br>napotykanych w \u017cyciu ma\u0142\u017ce\u0144skim i rodzinnym.<\/p>\n\n\n\n<p>\u015awieccy doradcy rodzinni pomagaj\u0105 przede wszystkim wiedz\u0105 z zakresu odpowiedzialnego rodzicielstwa.<br>Psychologowie udzielaj\u0105 wsparcia w sprawach trudno\u015bci osobistych i konflikt\u00f3w ma\u0142\u017ce\u0144sko-rodzinnych.<br>Pedagodzy wspieraj\u0105 rodzic\u00f3w poradami z zakresu funkcji wychowawczej rodziny.<br>Prawnicy pomagaj\u0105 udzielaj\u0105c porad prawnych w zakresie szeroko rozumianego prawa rodzinnego.<br>Kap\u0142ani wspieraj\u0105 w sferze moralno-duchowej poprzez porad\u0119 i modlitw\u0119.<\/p>\n\n\n\n<p><strong>Poradnie s\u0105 czynne od wrze\u015bnia do czerwca<\/strong>,<br>z wyj\u0105tkiem \u015bwi\u0105t ko\u015bcielnych, wakacji i ferii szkolnych.<\/p>\n\n\n\n<p><strong>Porady s\u0105 bezp\u0142atne<\/strong>.<\/p>\n\n\n\n<hr class=\"wp-block-separator\"\/>\n\n\n\n<h3 class=\"wp-block-heading\">PORADNIA RODZINNA<br>ul. ks. P. Skargi 6 (II pi\u0119tro)<br>37-700 <strong>PRZEMY\u015aL<\/strong><br>tel. 16 677 90 00<\/h3>\n\n\n\n<figure id=\"tablepress-20\" class=\"wp-block-table\"><table><tbody><tr><td>Psycholog, mediator<\/td><td>wtorek<\/td><td>16.00-18.00<\/td><\/tr><tr><td>Pedagog<\/td><td>poniedzia\u0142ek<\/td><td>16.00-18.00<\/td><\/tr><tr><td>Doradca rodzinny<\/td><td>\u015broda<br>czwartek<\/td><td>16.00-18.00<br>16.00-18.00<\/td><\/tr><tr><td>Doradca ds. choroby alkoholowej<\/td><td>3. poniedzia\u0142ek miesi\u0105ca<\/td><td>16.00-18.00<\/td><\/tr><tr><td>Ksi\u0105dz<\/td><td>czwartek<\/td><td>10.00-12.00<br>16.00-18.00<\/td><\/tr><tr><td>Prawnik<\/td><td>\u015broda<br>1. \u015broda miesi\u0105ca<\/td><td>17.00-19.00<br>12.00-14.00<\/td><\/tr><\/tbody><\/table><\/figure>\n\n\n\n<hr class=\"wp-block-separator\"\/>\n\n\n\n<h3 class=\"wp-block-heading\">PORADNIA RODZINNA<br>ul. 3 Maja 12 (przy ko\u015bciele pw. NMP Kr\u00f3lowej Polski)<br>37-500 <strong>JAROS\u0141AW<\/strong><br>kom. 796 377 504<\/h3>\n\n\n\n<figure id=\"tablepress-21\" class=\"wp-block-table\"><table><tbody><tr><td>Psycholog<\/td><td>poniedzia\u0142ek<\/td><td>16.00-17.00<\/td><\/tr><tr><td>Pedagog<\/td><td>poniedzia\u0142ek<\/td><td>17.30-18.30<\/td><\/tr><tr><td>Doradca rodzinny<\/td><td>wtorek<\/td><td>17.00-18.00<\/td><\/tr><tr><td>Instrukton Creighton (problemy z p\u0142odno\u015bci\u0105)<\/td><td>3. wtorek miesi\u0105ca<\/td><td>18.00-19.00<\/td><\/tr><tr><td>Ksi\u0105dz<\/td><td>2. wtorek miesi\u0105ca<\/td><td>15.00-16.00<\/td><\/tr><tr><td>Prawnik<\/td><td>2. i 4. pi\u0105tek miesi\u0105ca<\/td><td>18.15-19.15<\/td><\/tr><\/tbody><\/table><\/figure>\n\n\n\n<hr class=\"wp-block-separator\"\/>\n\n\n\n<h3 class=\"wp-block-heading\">PORADNIA RODZINNA<br>ul. Franciszka\u0144ska 7<br>38-500 <strong>SANOK<br><\/strong>kom. 786 849 668<\/h3>\n\n\n\n<figure id=\"tablepress-22\" class=\"wp-block-table\"><table><tbody><tr><td>Psycholog<\/td><td>wtorek<\/td><td>17.00-19.00<\/td><\/tr><tr><td>Pedagog<\/td><td>poniedzia\u0142ek<\/td><td>17.00-19.00<\/td><\/tr><tr><td>Doradca rodzinny<\/td><td>czwartek<\/td><td>17.00-19.00<\/td><\/tr><tr><td>Ksi\u0105dz<\/td><td>wtorek<br>\u015broda<\/td><td>10.00-12.00<br>16.00-17.00<\/td><\/tr><tr><td>Prawnik<\/td><td>\u015broda<\/td><td>17.00-19.00<\/td><\/tr><\/tbody><\/table><\/figure>\n","protected":false},"excerpt":{"rendered":"<p>Katolickie Poradnie Specjalistyczne \u201eNazaret\u201ds\u0142u\u017c\u0105 pomoc\u0105 w sytuacjach zwyczajnych i kryzysowychnapotykanych w \u017cyciu ma\u0142\u017ce\u0144skim i rodzinnym. \u015awieccy doradcy rodzinni pomagaj\u0105 przede wszystkim wiedz\u0105 z zakresu odpowiedzialnego rodzicielstwa.Psychologowie udzielaj\u0105 wsparcia w sprawach trudno\u015bci osobistych i konflikt\u00f3w ma\u0142\u017ce\u0144sko-rodzinnych.Pedagodzy wspieraj\u0105 rodzic\u00f3w poradami z zakresu funkcji wychowawczej rodziny.Prawnicy pomagaj\u0105 udzielaj\u0105c porad prawnych w zakresie szeroko rozumianego prawa rodzinnego.Kap\u0142ani wspieraj\u0105 w [&hellip;]<\/p>\n","protected":false},"author":1,"featured_media":0,"parent":0,"menu_order":1,"comment_status":"closed","ping_status":"closed","template":"","meta":{"footnotes":""},"class_list":["post-79","page","type-page","status-publish","hentry"],"_links":{"self":[{"href":"https:\/\/doradcyrodzinie.pl\/index.php\/wp-json\/wp\/v2\/pages\/79","targetHints":{"allow":["GET"]}}],"collection":[{"href":"https:\/\/doradcyrodzinie.pl\/index.php\/wp-json\/wp\/v2\/pages"}],"about":[{"href":"https:\/\/doradcyrodzinie.pl\/index.php\/wp-json\/wp\/v2\/types\/page"}],"author":[{"embeddable":true,"href":"https:\/\/doradcyrodzinie.pl\/index.php\/wp-json\/wp\/v2\/users\/1"}],"replies":[{"embeddable":true,"href":"https:\/\/doradcyrodzinie.pl\/index.php\/wp-json\/wp\/v2\/comments?post=79"}],"version-history":[{"count":3,"href":"https:\/\/doradcyrodzinie.pl\/index.php\/wp-json\/wp\/v2\/pages\/79\/revisions"}],"predecessor-version":[{"id":253,"href":"https:\/\/doradcyrodzinie.pl\/index.php\/wp-json\/wp\/v2\/pages\/79\/revisions\/253"}],"wp:attachment":[{"href":"https:\/\/doradcyrodzinie.pl\/index.php\/wp-json\/wp\/v2\/media?parent=79"}],"curies":[{"name":"wp","href":"https:\/\/api.w.org\/{rel}","templated":true}]}}